{"id":1259,"date":"2025-12-02T15:38:37","date_gmt":"2025-12-02T18:38:37","guid":{"rendered":"https:\/\/ptbr.idor.org\/?page_id=1259"},"modified":"2026-02-26T12:33:30","modified_gmt":"2026-02-26T15:33:30","slug":"areas-de-ensino","status":"publish","type":"page","link":"https:\/\/www.rededorsaoluiz.com.br\/instituto\/idor\/ensino\/areas-de-ensino\/","title":{"rendered":"\u00c1reas de Ensino"},"content":{"rendered":"\t\t<div data-elementor-type=\"wp-page\" data-elementor-id=\"1259\" class=\"elementor elementor-1259\" data-elementor-post-type=\"page\">\n\t\t\t\t<div class=\"elementor-element elementor-element-d1184e1 e-flex e-con-boxed e-con e-parent\" data-id=\"d1184e1\" data-element_type=\"container\" data-settings=\"{&quot;background_background&quot;:&quot;classic&quot;}\">\n\t\t\t\t\t<div class=\"e-con-inner\">\n\t\t\t\t<div class=\"elementor-element elementor-element-b633e75 elementor-widget elementor-widget-title-idor\" data-id=\"b633e75\" data-element_type=\"widget\" data-widget_type=\"title-idor.default\">\n\t\t\t\t<div class=\"elementor-widget-container\">\n\t\t\t\t\t        <div class=\"title-idor-widget\">\n            <h2 class=\"title\">\u00c1reas de Ensino<\/h2>\n        <\/div>\n        \t\t\t\t<\/div>\n\t\t\t\t<\/div>\n\t\t\t\t<div class=\"elementor-element elementor-element-2f544c9 elementor-widget elementor-widget-texto\" data-id=\"2f544c9\" data-element_type=\"widget\" data-widget_type=\"texto.default\">\n\t\t\t\t<div class=\"elementor-widget-container\">\n\t\t\t\t\t        <div class=\"texto-widget\">\n            <p>Em busca da forma\u00e7\u00e3o e do aperfei\u00e7oamento de recursos humanos em sa\u00fade.<\/p>        <\/div>\n        \t\t\t\t<\/div>\n\t\t\t\t<\/div>\n\t\t\t\t\t<\/div>\n\t\t\t\t<\/div>\n\t\t<div class=\"elementor-element elementor-element-5f7644f e-flex e-con-boxed e-con e-parent\" data-id=\"5f7644f\" data-element_type=\"container\">\n\t\t\t\t\t<div class=\"e-con-inner\">\n\t\t\t\t<div class=\"elementor-element elementor-element-7447c04 elementor-widget elementor-widget-texto\" data-id=\"7447c04\" data-element_type=\"widget\" data-widget_type=\"texto.default\">\n\t\t\t\t<div class=\"elementor-widget-container\">\n\t\t\t\t\t        <div class=\"texto-widget\">\n            <p>Uma institui\u00e7\u00e3o que produz conhecimento precisa encontrar formas de entreg\u00e1-lo \u00e0 sociedade. Al\u00e9m das publica\u00e7\u00f5es cient\u00edficas que fundamentam pr\u00e1ticas cl\u00ednicas e outras interven\u00e7\u00f5es em sa\u00fade, uma forma que o IDOR encontrou de fazer isto \u00e9 formar profissionais qualificados. Assim, o Instituto atua em diferentes n\u00edveis, que v\u00e3o desde a gradua\u00e7\u00e3o at\u00e9 o doutorado, passando por cursos de extens\u00e3o, p\u00f3s-gradua\u00e7\u00e3o lato sensu, resid\u00eancia m\u00e9dica e multiprofissional, entre outros. <br \/><br \/>As atividades de ensino est\u00e3o concentradas sob a atua\u00e7\u00e3o da Faculdade IDOR de Ci\u00eancias M\u00e9dicas, cuja cria\u00e7\u00e3o foi aprovada pelo Minist\u00e9rio da Educa\u00e7\u00e3o (MEC) em 2017. Atualmente, os cursos funcionam na sede do IDOR em Botafogo, com treinamento pr\u00e1tico dos alunos em hospitais da RDSL. Em breve, a Faculdade ser\u00e1 instalada junto ao hospital Gl\u00f3ria D\u2019Or, em um complexo arquitet\u00f4nico hist\u00f3rico no cora\u00e7\u00e3o do Rio de Janeiro.<\/p>        <\/div>\n        \t\t\t\t<\/div>\n\t\t\t\t<\/div>\n\t\t\t\t<div class=\"elementor-element elementor-element-4d14be9 elementor-widget elementor-widget-shortcode\" data-id=\"4d14be9\" data-element_type=\"widget\" data-widget_type=\"shortcode.default\">\n\t\t\t\t\t\t\t<div class=\"elementor-shortcode\">\n<div class=\"lista-tipo-cursos\">\n        <div class=\"conteudo row\" id=\"posts-server-side\">\n                <div class=\"col-md-3 col-12 mb-5\">\n            <div class=\"link-post\">\n                <a href=\"https:\/\/www.rededorsaoluiz.com.br\/instituto\/idor\/tipo_cursos\/graduacao\/\">\n                    <div class=\"card-thumb\">\n                        <img decoding=\"async\" src=\"https:\/\/www.rededorsaoluiz.com.br\/instituto\/idor\/wp-content\/uploads\/2025\/12\/Graduacao-1.jpg\" \n                        alt=\"imagem de Gradua\u00e7\u00e3o\" \/>\n                    <\/div>\n                <\/a>\n                <div class=\"card-content\">\n                    <a href=\"https:\/\/www.rededorsaoluiz.com.br\/instituto\/idor\/tipo_cursos\/graduacao\/\">\n                        <h3>Gradua\u00e7\u00e3o<\/h3>\n                    <\/a>\n                <\/div>\n            <\/div>\n        <\/div>\n                <div class=\"col-md-3 col-12 mb-5\">\n            <div class=\"link-post\">\n                <a href=\"https:\/\/www.rededorsaoluiz.com.br\/instituto\/idor\/tipo_cursos\/pos-graduacao-e-mba\/\">\n                    <div class=\"card-thumb\">\n                        <img decoding=\"async\" src=\"https:\/\/www.rededorsaoluiz.com.br\/instituto\/idor\/wp-content\/uploads\/2025\/12\/Pos-Graduacao-e-MBA-1.jpg\" \n                        alt=\"imagem de P\u00f3s-Gradua\u00e7\u00e3o e MBA\" \/>\n                    <\/div>\n                <\/a>\n                <div class=\"card-content\">\n                    <a href=\"https:\/\/www.rededorsaoluiz.com.br\/instituto\/idor\/tipo_cursos\/pos-graduacao-e-mba\/\">\n                        <h3>P\u00f3s-Gradua\u00e7\u00e3o e MBA<\/h3>\n                    <\/a>\n                <\/div>\n            <\/div>\n        <\/div>\n                <div class=\"col-md-3 col-12 mb-5\">\n            <div class=\"link-post\">\n                <a href=\"https:\/\/www.rededorsaoluiz.com.br\/instituto\/idor\/tipo_cursos\/extensao\/\">\n                    <div class=\"card-thumb\">\n                        <img decoding=\"async\" src=\"https:\/\/www.rededorsaoluiz.com.br\/instituto\/idor\/wp-content\/uploads\/2025\/12\/Cursos-de-Curta-e-Media-Duracao-1.jpg\" \n                        alt=\"imagem de Cursos de Curta e M\u00e9dia Dura\u00e7\u00e3o\" \/>\n                    <\/div>\n                <\/a>\n                <div class=\"card-content\">\n                    <a href=\"https:\/\/www.rededorsaoluiz.com.br\/instituto\/idor\/tipo_cursos\/extensao\/\">\n                        <h3>Cursos de Curta e M\u00e9dia Dura\u00e7\u00e3o<\/h3>\n                    <\/a>\n                <\/div>\n            <\/div>\n        <\/div>\n                <div class=\"col-md-3 col-12 mb-5\">\n            <div class=\"link-post\">\n                <a href=\"https:\/\/www.rededorsaoluiz.com.br\/instituto\/idor\/tipo_cursos\/treinamento-em-servico\/\">\n                    <div class=\"card-thumb\">\n                        <img decoding=\"async\" src=\"https:\/\/www.rededorsaoluiz.com.br\/instituto\/idor\/wp-content\/uploads\/2025\/12\/Treinamento-em-Servico-1.jpg\" \n                        alt=\"imagem de Treinamento em Servi\u00e7o\" \/>\n                    <\/div>\n                <\/a>\n                <div class=\"card-content\">\n                    <a href=\"https:\/\/www.rededorsaoluiz.com.br\/instituto\/idor\/tipo_cursos\/treinamento-em-servico\/\">\n                        <h3>Treinamento em Servi\u00e7o<\/h3>\n                    <\/a>\n                <\/div>\n            <\/div>\n        <\/div>\n                <div class=\"col-md-3 col-12 mb-5\">\n            <div class=\"link-post\">\n                <a href=\"https:\/\/www.rededorsaoluiz.com.br\/instituto\/idor\/tipo_cursos\/residencia\/\">\n                    <div class=\"card-thumb\">\n                        <img decoding=\"async\" src=\"https:\/\/www.rededorsaoluiz.com.br\/instituto\/idor\/wp-content\/uploads\/2025\/12\/Residencia-1.jpg\" \n                        alt=\"imagem de Resid\u00eancia\" \/>\n                    <\/div>\n                <\/a>\n                <div class=\"card-content\">\n                    <a href=\"https:\/\/www.rededorsaoluiz.com.br\/instituto\/idor\/tipo_cursos\/residencia\/\">\n                        <h3>Resid\u00eancia<\/h3>\n                    <\/a>\n                <\/div>\n            <\/div>\n        <\/div>\n                <div class=\"col-md-3 col-12 mb-5\">\n            <div class=\"link-post\">\n                <a href=\"https:\/\/www.rededorsaoluiz.com.br\/instituto\/idor\/tipo_cursos\/cursos-de-ferias\/\">\n                    <div class=\"card-thumb\">\n                        <img decoding=\"async\" src=\"https:\/\/www.rededorsaoluiz.com.br\/instituto\/idor\/wp-content\/uploads\/2025\/12\/Cursos-de-Ferias-1.jpg\" \n                        alt=\"imagem de Cursos de F\u00e9rias\" \/>\n                    <\/div>\n                <\/a>\n                <div class=\"card-content\">\n                    <a href=\"https:\/\/www.rededorsaoluiz.com.br\/instituto\/idor\/tipo_cursos\/cursos-de-ferias\/\">\n                        <h3>Cursos de F\u00e9rias<\/h3>\n                    <\/a>\n                <\/div>\n            <\/div>\n        <\/div>\n                <div class=\"col-md-3 col-12 mb-5\">\n            <div class=\"link-post\">\n                <a href=\"https:\/\/www.rededorsaoluiz.com.br\/instituto\/idor\/tipo_cursos\/escola-tecnica-idor\/\">\n                    <div class=\"card-thumb\">\n                        <img decoding=\"async\" src=\"https:\/\/www.rededorsaoluiz.com.br\/instituto\/idor\/wp-content\/uploads\/2025\/12\/IDOR-Escola-Tecnica-1.jpg\" \n                        alt=\"imagem de IDOR Escola T\u00e9cnica\" \/>\n                    <\/div>\n                <\/a>\n                <div class=\"card-content\">\n                    <a href=\"https:\/\/www.rededorsaoluiz.com.br\/instituto\/idor\/tipo_cursos\/escola-tecnica-idor\/\">\n                        <h3>IDOR Escola T\u00e9cnica<\/h3>\n                    <\/a>\n                <\/div>\n            <\/div>\n        <\/div>\n                <div class=\"col-md-3 col-12 mb-5\">\n            <div class=\"link-post\">\n                <a href=\"https:\/\/www.rededorsaoluiz.com.br\/instituto\/idor\/tipo_cursos\/doutorado\/\">\n                    <div class=\"card-thumb\">\n                        <img decoding=\"async\" src=\"https:\/\/www.rededorsaoluiz.com.br\/instituto\/idor\/wp-content\/uploads\/2025\/12\/banner-doutorado.jpg\" \n                        alt=\"imagem de Doutorado\" \/>\n                    <\/div>\n                <\/a>\n                <div class=\"card-content\">\n                    <a href=\"https:\/\/www.rededorsaoluiz.com.br\/instituto\/idor\/tipo_cursos\/doutorado\/\">\n                        <h3>Doutorado<\/h3>\n                    <\/a>\n                <\/div>\n            <\/div>\n        <\/div>\n                <div class=\"col-md-3 col-12 mb-5\">\n            <div class=\"link-post\">\n                <a href=\"https:\/\/www.rededorsaoluiz.com.br\/instituto\/idor\/tipo_cursos\/mestrado\/\">\n                    <div class=\"card-thumb\">\n                        <img decoding=\"async\" src=\"https:\/\/www.rededorsaoluiz.com.br\/instituto\/idor\/wp-content\/uploads\/2025\/12\/mestrado-1.jpg\" \n                        alt=\"imagem de Mestrado\" \/>\n                    <\/div>\n                <\/a>\n                <div class=\"card-content\">\n                    <a href=\"https:\/\/www.rededorsaoluiz.com.br\/instituto\/idor\/tipo_cursos\/mestrado\/\">\n                        <h3>Mestrado<\/h3>\n                    <\/a>\n                <\/div>\n            <\/div>\n        <\/div>\n                <div class=\"col-md-3 col-12 mb-5\">\n            <div class=\"link-post\">\n                <a href=\"https:\/\/www.rededorsaoluiz.com.br\/instituto\/idor\/tipo_cursos\/estagio-academico\/\">\n                    <div class=\"card-thumb\">\n                        <img decoding=\"async\" src=\"https:\/\/www.rededorsaoluiz.com.br\/instituto\/idor\/wp-content\/uploads\/2025\/12\/banner-estagio-3.png\" \n                        alt=\"imagem de Est\u00e1gio Acad\u00eamico\" \/>\n                    <\/div>\n                <\/a>\n                <div class=\"card-content\">\n                    <a href=\"https:\/\/www.rededorsaoluiz.com.br\/instituto\/idor\/tipo_cursos\/estagio-academico\/\">\n                        <h3>Est\u00e1gio Acad\u00eamico<\/h3>\n                    <\/a>\n                <\/div>\n            <\/div>\n        <\/div>\n                <div class=\"col-md-3 col-12 mb-5\">\n            <div class=\"link-post\">\n                <a href=\"https:\/\/www.rededorsaoluiz.com.br\/instituto\/idor\/tipo_cursos\/aperfeicoamento\/\">\n                    <div class=\"card-thumb\">\n                        <img decoding=\"async\" src=\"https:\/\/www.rededorsaoluiz.com.br\/instituto\/idor\/wp-content\/uploads\/2025\/12\/Programa-de-Aperfeicoamento-Pratico-IDORRede-DOr-1.jpg\" \n                        alt=\"imagem de Programa de Aperfei\u00e7oamento Pr\u00e1tico IDOR\/Rede D\u2019Or\" \/>\n                    <\/div>\n                <\/a>\n                <div class=\"card-content\">\n                    <a href=\"https:\/\/www.rededorsaoluiz.com.br\/instituto\/idor\/tipo_cursos\/aperfeicoamento\/\">\n                        <h3>Programa de Aperfei\u00e7oamento Pr\u00e1tico IDOR\/Rede D\u2019Or<\/h3>\n                    <\/a>\n                <\/div>\n            <\/div>\n        <\/div>\n            <\/div>\n\n\n    <\/div><\/div>\n\t\t\t\t\t\t<\/div>\n\t\t\t\t\t<\/div>\n\t\t\t\t<\/div>\n\t\t\t\t<\/div>\n\t\t","protected":false},"excerpt":{"rendered":"<p>\u00c1reas de Ensino Em busca da forma\u00e7\u00e3o e do aperfei\u00e7oamento de recursos humanos em sa\u00fade. Uma institui\u00e7\u00e3o que produz conhecimento precisa encontrar formas de entreg\u00e1-lo \u00e0 sociedade. Al\u00e9m das publica\u00e7\u00f5es cient\u00edficas que fundamentam pr\u00e1ticas cl\u00ednicas e outras interven\u00e7\u00f5es em sa\u00fade, uma forma que o IDOR encontrou de fazer isto \u00e9 formar profissionais qualificados. Assim, o [&hellip;]<\/p>\n","protected":false},"author":1,"featured_media":0,"parent":339,"menu_order":0,"comment_status":"closed","ping_status":"closed","template":"","meta":{"_acf_changed":false,"footnotes":""},"class_list":["post-1259","page","type-page","status-publish","hentry"],"acf":[],"yoast_head":"<!-- This site is optimized with the Yoast SEO plugin v27.3 - https:\/\/yoast.com\/product\/yoast-seo-wordpress\/ -->\n<title>\u00c1reas de Ensino - IDOR - Instituto D&#039;Or de Pesquisa e Ensino<\/title>\n<link rel=\"canonical\" href=\"https:\/\/ptbr.idor.org\/ensino\/areas-de-ensino\/\" \/>\n<meta property=\"og:locale\" content=\"pt_BR\" \/>\n<meta property=\"og:type\" content=\"article\" \/>\n<meta property=\"og:title\" content=\"\u00c1reas de Ensino - IDOR - Instituto D&#039;Or de Pesquisa e Ensino\" \/>\n<meta property=\"og:description\" content=\"\u00c1reas de Ensino Em busca da forma\u00e7\u00e3o e do aperfei\u00e7oamento de recursos humanos em sa\u00fade. Uma institui\u00e7\u00e3o que produz conhecimento precisa encontrar formas de entreg\u00e1-lo \u00e0 sociedade. Al\u00e9m das publica\u00e7\u00f5es cient\u00edficas que fundamentam pr\u00e1ticas cl\u00ednicas e outras interven\u00e7\u00f5es em sa\u00fade, uma forma que o IDOR encontrou de fazer isto \u00e9 formar profissionais qualificados. Assim, o [&hellip;]\" \/>\n<meta property=\"og:url\" content=\"https:\/\/ptbr.idor.org\/ensino\/areas-de-ensino\/\" \/>\n<meta property=\"og:site_name\" content=\"IDOR - Instituto D&#039;Or de Pesquisa e Ensino\" \/>\n<meta property=\"article:modified_time\" content=\"2026-02-26T15:33:30+00:00\" \/>\n<meta name=\"twitter:card\" content=\"summary_large_image\" \/>\n<meta name=\"twitter:label1\" content=\"Est. tempo de leitura\" \/>\n\t<meta name=\"twitter:data1\" content=\"1 minuto\" \/>\n<script type=\"application\/ld+json\" class=\"yoast-schema-graph\">{\"@context\":\"https:\\\/\\\/schema.org\",\"@graph\":[{\"@type\":\"WebPage\",\"@id\":\"https:\\\/\\\/ptbr.idor.org\\\/ensino\\\/areas-de-ensino\\\/\",\"url\":\"https:\\\/\\\/ptbr.idor.org\\\/ensino\\\/areas-de-ensino\\\/\",\"name\":\"\u00c1reas de Ensino - IDOR - Instituto D&#039;Or de Pesquisa e Ensino\",\"isPartOf\":{\"@id\":\"https:\\\/\\\/ptbr.idor.org\\\/#website\"},\"datePublished\":\"2025-12-02T18:38:37+00:00\",\"dateModified\":\"2026-02-26T15:33:30+00:00\",\"breadcrumb\":{\"@id\":\"https:\\\/\\\/ptbr.idor.org\\\/ensino\\\/areas-de-ensino\\\/#breadcrumb\"},\"inLanguage\":\"pt-BR\",\"potentialAction\":[{\"@type\":\"ReadAction\",\"target\":[\"https:\\\/\\\/ptbr.idor.org\\\/ensino\\\/areas-de-ensino\\\/\"]}]},{\"@type\":\"BreadcrumbList\",\"@id\":\"https:\\\/\\\/ptbr.idor.org\\\/ensino\\\/areas-de-ensino\\\/#breadcrumb\",\"itemListElement\":[{\"@type\":\"ListItem\",\"position\":1,\"name\":\"In\u00edcio\",\"item\":\"https:\\\/\\\/ptbr.idor.org\\\/\"},{\"@type\":\"ListItem\",\"position\":2,\"name\":\"Ensino\",\"item\":\"https:\\\/\\\/ptbr.idor.org\\\/ensino\\\/\"},{\"@type\":\"ListItem\",\"position\":3,\"name\":\"\u00c1reas de Ensino\"}]},{\"@type\":\"WebSite\",\"@id\":\"https:\\\/\\\/ptbr.idor.org\\\/#website\",\"url\":\"https:\\\/\\\/ptbr.idor.org\\\/\",\"name\":\"IDOR - Instituto D&#039;Or de Pesquisa e Ensino\",\"description\":\"\",\"potentialAction\":[{\"@type\":\"SearchAction\",\"target\":{\"@type\":\"EntryPoint\",\"urlTemplate\":\"https:\\\/\\\/ptbr.idor.org\\\/?s={search_term_string}\"},\"query-input\":{\"@type\":\"PropertyValueSpecification\",\"valueRequired\":true,\"valueName\":\"search_term_string\"}}],\"inLanguage\":\"pt-BR\"}]}<\/script>\n<!-- \/ Yoast SEO plugin. -->","yoast_head_json":{"title":"\u00c1reas de Ensino - IDOR - Instituto D&#039;Or de Pesquisa e Ensino","canonical":"https:\/\/ptbr.idor.org\/ensino\/areas-de-ensino\/","og_locale":"pt_BR","og_type":"article","og_title":"\u00c1reas de Ensino - IDOR - Instituto D&#039;Or de Pesquisa e Ensino","og_description":"\u00c1reas de Ensino Em busca da forma\u00e7\u00e3o e do aperfei\u00e7oamento de recursos humanos em sa\u00fade. Uma institui\u00e7\u00e3o que produz conhecimento precisa encontrar formas de entreg\u00e1-lo \u00e0 sociedade. Al\u00e9m das publica\u00e7\u00f5es cient\u00edficas que fundamentam pr\u00e1ticas cl\u00ednicas e outras interven\u00e7\u00f5es em sa\u00fade, uma forma que o IDOR encontrou de fazer isto \u00e9 formar profissionais qualificados. Assim, o [&hellip;]","og_url":"https:\/\/ptbr.idor.org\/ensino\/areas-de-ensino\/","og_site_name":"IDOR - Instituto D&#039;Or de Pesquisa e Ensino","article_modified_time":"2026-02-26T15:33:30+00:00","twitter_card":"summary_large_image","twitter_misc":{"Est. tempo de leitura":"1 minuto"},"schema":{"@context":"https:\/\/schema.org","@graph":[{"@type":"WebPage","@id":"https:\/\/ptbr.idor.org\/ensino\/areas-de-ensino\/","url":"https:\/\/ptbr.idor.org\/ensino\/areas-de-ensino\/","name":"\u00c1reas de Ensino - IDOR - Instituto D&#039;Or de Pesquisa e Ensino","isPartOf":{"@id":"https:\/\/ptbr.idor.org\/#website"},"datePublished":"2025-12-02T18:38:37+00:00","dateModified":"2026-02-26T15:33:30+00:00","breadcrumb":{"@id":"https:\/\/ptbr.idor.org\/ensino\/areas-de-ensino\/#breadcrumb"},"inLanguage":"pt-BR","potentialAction":[{"@type":"ReadAction","target":["https:\/\/ptbr.idor.org\/ensino\/areas-de-ensino\/"]}]},{"@type":"BreadcrumbList","@id":"https:\/\/ptbr.idor.org\/ensino\/areas-de-ensino\/#breadcrumb","itemListElement":[{"@type":"ListItem","position":1,"name":"In\u00edcio","item":"https:\/\/ptbr.idor.org\/"},{"@type":"ListItem","position":2,"name":"Ensino","item":"https:\/\/ptbr.idor.org\/ensino\/"},{"@type":"ListItem","position":3,"name":"\u00c1reas de Ensino"}]},{"@type":"WebSite","@id":"https:\/\/ptbr.idor.org\/#website","url":"https:\/\/ptbr.idor.org\/","name":"IDOR - Instituto D&#039;Or de Pesquisa e Ensino","description":"","potentialAction":[{"@type":"SearchAction","target":{"@type":"EntryPoint","urlTemplate":"https:\/\/ptbr.idor.org\/?s={search_term_string}"},"query-input":{"@type":"PropertyValueSpecification","valueRequired":true,"valueName":"search_term_string"}}],"inLanguage":"pt-BR"}]}},"_links":{"self":[{"href":"https:\/\/www.rededorsaoluiz.com.br\/instituto\/idor\/wp-json\/wp\/v2\/pages\/1259","targetHints":{"allow":["GET"]}}],"collection":[{"href":"https:\/\/www.rededorsaoluiz.com.br\/instituto\/idor\/wp-json\/wp\/v2\/pages"}],"about":[{"href":"https:\/\/www.rededorsaoluiz.com.br\/instituto\/idor\/wp-json\/wp\/v2\/types\/page"}],"author":[{"embeddable":true,"href":"https:\/\/www.rededorsaoluiz.com.br\/instituto\/idor\/wp-json\/wp\/v2\/users\/1"}],"replies":[{"embeddable":true,"href":"https:\/\/www.rededorsaoluiz.com.br\/instituto\/idor\/wp-json\/wp\/v2\/comments?post=1259"}],"version-history":[{"count":18,"href":"https:\/\/www.rededorsaoluiz.com.br\/instituto\/idor\/wp-json\/wp\/v2\/pages\/1259\/revisions"}],"predecessor-version":[{"id":16711,"href":"https:\/\/www.rededorsaoluiz.com.br\/instituto\/idor\/wp-json\/wp\/v2\/pages\/1259\/revisions\/16711"}],"up":[{"embeddable":true,"href":"https:\/\/www.rededorsaoluiz.com.br\/instituto\/idor\/wp-json\/wp\/v2\/pages\/339"}],"wp:attachment":[{"href":"https:\/\/www.rededorsaoluiz.com.br\/instituto\/idor\/wp-json\/wp\/v2\/media?parent=1259"}],"curies":[{"name":"wp","href":"https:\/\/api.w.org\/{rel}","templated":true}]}}