{"id":12932,"date":"2025-12-08T09:54:51","date_gmt":"2025-12-08T12:54:51","guid":{"rendered":"https:\/\/ptbr.idor.org\/?page_id=12932"},"modified":"2026-03-02T14:42:59","modified_gmt":"2026-03-02T17:42:59","slug":"api","status":"publish","type":"page","link":"https:\/\/www.rededorsaoluiz.com.br\/instituto\/idor\/pesquisa\/api\/","title":{"rendered":"API"},"content":{"rendered":"\t\t<div data-elementor-type=\"wp-page\" data-elementor-id=\"12932\" class=\"elementor elementor-12932\" data-elementor-post-type=\"page\">\n\t\t\t\t<div class=\"elementor-element elementor-element-9fb5307 e-flex e-con-boxed e-con e-parent\" data-id=\"9fb5307\" data-element_type=\"container\" data-settings=\"{&quot;background_background&quot;:&quot;slideshow&quot;,&quot;background_slideshow_gallery&quot;:[{&quot;id&quot;:16238,&quot;url&quot;:&quot;https:\\\/\\\/www.rededorsaoluiz.com.br\/instituto\/idor\\\/wp-content\\\/uploads\\\/2026\\\/01\\\/bannner01novonovo-1.png&quot;}],&quot;background_slideshow_loop&quot;:&quot;yes&quot;,&quot;background_slideshow_slide_duration&quot;:5000,&quot;background_slideshow_slide_transition&quot;:&quot;fade&quot;,&quot;background_slideshow_transition_duration&quot;:500}\">\n\t\t\t\t\t<div class=\"e-con-inner\">\n\t\t<div class=\"elementor-element elementor-element-60f9fd0 e-con-full e-flex e-con e-child\" data-id=\"60f9fd0\" data-element_type=\"container\">\n\t\t\t\t<div class=\"elementor-element elementor-element-fffc766 elementor-widget elementor-widget-title-idor\" data-id=\"fffc766\" data-element_type=\"widget\" data-widget_type=\"title-idor.default\">\n\t\t\t\t<div class=\"elementor-widget-container\">\n\t\t\t\t\t        <div class=\"title-idor-widget\">\n            <h1 class=\"title\">API<\/h1>\n        <\/div>\n        \t\t\t\t<\/div>\n\t\t\t\t<\/div>\n\t\t\t\t<div class=\"elementor-element elementor-element-388ab4c elementor-widget elementor-widget-breadcrumb-idor\" data-id=\"388ab4c\" data-element_type=\"widget\" data-widget_type=\"breadcrumb-idor.default\">\n\t\t\t\t<div class=\"elementor-widget-container\">\n\t\t\t\t\t        <div class=\"breadcrumb-widget\">\n                                                <a href=\"https:\/\/www.rededorsaoluiz.com.br\/instituto\/idor\">Home<\/a>\n                                \n                                    <img decoding=\"async\" src=\"https:\/\/www.rededorsaoluiz.com.br\/instituto\/idor\/wp-content\/themes\/idor-novo-wp\/assets\/svg\/avancar.svg\" alt=\"Seta de separador\">\n                                                                <a href=\"https:\/\/www.rededorsaoluiz.com.br\/instituto\/idor\/pesquisa\">Pesquisa<\/a>\n                                \n                                    <\/div>\n        \t\t\t\t<\/div>\n\t\t\t\t<\/div>\n\t\t\t\t<\/div>\n\t\t\t\t\t<\/div>\n\t\t\t\t<\/div>\n\t\t<div class=\"elementor-element elementor-element-48e3ad0 e-flex e-con-boxed e-con e-parent\" data-id=\"48e3ad0\" data-element_type=\"container\">\n\t\t\t\t\t<div class=\"e-con-inner\">\n\t\t\t\t<div class=\"elementor-element elementor-element-9e8718b elementor-widget elementor-widget-spacer\" data-id=\"9e8718b\" data-element_type=\"widget\" data-widget_type=\"spacer.default\">\n\t\t\t\t\t\t\t<div class=\"elementor-spacer\">\n\t\t\t<div class=\"elementor-spacer-inner\"><\/div>\n\t\t<\/div>\n\t\t\t\t\t\t<\/div>\n\t\t\t\t\t<\/div>\n\t\t\t\t<\/div>\n\t\t<div class=\"elementor-element elementor-element-4c3cb74 e-flex e-con-boxed e-con e-parent\" data-id=\"4c3cb74\" data-element_type=\"container\">\n\t\t\t\t\t<div class=\"e-con-inner\">\n\t\t\t\t<div class=\"elementor-element elementor-element-5992a4a elementor-widget elementor-widget-text-editor\" data-id=\"5992a4a\" data-element_type=\"widget\" data-widget_type=\"text-editor.default\">\n\t\t\t\t\t\t\t\t\t<p>A Plataforma API (Assist\u00eancia &amp; Pesquisa Integradas) \u00e9 uma iniciativa inovadora de\u00a0IDOR e Oncologia D\u2019Or que integra a comunidade m\u00e9dica da Oncologia D\u2019Or para desenvolver novas pesquisas, a partir de informa\u00e7\u00f5es coletadas durante o cuidado dos pacientes. Trata-se de um novo jeito de fazer Pesquisa em Oncologia na Rede D\u2019Or, com a participa\u00e7\u00e3o de todos os m\u00e9dicos da Oncologia D\u2019Or.<\/p><p>A miss\u00e3o da Plataforma API \u00e9 fomentar o avan\u00e7o da pesquisa em oncologia no Brasil a partir de um modelo inovador de colabora\u00e7\u00e3o no qual os m\u00e9dicos respons\u00e1veis pelo cuidado tamb\u00e9m assumem o papel de pesquisadores.<\/p><p>Refer\u00eancias em oncologia e em pesquisa m\u00e9dica no Brasil, Oncologia D\u2019Or e IDOR contam com uma base unificada de dados cl\u00ednicos (PEP), integrada aos dados do Banco de Tecidos e da Patologia Molecular, para desenvolver estudos que preencham lacunas importantes do conhecimento em oncologia.<\/p><p>Os m\u00e9dicos t\u00eam a oportunidade de participar de uma comunidade colaborativa exclusiva, capaz de gerar impacto, proporcionando novos conhecimentos sobre o c\u00e2ncer e seus tratamentos.<\/p><p>A ades\u00e3o \u00e9 volunt\u00e1ria e exclusiva para m\u00e9dicos e m\u00e9dicas da Oncologia D\u2019Or.<\/p>\t\t\t\t\t\t\t\t<\/div>\n\t\t\t\t<div class=\"elementor-element elementor-element-f6763ba elementor-widget elementor-widget-spacer\" data-id=\"f6763ba\" data-element_type=\"widget\" data-widget_type=\"spacer.default\">\n\t\t\t\t\t\t\t<div class=\"elementor-spacer\">\n\t\t\t<div class=\"elementor-spacer-inner\"><\/div>\n\t\t<\/div>\n\t\t\t\t\t\t<\/div>\n\t\t\t\t\t<\/div>\n\t\t\t\t<\/div>\n\t\t<div class=\"elementor-element elementor-element-f0fd039 e-flex e-con-boxed e-con e-parent\" data-id=\"f0fd039\" data-element_type=\"container\">\n\t\t\t\t\t<div class=\"e-con-inner\">\n\t\t<div class=\"elementor-element elementor-element-358d248 e-con-full e-flex e-con e-child\" data-id=\"358d248\" data-element_type=\"container\">\n\t\t\t\t<div class=\"elementor-element elementor-element-7f64738 elementor-widget elementor-widget-image\" data-id=\"7f64738\" data-element_type=\"widget\" data-widget_type=\"image.default\">\n\t\t\t\t\t\t\t\t\t\t\t\t\t\t\t<img fetchpriority=\"high\" decoding=\"async\" width=\"1024\" height=\"154\" src=\"https:\/\/www.rededorsaoluiz.com.br\/instituto\/idor\/wp-content\/uploads\/2025\/12\/Imagem1-1.png\" class=\"attachment-large size-large wp-image-12936\" alt=\"\" srcset=\"https:\/\/www.rededorsaoluiz.com.br\/instituto\/idor\/wp-content\/uploads\/2025\/12\/Imagem1-1.png 1024w, https:\/\/www.rededorsaoluiz.com.br\/instituto\/idor\/wp-content\/uploads\/2025\/12\/Imagem1-1-300x45.png 300w, https:\/\/www.rededorsaoluiz.com.br\/instituto\/idor\/wp-content\/uploads\/2025\/12\/Imagem1-1-768x116.png 768w\" sizes=\"(max-width: 1024px) 100vw, 1024px\" \/>\t\t\t\t\t\t\t\t\t\t\t\t\t\t\t<\/div>\n\t\t\t\t<\/div>\n\t\t\t\t\t<\/div>\n\t\t\t\t<\/div>\n\t\t<div class=\"elementor-element elementor-element-3afc807 e-flex e-con-boxed e-con e-parent\" data-id=\"3afc807\" data-element_type=\"container\">\n\t\t\t\t\t<div class=\"e-con-inner\">\n\t\t\t\t<div class=\"elementor-element elementor-element-857be8f elementor-widget elementor-widget-spacer\" data-id=\"857be8f\" data-element_type=\"widget\" data-widget_type=\"spacer.default\">\n\t\t\t\t\t\t\t<div class=\"elementor-spacer\">\n\t\t\t<div class=\"elementor-spacer-inner\"><\/div>\n\t\t<\/div>\n\t\t\t\t\t\t<\/div>\n\t\t\t\t\t<\/div>\n\t\t\t\t<\/div>\n\t\t<div class=\"elementor-element elementor-element-ce6af22 e-grid e-con-boxed e-con e-parent\" data-id=\"ce6af22\" data-element_type=\"container\">\n\t\t\t\t\t<div class=\"e-con-inner\">\n\t\t\t\t<div class=\"elementor-element elementor-element-c13b25d elementor-widget elementor-widget-text-editor\" data-id=\"c13b25d\" data-element_type=\"widget\" data-widget_type=\"text-editor.default\">\n\t\t\t\t\t\t\t\t\t<h5 style=\"text-align: center;\"><span style=\"color: #333333;\"><strong>Quer ser um investigador API e contribuir para o avan\u00e7o das pesquisas em oncologia?<br \/><\/strong><strong>Fa\u00e7a agora sua ades\u00e3o:<\/strong><\/span><\/h5>\t\t\t\t\t\t\t\t<\/div>\n\t\t\t\t<div class=\"elementor-element elementor-element-cdb8094 elementor-widget elementor-widget-image\" data-id=\"cdb8094\" data-element_type=\"widget\" data-widget_type=\"image.default\">\n\t\t\t\t\t\t\t\t\t\t\t\t\t\t\t\t<a href=\"https:\/\/redcap.link\/api_idor\" target=\"_blank\">\n\t\t\t\t\t\t\t<img decoding=\"async\" width=\"178\" height=\"70\" src=\"https:\/\/www.rededorsaoluiz.com.br\/instituto\/idor\/wp-content\/uploads\/2025\/12\/Captura-de-tela-2025-12-08-FDFSA.png\" class=\"attachment-large size-large wp-image-12941\" alt=\"\" \/>\t\t\t\t\t\t\t\t<\/a>\n\t\t\t\t\t\t\t\t\t\t\t\t\t\t\t<\/div>\n\t\t\t\t\t<\/div>\n\t\t\t\t<\/div>\n\t\t<div class=\"elementor-element elementor-element-64f4f78 e-flex e-con-boxed e-con e-parent\" data-id=\"64f4f78\" data-element_type=\"container\">\n\t\t\t\t\t<div class=\"e-con-inner\">\n\t\t\t\t<div class=\"elementor-element elementor-element-0011bc1 elementor-widget elementor-widget-spacer\" data-id=\"0011bc1\" data-element_type=\"widget\" data-widget_type=\"spacer.default\">\n\t\t\t\t\t\t\t<div class=\"elementor-spacer\">\n\t\t\t<div class=\"elementor-spacer-inner\"><\/div>\n\t\t<\/div>\n\t\t\t\t\t\t<\/div>\n\t\t\t\t\t<\/div>\n\t\t\t\t<\/div>\n\t\t<div class=\"elementor-element elementor-element-f16809e e-flex e-con-boxed e-con e-parent\" data-id=\"f16809e\" data-element_type=\"container\">\n\t\t\t\t\t<div class=\"e-con-inner\">\n\t\t\t\t<div class=\"elementor-element elementor-element-4cccd34 elementor-widget-divider--view-line elementor-widget elementor-widget-divider\" data-id=\"4cccd34\" data-element_type=\"widget\" data-widget_type=\"divider.default\">\n\t\t\t\t\t\t\t<div class=\"elementor-divider\">\n\t\t\t<span class=\"elementor-divider-separator\">\n\t\t\t\t\t\t<\/span>\n\t\t<\/div>\n\t\t\t\t\t\t<\/div>\n\t\t\t\t\t<\/div>\n\t\t\t\t<\/div>\n\t\t<div class=\"elementor-element elementor-element-89177c9 e-flex e-con-boxed e-con e-parent\" data-id=\"89177c9\" data-element_type=\"container\">\n\t\t\t\t\t<div class=\"e-con-inner\">\n\t\t\t\t<div class=\"elementor-element elementor-element-48fc437 elementor-widget elementor-widget-heading\" data-id=\"48fc437\" data-element_type=\"widget\" data-widget_type=\"heading.default\">\n\t\t\t\t\t<h2 class=\"elementor-heading-title elementor-size-default\"><a href=\"https:\/\/www.rededorsaoluiz.com.br\/instituto\/idor\/wp-content\/uploads\/2025\/12\/Plataforma-API_QA-05.04.pdf\">PERGUNTAS E RESPOSTAS<\/a><\/h2>\t\t\t\t<\/div>\n\t\t\t\t\t<\/div>\n\t\t\t\t<\/div>\n\t\t<div class=\"elementor-element elementor-element-5e5bd02 e-flex e-con-boxed e-con e-parent\" data-id=\"5e5bd02\" data-element_type=\"container\">\n\t\t\t\t\t<div class=\"e-con-inner\">\n\t\t\t\t<div class=\"elementor-element elementor-element-38f16b6 elementor-widget elementor-widget-spacer\" data-id=\"38f16b6\" data-element_type=\"widget\" data-widget_type=\"spacer.default\">\n\t\t\t\t\t\t\t<div class=\"elementor-spacer\">\n\t\t\t<div class=\"elementor-spacer-inner\"><\/div>\n\t\t<\/div>\n\t\t\t\t\t\t<\/div>\n\t\t\t\t\t<\/div>\n\t\t\t\t<\/div>\n\t\t<div class=\"elementor-element elementor-element-1eac4f6 e-flex e-con-boxed e-con e-parent\" data-id=\"1eac4f6\" data-element_type=\"container\">\n\t\t\t\t\t<div class=\"e-con-inner\">\n\t\t\t\t<div class=\"elementor-element elementor-element-425b3b7 elementor-widget-divider--view-line elementor-widget elementor-widget-divider\" data-id=\"425b3b7\" data-element_type=\"widget\" data-widget_type=\"divider.default\">\n\t\t\t\t\t\t\t<div class=\"elementor-divider\">\n\t\t\t<span class=\"elementor-divider-separator\">\n\t\t\t\t\t\t<\/span>\n\t\t<\/div>\n\t\t\t\t\t\t<\/div>\n\t\t\t\t\t<\/div>\n\t\t\t\t<\/div>\n\t\t<div class=\"elementor-element elementor-element-1d55e94 e-flex e-con-boxed e-con e-parent\" data-id=\"1d55e94\" data-element_type=\"container\">\n\t\t\t\t\t<div class=\"e-con-inner\">\n\t\t\t\t<div class=\"elementor-element elementor-element-1fb2676 elementor-widget elementor-widget-heading\" data-id=\"1fb2676\" data-element_type=\"widget\" data-widget_type=\"heading.default\">\n\t\t\t\t\t<h2 class=\"elementor-heading-title elementor-size-default\">V\u00cdDEO DE LAN\u00c7AMENTO<\/h2>\t\t\t\t<\/div>\n\t\t\t\t\t<\/div>\n\t\t\t\t<\/div>\n\t\t<div class=\"elementor-element elementor-element-350ac05 e-flex e-con-boxed e-con e-parent\" data-id=\"350ac05\" data-element_type=\"container\">\n\t\t\t\t\t<div class=\"e-con-inner\">\n\t\t\t\t<div class=\"elementor-element elementor-element-540ec8e elementor-widget elementor-widget-video\" data-id=\"540ec8e\" data-element_type=\"widget\" data-settings=\"{&quot;youtube_url&quot;:&quot;https:\\\/\\\/www.youtube.com\\\/watch?v=mka4cPJeAOE&quot;,&quot;video_type&quot;:&quot;youtube&quot;,&quot;controls&quot;:&quot;yes&quot;}\" data-widget_type=\"video.default\">\n\t\t\t\t\t\t\t<div class=\"elementor-wrapper elementor-open-inline\">\n\t\t\t<div class=\"elementor-video\"><\/div>\t\t<\/div>\n\t\t\t\t\t\t<\/div>\n\t\t\t\t\t<\/div>\n\t\t\t\t<\/div>\n\t\t\t\t<\/div>\n\t\t","protected":false},"excerpt":{"rendered":"<p>API Home Pesquisa A Plataforma API (Assist\u00eancia &amp; Pesquisa Integradas) \u00e9 uma iniciativa inovadora de\u00a0IDOR e Oncologia D\u2019Or que integra a comunidade m\u00e9dica da Oncologia D\u2019Or para desenvolver novas pesquisas, a partir de informa\u00e7\u00f5es coletadas durante o cuidado dos pacientes. Trata-se de um novo jeito de fazer Pesquisa em Oncologia na Rede D\u2019Or, com a [&hellip;]<\/p>\n","protected":false},"author":1,"featured_media":12934,"parent":58,"menu_order":0,"comment_status":"closed","ping_status":"closed","template":"","meta":{"_acf_changed":false,"footnotes":""},"class_list":["post-12932","page","type-page","status-publish","has-post-thumbnail","hentry"],"acf":[],"yoast_head":"<!-- This site is optimized with the Yoast SEO plugin v27.6 - https:\/\/yoast.com\/product\/yoast-seo-wordpress\/ -->\n<title>API - IDOR - Instituto D&#039;Or de Pesquisa e Ensino<\/title>\n<link rel=\"canonical\" href=\"https:\/\/www.rededorsaoluiz.com.br\/instituto\/idor\/pesquisa\/api\/\" \/>\n<meta property=\"og:locale\" content=\"pt_BR\" \/>\n<meta property=\"og:type\" content=\"article\" \/>\n<meta property=\"og:title\" content=\"API - IDOR - Instituto D&#039;Or de Pesquisa e Ensino\" \/>\n<meta property=\"og:description\" content=\"API Home Pesquisa A Plataforma API (Assist\u00eancia &amp; Pesquisa Integradas) \u00e9 uma iniciativa inovadora de\u00a0IDOR e Oncologia D\u2019Or que integra a comunidade m\u00e9dica da Oncologia D\u2019Or para desenvolver novas pesquisas, a partir de informa\u00e7\u00f5es coletadas durante o cuidado dos pacientes. Trata-se de um novo jeito de fazer Pesquisa em Oncologia na Rede D\u2019Or, com a [&hellip;]\" \/>\n<meta property=\"og:url\" content=\"https:\/\/www.rededorsaoluiz.com.br\/instituto\/idor\/pesquisa\/api\/\" \/>\n<meta property=\"og:site_name\" content=\"IDOR - Instituto D&#039;Or de Pesquisa e Ensino\" \/>\n<meta property=\"article:modified_time\" content=\"2026-03-02T17:42:59+00:00\" \/>\n<meta property=\"og:image\" content=\"https:\/\/www.rededorsaoluiz.com.br\/instituto\/idor\/wp-content\/uploads\/2025\/12\/shutterstock_1463056853-1024x441.png\" \/>\n\t<meta property=\"og:image:width\" content=\"1024\" \/>\n\t<meta property=\"og:image:height\" content=\"441\" \/>\n\t<meta property=\"og:image:type\" content=\"image\/png\" \/>\n<meta name=\"twitter:card\" content=\"summary_large_image\" \/>\n<meta name=\"twitter:label1\" content=\"Est. tempo de leitura\" \/>\n\t<meta name=\"twitter:data1\" content=\"2 minutos\" \/>\n<script type=\"application\/ld+json\" class=\"yoast-schema-graph\">{\"@context\":\"https:\\\/\\\/schema.org\",\"@graph\":[{\"@type\":\"WebPage\",\"@id\":\"https:\\\/\\\/www.rededorsaoluiz.com.br\\\/instituto\\\/idor\\\/pesquisa\\\/api\\\/\",\"url\":\"https:\\\/\\\/www.rededorsaoluiz.com.br\\\/instituto\\\/idor\\\/pesquisa\\\/api\\\/\",\"name\":\"API - IDOR - Instituto D&#039;Or de Pesquisa e Ensino\",\"isPartOf\":{\"@id\":\"https:\\\/\\\/www.rededorsaoluiz.com.br\\\/instituto\\\/idor\\\/#website\"},\"primaryImageOfPage\":{\"@id\":\"https:\\\/\\\/www.rededorsaoluiz.com.br\\\/instituto\\\/idor\\\/pesquisa\\\/api\\\/#primaryimage\"},\"image\":{\"@id\":\"https:\\\/\\\/www.rededorsaoluiz.com.br\\\/instituto\\\/idor\\\/pesquisa\\\/api\\\/#primaryimage\"},\"thumbnailUrl\":\"https:\\\/\\\/www.rededorsaoluiz.com.br\\\/instituto\\\/idor\\\/wp-content\\\/uploads\\\/2025\\\/12\\\/shutterstock_1463056853-scaled.png\",\"datePublished\":\"2025-12-08T12:54:51+00:00\",\"dateModified\":\"2026-03-02T17:42:59+00:00\",\"breadcrumb\":{\"@id\":\"https:\\\/\\\/www.rededorsaoluiz.com.br\\\/instituto\\\/idor\\\/pesquisa\\\/api\\\/#breadcrumb\"},\"inLanguage\":\"pt-BR\",\"potentialAction\":[{\"@type\":\"ReadAction\",\"target\":[\"https:\\\/\\\/www.rededorsaoluiz.com.br\\\/instituto\\\/idor\\\/pesquisa\\\/api\\\/\"]}]},{\"@type\":\"ImageObject\",\"inLanguage\":\"pt-BR\",\"@id\":\"https:\\\/\\\/www.rededorsaoluiz.com.br\\\/instituto\\\/idor\\\/pesquisa\\\/api\\\/#primaryimage\",\"url\":\"https:\\\/\\\/www.rededorsaoluiz.com.br\\\/instituto\\\/idor\\\/wp-content\\\/uploads\\\/2025\\\/12\\\/shutterstock_1463056853-scaled.png\",\"contentUrl\":\"https:\\\/\\\/www.rededorsaoluiz.com.br\\\/instituto\\\/idor\\\/wp-content\\\/uploads\\\/2025\\\/12\\\/shutterstock_1463056853-scaled.png\",\"width\":2560,\"height\":1103},{\"@type\":\"BreadcrumbList\",\"@id\":\"https:\\\/\\\/www.rededorsaoluiz.com.br\\\/instituto\\\/idor\\\/pesquisa\\\/api\\\/#breadcrumb\",\"itemListElement\":[{\"@type\":\"ListItem\",\"position\":1,\"name\":\"In\u00edcio\",\"item\":\"https:\\\/\\\/ptbr.idor.org\\\/\"},{\"@type\":\"ListItem\",\"position\":2,\"name\":\"Pesquisa\",\"item\":\"https:\\\/\\\/www.rededorsaoluiz.com.br\\\/instituto\\\/idor\\\/pesquisa\\\/\"},{\"@type\":\"ListItem\",\"position\":3,\"name\":\"API\"}]},{\"@type\":\"WebSite\",\"@id\":\"https:\\\/\\\/www.rededorsaoluiz.com.br\\\/instituto\\\/idor\\\/#website\",\"url\":\"https:\\\/\\\/www.rededorsaoluiz.com.br\\\/instituto\\\/idor\\\/\",\"name\":\"IDOR - Instituto D&#039;Or de Pesquisa e Ensino\",\"description\":\"\",\"potentialAction\":[{\"@type\":\"SearchAction\",\"target\":{\"@type\":\"EntryPoint\",\"urlTemplate\":\"https:\\\/\\\/www.rededorsaoluiz.com.br\\\/instituto\\\/idor\\\/?s={search_term_string}\"},\"query-input\":{\"@type\":\"PropertyValueSpecification\",\"valueRequired\":true,\"valueName\":\"search_term_string\"}}],\"inLanguage\":\"pt-BR\"}]}<\/script>\n<!-- \/ Yoast SEO plugin. -->","yoast_head_json":{"title":"API - IDOR - Instituto D&#039;Or de Pesquisa e Ensino","canonical":"https:\/\/www.rededorsaoluiz.com.br\/instituto\/idor\/pesquisa\/api\/","og_locale":"pt_BR","og_type":"article","og_title":"API - IDOR - Instituto D&#039;Or de Pesquisa e Ensino","og_description":"API Home Pesquisa A Plataforma API (Assist\u00eancia &amp; Pesquisa Integradas) \u00e9 uma iniciativa inovadora de\u00a0IDOR e Oncologia D\u2019Or que integra a comunidade m\u00e9dica da Oncologia D\u2019Or para desenvolver novas pesquisas, a partir de informa\u00e7\u00f5es coletadas durante o cuidado dos pacientes. Trata-se de um novo jeito de fazer Pesquisa em Oncologia na Rede D\u2019Or, com a [&hellip;]","og_url":"https:\/\/www.rededorsaoluiz.com.br\/instituto\/idor\/pesquisa\/api\/","og_site_name":"IDOR - Instituto D&#039;Or de Pesquisa e Ensino","article_modified_time":"2026-03-02T17:42:59+00:00","og_image":[{"width":1024,"height":441,"url":"https:\/\/www.rededorsaoluiz.com.br\/instituto\/idor\/wp-content\/uploads\/2025\/12\/shutterstock_1463056853-1024x441.png","type":"image\/png"}],"twitter_card":"summary_large_image","twitter_misc":{"Est. tempo de leitura":"2 minutos"},"schema":{"@context":"https:\/\/schema.org","@graph":[{"@type":"WebPage","@id":"https:\/\/www.rededorsaoluiz.com.br\/instituto\/idor\/pesquisa\/api\/","url":"https:\/\/www.rededorsaoluiz.com.br\/instituto\/idor\/pesquisa\/api\/","name":"API - IDOR - Instituto D&#039;Or de Pesquisa e Ensino","isPartOf":{"@id":"https:\/\/www.rededorsaoluiz.com.br\/instituto\/idor\/#website"},"primaryImageOfPage":{"@id":"https:\/\/www.rededorsaoluiz.com.br\/instituto\/idor\/pesquisa\/api\/#primaryimage"},"image":{"@id":"https:\/\/www.rededorsaoluiz.com.br\/instituto\/idor\/pesquisa\/api\/#primaryimage"},"thumbnailUrl":"https:\/\/www.rededorsaoluiz.com.br\/instituto\/idor\/wp-content\/uploads\/2025\/12\/shutterstock_1463056853-scaled.png","datePublished":"2025-12-08T12:54:51+00:00","dateModified":"2026-03-02T17:42:59+00:00","breadcrumb":{"@id":"https:\/\/www.rededorsaoluiz.com.br\/instituto\/idor\/pesquisa\/api\/#breadcrumb"},"inLanguage":"pt-BR","potentialAction":[{"@type":"ReadAction","target":["https:\/\/www.rededorsaoluiz.com.br\/instituto\/idor\/pesquisa\/api\/"]}]},{"@type":"ImageObject","inLanguage":"pt-BR","@id":"https:\/\/www.rededorsaoluiz.com.br\/instituto\/idor\/pesquisa\/api\/#primaryimage","url":"https:\/\/www.rededorsaoluiz.com.br\/instituto\/idor\/wp-content\/uploads\/2025\/12\/shutterstock_1463056853-scaled.png","contentUrl":"https:\/\/www.rededorsaoluiz.com.br\/instituto\/idor\/wp-content\/uploads\/2025\/12\/shutterstock_1463056853-scaled.png","width":2560,"height":1103},{"@type":"BreadcrumbList","@id":"https:\/\/www.rededorsaoluiz.com.br\/instituto\/idor\/pesquisa\/api\/#breadcrumb","itemListElement":[{"@type":"ListItem","position":1,"name":"In\u00edcio","item":"https:\/\/ptbr.idor.org\/"},{"@type":"ListItem","position":2,"name":"Pesquisa","item":"https:\/\/www.rededorsaoluiz.com.br\/instituto\/idor\/pesquisa\/"},{"@type":"ListItem","position":3,"name":"API"}]},{"@type":"WebSite","@id":"https:\/\/www.rededorsaoluiz.com.br\/instituto\/idor\/#website","url":"https:\/\/www.rededorsaoluiz.com.br\/instituto\/idor\/","name":"IDOR - Instituto D&#039;Or de Pesquisa e Ensino","description":"","potentialAction":[{"@type":"SearchAction","target":{"@type":"EntryPoint","urlTemplate":"https:\/\/www.rededorsaoluiz.com.br\/instituto\/idor\/?s={search_term_string}"},"query-input":{"@type":"PropertyValueSpecification","valueRequired":true,"valueName":"search_term_string"}}],"inLanguage":"pt-BR"}]}},"_links":{"self":[{"href":"https:\/\/www.rededorsaoluiz.com.br\/instituto\/idor\/wp-json\/wp\/v2\/pages\/12932","targetHints":{"allow":["GET"]}}],"collection":[{"href":"https:\/\/www.rededorsaoluiz.com.br\/instituto\/idor\/wp-json\/wp\/v2\/pages"}],"about":[{"href":"https:\/\/www.rededorsaoluiz.com.br\/instituto\/idor\/wp-json\/wp\/v2\/types\/page"}],"author":[{"embeddable":true,"href":"https:\/\/www.rededorsaoluiz.com.br\/instituto\/idor\/wp-json\/wp\/v2\/users\/1"}],"replies":[{"embeddable":true,"href":"https:\/\/www.rededorsaoluiz.com.br\/instituto\/idor\/wp-json\/wp\/v2\/comments?post=12932"}],"version-history":[{"count":41,"href":"https:\/\/www.rededorsaoluiz.com.br\/instituto\/idor\/wp-json\/wp\/v2\/pages\/12932\/revisions"}],"predecessor-version":[{"id":16529,"href":"https:\/\/www.rededorsaoluiz.com.br\/instituto\/idor\/wp-json\/wp\/v2\/pages\/12932\/revisions\/16529"}],"up":[{"embeddable":true,"href":"https:\/\/www.rededorsaoluiz.com.br\/instituto\/idor\/wp-json\/wp\/v2\/pages\/58"}],"wp:featuredmedia":[{"embeddable":true,"href":"https:\/\/www.rededorsaoluiz.com.br\/instituto\/idor\/wp-json\/wp\/v2\/media\/12934"}],"wp:attachment":[{"href":"https:\/\/www.rededorsaoluiz.com.br\/instituto\/idor\/wp-json\/wp\/v2\/media?parent=12932"}],"curies":[{"name":"wp","href":"https:\/\/api.w.org\/{rel}","templated":true}]}}