{"id":13128,"date":"2025-12-08T17:41:17","date_gmt":"2025-12-08T20:41:17","guid":{"rendered":"https:\/\/ptbr.idor.org\/?page_id=13128"},"modified":"2026-03-02T14:14:09","modified_gmt":"2026-03-02T17:14:09","slug":"documentos-institucionais","status":"publish","type":"page","link":"https:\/\/www.rededorsaoluiz.com.br\/instituto\/idor\/ensino\/documentos-institucionais\/","title":{"rendered":"Documentos Institucionais"},"content":{"rendered":"\t\t<div data-elementor-type=\"wp-page\" data-elementor-id=\"13128\" class=\"elementor elementor-13128\" data-elementor-post-type=\"page\">\n\t\t\t\t<div class=\"elementor-element elementor-element-4b28b75 e-flex e-con-boxed e-con e-parent\" data-id=\"4b28b75\" data-element_type=\"container\" data-settings=\"{&quot;background_background&quot;:&quot;classic&quot;}\">\n\t\t\t\t\t<div class=\"e-con-inner\">\n\t\t\t\t<div class=\"elementor-element elementor-element-77737dc elementor-widget elementor-widget-title-idor\" data-id=\"77737dc\" data-element_type=\"widget\" data-widget_type=\"title-idor.default\">\n\t\t\t\t<div class=\"elementor-widget-container\">\n\t\t\t\t\t        <div class=\"title-idor-widget\">\n            <h2 class=\"title\">Documentos Institucionais<\/h2>\n        <\/div>\n        \t\t\t\t<\/div>\n\t\t\t\t<\/div>\n\t\t\t\t\t<\/div>\n\t\t\t\t<\/div>\n\t\t<div class=\"elementor-element elementor-element-423c2c8 e-flex e-con-boxed e-con e-parent\" data-id=\"423c2c8\" data-element_type=\"container\">\n\t\t\t\t\t<div class=\"e-con-inner\">\n\t\t\t\t<div class=\"elementor-element elementor-element-59351c7 elementor-absolute elementor-hidden-tablet elementor-hidden-mobile elementor-widget elementor-widget-image\" data-id=\"59351c7\" data-element_type=\"widget\" data-settings=\"{&quot;_position&quot;:&quot;absolute&quot;}\" data-widget_type=\"image.default\">\n\t\t\t\t\t\t\t\t\t\t\t\t\t\t\t<img decoding=\"async\" width=\"246\" height=\"124\" src=\"https:\/\/www.rededorsaoluiz.com.br\/instituto\/idor\/wp-content\/uploads\/2025\/11\/Frame-75.png\" class=\"attachment-large size-large wp-image-578\" alt=\"\" \/>\t\t\t\t\t\t\t\t\t\t\t\t\t\t\t<\/div>\n\t\t<div class=\"elementor-element elementor-element-5f8c8d3 e-con-full e-flex e-con e-child\" data-id=\"5f8c8d3\" data-element_type=\"container\">\n\t\t\t\t<div class=\"elementor-element elementor-element-bc491b1 elementor-widget elementor-widget-button\" data-id=\"bc491b1\" data-element_type=\"widget\" data-widget_type=\"button.default\">\n\t\t\t\t\t\t\t\t\t\t<a class=\"elementor-button elementor-button-link elementor-size-sm\" href=\"https:\/\/www.rededorsaoluiz.com.br\/instituto\/idor\/wp-content\/uploads\/2025\/12\/Regimento-Interno-Faculdade-IDOR-2023-2027.pdf\" target=\"_blank\">\n\t\t\t\t\t\t<span class=\"elementor-button-content-wrapper\">\n\t\t\t\t\t\t\t\t\t<span class=\"elementor-button-text\">Regimento Interno Faculdade IDOR<\/span>\n\t\t\t\t\t<\/span>\n\t\t\t\t\t<\/a>\n\t\t\t\t\t\t\t\t<\/div>\n\t\t\t\t<div class=\"elementor-element elementor-element-409d40a elementor-widget elementor-widget-button\" data-id=\"409d40a\" data-element_type=\"widget\" data-widget_type=\"button.default\">\n\t\t\t\t\t\t\t\t\t\t<a class=\"elementor-button elementor-button-link elementor-size-sm\" href=\"https:\/\/www.rededorsaoluiz.com.br\/instituto\/idor\/wp-content\/uploads\/2025\/12\/PDI_Faculdade-Idor.pdf\" target=\"_blank\">\n\t\t\t\t\t\t<span class=\"elementor-button-content-wrapper\">\n\t\t\t\t\t\t\t\t\t<span class=\"elementor-button-text\">Plano de Desenvolvimento Institucional \u2013 PDI (2023-2027)<\/span>\n\t\t\t\t\t<\/span>\n\t\t\t\t\t<\/a>\n\t\t\t\t\t\t\t\t<\/div>\n\t\t\t\t<div class=\"elementor-element elementor-element-aae7e55 elementor-widget elementor-widget-button\" data-id=\"aae7e55\" data-element_type=\"widget\" data-widget_type=\"button.default\">\n\t\t\t\t\t\t\t\t\t\t<a class=\"elementor-button elementor-button-link elementor-size-sm\" href=\"https:\/\/www.rededorsaoluiz.com.br\/instituto\/idor\/wp-content\/uploads\/2025\/12\/Manual-do-Aluno-2023.pdf\" target=\"_blank\">\n\t\t\t\t\t\t<span class=\"elementor-button-content-wrapper\">\n\t\t\t\t\t\t\t\t\t<span class=\"elementor-button-text\">Manual do Aluno<\/span>\n\t\t\t\t\t<\/span>\n\t\t\t\t\t<\/a>\n\t\t\t\t\t\t\t\t<\/div>\n\t\t\t\t<div class=\"elementor-element elementor-element-5e76dab elementor-widget elementor-widget-button\" data-id=\"5e76dab\" data-element_type=\"widget\" data-widget_type=\"button.default\">\n\t\t\t\t\t\t\t\t\t\t<a class=\"elementor-button elementor-button-link elementor-size-sm\" href=\"https:\/\/www.rededorsaoluiz.com.br\/instituto\/idor\/wp-content\/uploads\/2025\/12\/PPC-CST-Radiologia-FACULDADE-IDOR.pdf\" target=\"_blank\">\n\t\t\t\t\t\t<span class=\"elementor-button-content-wrapper\">\n\t\t\t\t\t\t\t\t\t<span class=\"elementor-button-text\">PPC Gradua\u00e7\u00e3o Tecnologia em Radiologia<\/span>\n\t\t\t\t\t<\/span>\n\t\t\t\t\t<\/a>\n\t\t\t\t\t\t\t\t<\/div>\n\t\t\t\t<div class=\"elementor-element elementor-element-c16c33c elementor-widget elementor-widget-button\" data-id=\"c16c33c\" data-element_type=\"widget\" data-widget_type=\"button.default\">\n\t\t\t\t\t\t\t\t\t\t<a class=\"elementor-button elementor-button-link elementor-size-sm\" href=\"https:\/\/www.rededorsaoluiz.com.br\/instituto\/idor\/wp-content\/uploads\/2025\/12\/PPC_Enfermagem_IDOR.pdf\" target=\"_blank\">\n\t\t\t\t\t\t<span class=\"elementor-button-content-wrapper\">\n\t\t\t\t\t\t\t\t\t<span class=\"elementor-button-text\">PPC Gradua\u00e7\u00e3o Enfermagem<\/span>\n\t\t\t\t\t<\/span>\n\t\t\t\t\t<\/a>\n\t\t\t\t\t\t\t\t<\/div>\n\t\t\t\t<div class=\"elementor-element elementor-element-df43122 elementor-widget elementor-widget-button\" data-id=\"df43122\" data-element_type=\"widget\" data-widget_type=\"button.default\">\n\t\t\t\t\t\t\t\t\t\t<a class=\"elementor-button elementor-button-link elementor-size-sm\" href=\"https:\/\/www.rededorsaoluiz.com.br\/instituto\/idor\/wp-content\/uploads\/2025\/12\/PPC-GRADUACAO-EM-PSICOLOGIA-FACULDADE-IDOR-.pdf\" target=\"_blank\">\n\t\t\t\t\t\t<span class=\"elementor-button-content-wrapper\">\n\t\t\t\t\t\t\t\t\t<span class=\"elementor-button-text\">PPC Gradua\u00e7\u00e3o Psicologia<\/span>\n\t\t\t\t\t<\/span>\n\t\t\t\t\t<\/a>\n\t\t\t\t\t\t\t\t<\/div>\n\t\t\t\t<div class=\"elementor-element elementor-element-478d0d5 elementor-widget elementor-widget-button\" data-id=\"478d0d5\" data-element_type=\"widget\" data-widget_type=\"button.default\">\n\t\t\t\t\t\t\t\t\t\t<a class=\"elementor-button elementor-button-link elementor-size-sm\" href=\"https:\/\/www.rededorsaoluiz.com.br\/instituto\/idor\/wp-content\/uploads\/2025\/12\/CPA_Relatorio-2022.pdf\" target=\"_blank\">\n\t\t\t\t\t\t<span class=\"elementor-button-content-wrapper\">\n\t\t\t\t\t\t\t\t\t<span class=\"elementor-button-text\">CPA \u2013 Relat\u00f3rio 2022<\/span>\n\t\t\t\t\t<\/span>\n\t\t\t\t\t<\/a>\n\t\t\t\t\t\t\t\t<\/div>\n\t\t\t\t<\/div>\n\t\t\t\t\t<\/div>\n\t\t\t\t<\/div>\n\t\t\t\t<\/div>\n\t\t","protected":false},"excerpt":{"rendered":"<p>Documentos Institucionais Regimento Interno Faculdade IDOR Plano de Desenvolvimento Institucional \u2013 PDI (2023-2027) Manual do Aluno PPC Gradua\u00e7\u00e3o Tecnologia em Radiologia PPC Gradua\u00e7\u00e3o Enfermagem PPC Gradua\u00e7\u00e3o Psicologia CPA \u2013 Relat\u00f3rio 2022<\/p>\n","protected":false},"author":1,"featured_media":0,"parent":339,"menu_order":0,"comment_status":"closed","ping_status":"closed","template":"","meta":{"_acf_changed":false,"footnotes":""},"class_list":["post-13128","page","type-page","status-publish","hentry"],"acf":[],"yoast_head":"<!-- This site is optimized with the Yoast SEO plugin v27.6 - https:\/\/yoast.com\/product\/yoast-seo-wordpress\/ -->\n<title>Documentos Institucionais - IDOR - Instituto D&#039;Or de Pesquisa e Ensino<\/title>\n<link rel=\"canonical\" href=\"https:\/\/ptbr.idor.org\/ensino\/documentos-institucionais\/\" \/>\n<meta property=\"og:locale\" content=\"pt_BR\" \/>\n<meta property=\"og:type\" content=\"article\" \/>\n<meta property=\"og:title\" content=\"Documentos Institucionais - IDOR - Instituto D&#039;Or de Pesquisa e Ensino\" \/>\n<meta property=\"og:description\" content=\"Documentos Institucionais Regimento Interno Faculdade IDOR Plano de Desenvolvimento Institucional \u2013 PDI (2023-2027) Manual do Aluno PPC Gradua\u00e7\u00e3o Tecnologia em Radiologia PPC Gradua\u00e7\u00e3o Enfermagem PPC Gradua\u00e7\u00e3o Psicologia CPA \u2013 Relat\u00f3rio 2022\" \/>\n<meta property=\"og:url\" content=\"https:\/\/ptbr.idor.org\/ensino\/documentos-institucionais\/\" \/>\n<meta property=\"og:site_name\" content=\"IDOR - Instituto D&#039;Or de Pesquisa e Ensino\" \/>\n<meta property=\"article:modified_time\" content=\"2026-03-02T17:14:09+00:00\" \/>\n<meta property=\"og:image\" content=\"https:\/\/ptbr.idor.org\/wp-content\/uploads\/2025\/11\/Frame-75.png\" \/>\n<meta name=\"twitter:card\" content=\"summary_large_image\" \/>\n<meta name=\"twitter:label1\" content=\"Est. tempo de leitura\" \/>\n\t<meta name=\"twitter:data1\" content=\"1 minuto\" \/>\n<script type=\"application\/ld+json\" class=\"yoast-schema-graph\">{\"@context\":\"https:\\\/\\\/schema.org\",\"@graph\":[{\"@type\":\"WebPage\",\"@id\":\"https:\\\/\\\/ptbr.idor.org\\\/ensino\\\/documentos-institucionais\\\/\",\"url\":\"https:\\\/\\\/ptbr.idor.org\\\/ensino\\\/documentos-institucionais\\\/\",\"name\":\"Documentos Institucionais - IDOR - Instituto D&#039;Or de Pesquisa e Ensino\",\"isPartOf\":{\"@id\":\"https:\\\/\\\/www.rededorsaoluiz.com.br\\\/instituto\\\/idor\\\/#website\"},\"primaryImageOfPage\":{\"@id\":\"https:\\\/\\\/ptbr.idor.org\\\/ensino\\\/documentos-institucionais\\\/#primaryimage\"},\"image\":{\"@id\":\"https:\\\/\\\/ptbr.idor.org\\\/ensino\\\/documentos-institucionais\\\/#primaryimage\"},\"thumbnailUrl\":\"https:\\\/\\\/ptbr.idor.org\\\/wp-content\\\/uploads\\\/2025\\\/11\\\/Frame-75.png\",\"datePublished\":\"2025-12-08T20:41:17+00:00\",\"dateModified\":\"2026-03-02T17:14:09+00:00\",\"breadcrumb\":{\"@id\":\"https:\\\/\\\/ptbr.idor.org\\\/ensino\\\/documentos-institucionais\\\/#breadcrumb\"},\"inLanguage\":\"pt-BR\",\"potentialAction\":[{\"@type\":\"ReadAction\",\"target\":[\"https:\\\/\\\/ptbr.idor.org\\\/ensino\\\/documentos-institucionais\\\/\"]}]},{\"@type\":\"ImageObject\",\"inLanguage\":\"pt-BR\",\"@id\":\"https:\\\/\\\/ptbr.idor.org\\\/ensino\\\/documentos-institucionais\\\/#primaryimage\",\"url\":\"https:\\\/\\\/ptbr.idor.org\\\/wp-content\\\/uploads\\\/2025\\\/11\\\/Frame-75.png\",\"contentUrl\":\"https:\\\/\\\/ptbr.idor.org\\\/wp-content\\\/uploads\\\/2025\\\/11\\\/Frame-75.png\"},{\"@type\":\"BreadcrumbList\",\"@id\":\"https:\\\/\\\/ptbr.idor.org\\\/ensino\\\/documentos-institucionais\\\/#breadcrumb\",\"itemListElement\":[{\"@type\":\"ListItem\",\"position\":1,\"name\":\"In\u00edcio\",\"item\":\"https:\\\/\\\/ptbr.idor.org\\\/\"},{\"@type\":\"ListItem\",\"position\":2,\"name\":\"Ensino\",\"item\":\"https:\\\/\\\/ptbr.idor.org\\\/ensino\\\/\"},{\"@type\":\"ListItem\",\"position\":3,\"name\":\"Documentos Institucionais\"}]},{\"@type\":\"WebSite\",\"@id\":\"https:\\\/\\\/www.rededorsaoluiz.com.br\\\/instituto\\\/idor\\\/#website\",\"url\":\"https:\\\/\\\/www.rededorsaoluiz.com.br\\\/instituto\\\/idor\\\/\",\"name\":\"IDOR - Instituto D&#039;Or de Pesquisa e Ensino\",\"description\":\"\",\"potentialAction\":[{\"@type\":\"SearchAction\",\"target\":{\"@type\":\"EntryPoint\",\"urlTemplate\":\"https:\\\/\\\/www.rededorsaoluiz.com.br\\\/instituto\\\/idor\\\/?s={search_term_string}\"},\"query-input\":{\"@type\":\"PropertyValueSpecification\",\"valueRequired\":true,\"valueName\":\"search_term_string\"}}],\"inLanguage\":\"pt-BR\"}]}<\/script>\n<!-- \/ Yoast SEO plugin. -->","yoast_head_json":{"title":"Documentos Institucionais - IDOR - Instituto D&#039;Or de Pesquisa e Ensino","canonical":"https:\/\/ptbr.idor.org\/ensino\/documentos-institucionais\/","og_locale":"pt_BR","og_type":"article","og_title":"Documentos Institucionais - IDOR - Instituto D&#039;Or de Pesquisa e Ensino","og_description":"Documentos Institucionais Regimento Interno Faculdade IDOR Plano de Desenvolvimento Institucional \u2013 PDI (2023-2027) Manual do Aluno PPC Gradua\u00e7\u00e3o Tecnologia em Radiologia PPC Gradua\u00e7\u00e3o Enfermagem PPC Gradua\u00e7\u00e3o Psicologia CPA \u2013 Relat\u00f3rio 2022","og_url":"https:\/\/ptbr.idor.org\/ensino\/documentos-institucionais\/","og_site_name":"IDOR - Instituto D&#039;Or de Pesquisa e Ensino","article_modified_time":"2026-03-02T17:14:09+00:00","og_image":[{"url":"https:\/\/ptbr.idor.org\/wp-content\/uploads\/2025\/11\/Frame-75.png","type":"","width":"","height":""}],"twitter_card":"summary_large_image","twitter_misc":{"Est. tempo de leitura":"1 minuto"},"schema":{"@context":"https:\/\/schema.org","@graph":[{"@type":"WebPage","@id":"https:\/\/ptbr.idor.org\/ensino\/documentos-institucionais\/","url":"https:\/\/ptbr.idor.org\/ensino\/documentos-institucionais\/","name":"Documentos Institucionais - IDOR - Instituto D&#039;Or de Pesquisa e Ensino","isPartOf":{"@id":"https:\/\/www.rededorsaoluiz.com.br\/instituto\/idor\/#website"},"primaryImageOfPage":{"@id":"https:\/\/ptbr.idor.org\/ensino\/documentos-institucionais\/#primaryimage"},"image":{"@id":"https:\/\/ptbr.idor.org\/ensino\/documentos-institucionais\/#primaryimage"},"thumbnailUrl":"https:\/\/ptbr.idor.org\/wp-content\/uploads\/2025\/11\/Frame-75.png","datePublished":"2025-12-08T20:41:17+00:00","dateModified":"2026-03-02T17:14:09+00:00","breadcrumb":{"@id":"https:\/\/ptbr.idor.org\/ensino\/documentos-institucionais\/#breadcrumb"},"inLanguage":"pt-BR","potentialAction":[{"@type":"ReadAction","target":["https:\/\/ptbr.idor.org\/ensino\/documentos-institucionais\/"]}]},{"@type":"ImageObject","inLanguage":"pt-BR","@id":"https:\/\/ptbr.idor.org\/ensino\/documentos-institucionais\/#primaryimage","url":"https:\/\/ptbr.idor.org\/wp-content\/uploads\/2025\/11\/Frame-75.png","contentUrl":"https:\/\/ptbr.idor.org\/wp-content\/uploads\/2025\/11\/Frame-75.png"},{"@type":"BreadcrumbList","@id":"https:\/\/ptbr.idor.org\/ensino\/documentos-institucionais\/#breadcrumb","itemListElement":[{"@type":"ListItem","position":1,"name":"In\u00edcio","item":"https:\/\/ptbr.idor.org\/"},{"@type":"ListItem","position":2,"name":"Ensino","item":"https:\/\/ptbr.idor.org\/ensino\/"},{"@type":"ListItem","position":3,"name":"Documentos Institucionais"}]},{"@type":"WebSite","@id":"https:\/\/www.rededorsaoluiz.com.br\/instituto\/idor\/#website","url":"https:\/\/www.rededorsaoluiz.com.br\/instituto\/idor\/","name":"IDOR - Instituto D&#039;Or de Pesquisa e Ensino","description":"","potentialAction":[{"@type":"SearchAction","target":{"@type":"EntryPoint","urlTemplate":"https:\/\/www.rededorsaoluiz.com.br\/instituto\/idor\/?s={search_term_string}"},"query-input":{"@type":"PropertyValueSpecification","valueRequired":true,"valueName":"search_term_string"}}],"inLanguage":"pt-BR"}]}},"_links":{"self":[{"href":"https:\/\/www.rededorsaoluiz.com.br\/instituto\/idor\/wp-json\/wp\/v2\/pages\/13128","targetHints":{"allow":["GET"]}}],"collection":[{"href":"https:\/\/www.rededorsaoluiz.com.br\/instituto\/idor\/wp-json\/wp\/v2\/pages"}],"about":[{"href":"https:\/\/www.rededorsaoluiz.com.br\/instituto\/idor\/wp-json\/wp\/v2\/types\/page"}],"author":[{"embeddable":true,"href":"https:\/\/www.rededorsaoluiz.com.br\/instituto\/idor\/wp-json\/wp\/v2\/users\/1"}],"replies":[{"embeddable":true,"href":"https:\/\/www.rededorsaoluiz.com.br\/instituto\/idor\/wp-json\/wp\/v2\/comments?post=13128"}],"version-history":[{"count":5,"href":"https:\/\/www.rededorsaoluiz.com.br\/instituto\/idor\/wp-json\/wp\/v2\/pages\/13128\/revisions"}],"predecessor-version":[{"id":17607,"href":"https:\/\/www.rededorsaoluiz.com.br\/instituto\/idor\/wp-json\/wp\/v2\/pages\/13128\/revisions\/17607"}],"up":[{"embeddable":true,"href":"https:\/\/www.rededorsaoluiz.com.br\/instituto\/idor\/wp-json\/wp\/v2\/pages\/339"}],"wp:attachment":[{"href":"https:\/\/www.rededorsaoluiz.com.br\/instituto\/idor\/wp-json\/wp\/v2\/media?parent=13128"}],"curies":[{"name":"wp","href":"https:\/\/api.w.org\/{rel}","templated":true}]}}