{"id":3633,"date":"2025-12-04T17:03:17","date_gmt":"2025-12-04T20:03:17","guid":{"rendered":"https:\/\/ptbr.idor.org\/?page_id=3633"},"modified":"2025-12-04T17:22:58","modified_gmt":"2025-12-04T20:22:58","slug":"naped-idor","status":"publish","type":"page","link":"https:\/\/www.rededorsaoluiz.com.br\/instituto\/idor\/naped-idor\/","title":{"rendered":"NAPED IDOR"},"content":{"rendered":"\t\t<div data-elementor-type=\"wp-page\" data-elementor-id=\"3633\" class=\"elementor elementor-3633\" data-elementor-post-type=\"page\">\n\t\t\t\t<div class=\"elementor-element elementor-element-4b28b75 e-flex e-con-boxed e-con e-parent\" data-id=\"4b28b75\" data-element_type=\"container\" data-settings=\"{&quot;background_background&quot;:&quot;classic&quot;}\">\n\t\t\t\t\t<div class=\"e-con-inner\">\n\t\t\t\t<div class=\"elementor-element elementor-element-77737dc elementor-widget elementor-widget-title-idor\" data-id=\"77737dc\" data-element_type=\"widget\" data-widget_type=\"title-idor.default\">\n\t\t\t\t<div class=\"elementor-widget-container\">\n\t\t\t\t\t        <div class=\"title-idor-widget\">\n            <h2 class=\"title\">NAPED IDOR<\/h2>\n        <\/div>\n        \t\t\t\t<\/div>\n\t\t\t\t<\/div>\n\t\t\t\t<div class=\"elementor-element elementor-element-d884663 elementor-widget elementor-widget-texto\" data-id=\"d884663\" data-element_type=\"widget\" data-widget_type=\"texto.default\">\n\t\t\t\t<div class=\"elementor-widget-container\">\n\t\t\t\t\t        <div class=\"texto-widget\">\n            <p>N\u00facleo de Apoio Pedag\u00f3gico e Experi\u00eancia Docente do IDOR<\/p>        <\/div>\n        \t\t\t\t<\/div>\n\t\t\t\t<\/div>\n\t\t\t\t\t<\/div>\n\t\t\t\t<\/div>\n\t\t<div class=\"elementor-element elementor-element-423c2c8 e-flex e-con-boxed e-con e-parent\" data-id=\"423c2c8\" data-element_type=\"container\">\n\t\t\t\t\t<div class=\"e-con-inner\">\n\t\t\t\t<div class=\"elementor-element elementor-element-59351c7 elementor-absolute elementor-widget elementor-widget-image\" data-id=\"59351c7\" data-element_type=\"widget\" data-settings=\"{&quot;_position&quot;:&quot;absolute&quot;}\" data-widget_type=\"image.default\">\n\t\t\t\t\t\t\t\t\t\t\t\t\t\t\t<img decoding=\"async\" width=\"246\" height=\"124\" src=\"https:\/\/www.rededorsaoluiz.com.br\/instituto\/idor\/wp-content\/uploads\/2025\/11\/Frame-75.png\" class=\"attachment-large size-large wp-image-578\" alt=\"\" \/>\t\t\t\t\t\t\t\t\t\t\t\t\t\t\t<\/div>\n\t\t<div class=\"elementor-element elementor-element-5f8c8d3 e-con-full e-flex e-con e-child\" data-id=\"5f8c8d3\" data-element_type=\"container\">\n\t\t\t\t<div class=\"elementor-element elementor-element-7f8248b elementor-widget elementor-widget-texto\" data-id=\"7f8248b\" data-element_type=\"widget\" data-widget_type=\"texto.default\">\n\t\t\t\t<div class=\"elementor-widget-container\">\n\t\t\t\t\t        <div class=\"texto-widget\">\n            <p>O N\u00facleo de Apoio Pedag\u00f3gico e Experi\u00eancia Docente do IDOR (NAPED IDOR), criado em mar\u00e7o de 2023, tem como objetivos principais consolidar a capacita\u00e7\u00e3o docente realizada pelo IDOR desde a sua cria\u00e7\u00e3o, al\u00e9m de planejar, implementar e avaliar a Pol\u00edtica de Desenvolvimento Docente (PDD) definida no Plano de Desenvolvimento Institucional (PDI).<\/p>        <\/div>\n        \t\t\t\t<\/div>\n\t\t\t\t<\/div>\n\t\t\t\t<\/div>\n\t\t<div class=\"elementor-element elementor-element-be98794 e-con-full e-flex e-con e-child\" data-id=\"be98794\" data-element_type=\"container\">\n\t\t\t\t<div class=\"elementor-element elementor-element-4c3b8e3 elementor-widget elementor-widget-image\" data-id=\"4c3b8e3\" data-element_type=\"widget\" data-widget_type=\"image.default\">\n\t\t\t\t\t\t\t\t\t\t\t\t\t\t\t<img fetchpriority=\"high\" decoding=\"async\" width=\"920\" height=\"250\" src=\"https:\/\/www.rededorsaoluiz.com.br\/instituto\/idor\/wp-content\/uploads\/2025\/12\/logo-naped.png\" class=\"attachment-large size-large wp-image-3635\" alt=\"\" srcset=\"https:\/\/www.rededorsaoluiz.com.br\/instituto\/idor\/wp-content\/uploads\/2025\/12\/logo-naped.png 920w, https:\/\/www.rededorsaoluiz.com.br\/instituto\/idor\/wp-content\/uploads\/2025\/12\/logo-naped-300x82.png 300w, https:\/\/www.rededorsaoluiz.com.br\/instituto\/idor\/wp-content\/uploads\/2025\/12\/logo-naped-768x209.png 768w\" sizes=\"(max-width: 920px) 100vw, 920px\" \/>\t\t\t\t\t\t\t\t\t\t\t\t\t\t\t<\/div>\n\t\t\t\t<\/div>\n\t\t\t\t\t<\/div>\n\t\t\t\t<\/div>\n\t\t<div class=\"elementor-element elementor-element-5236c07 e-flex e-con-boxed e-con e-parent\" data-id=\"5236c07\" data-element_type=\"container\" data-settings=\"{&quot;background_background&quot;:&quot;classic&quot;}\">\n\t\t\t\t\t<div class=\"e-con-inner\">\n\t\t\t\t<div class=\"elementor-element elementor-element-a86472b elementor-widget elementor-widget-title-idor\" data-id=\"a86472b\" data-element_type=\"widget\" data-widget_type=\"title-idor.default\">\n\t\t\t\t<div class=\"elementor-widget-container\">\n\t\t\t\t\t        <div class=\"title-idor-widget\">\n            <h2 class=\"title\">Os principais focos de atua\u00e7\u00e3o do NAPED s\u00e3o:<\/h2>\n        <\/div>\n        \t\t\t\t<\/div>\n\t\t\t\t<\/div>\n\t\t<div class=\"elementor-element elementor-element-9fefc3e e-con-full e-flex e-con e-child\" data-id=\"9fefc3e\" data-element_type=\"container\" data-settings=\"{&quot;background_background&quot;:&quot;classic&quot;}\">\n\t\t\t\t<div class=\"elementor-element elementor-element-619a4dc elementor-widget elementor-widget-text-editor\" data-id=\"619a4dc\" data-element_type=\"widget\" data-widget_type=\"text-editor.default\">\n\t\t\t\t\t\t\t\t\t<p>1<\/p>\t\t\t\t\t\t\t\t<\/div>\n\t\t\t\t<div class=\"elementor-element elementor-element-075a21f elementor-widget__width-inherit elementor-widget elementor-widget-texto\" data-id=\"075a21f\" data-element_type=\"widget\" data-widget_type=\"texto.default\">\n\t\t\t\t<div class=\"elementor-widget-container\">\n\t\t\t\t\t        <div class=\"texto-widget\">\n            A multidisciplinaridade e desenvolvimento profissional, o NAPED re\u00fane uma equipe multiprofissional altamente qualificada, com o objetivo de promover a cont\u00ednua evolu\u00e7\u00e3o dos educadores. Atrav\u00e9s de um trabalho colaborativo e integrado, oferece um conjunto de a\u00e7\u00f5es e recursos que visam aprimorar as pr\u00e1ticas pedag\u00f3gicas, estimular a pesquisa e a inova\u00e7\u00e3o, e fortalecer o desenvolvimento profissional de todos os docentes.        <\/div>\n        \t\t\t\t<\/div>\n\t\t\t\t<\/div>\n\t\t\t\t<\/div>\n\t\t<div class=\"elementor-element elementor-element-3faa8c8 e-con-full e-flex e-con e-child\" data-id=\"3faa8c8\" data-element_type=\"container\" data-settings=\"{&quot;background_background&quot;:&quot;classic&quot;}\">\n\t\t\t\t<div class=\"elementor-element elementor-element-5c90346 elementor-widget elementor-widget-text-editor\" data-id=\"5c90346\" data-element_type=\"widget\" data-widget_type=\"text-editor.default\">\n\t\t\t\t\t\t\t\t\t<p>2<\/p>\t\t\t\t\t\t\t\t<\/div>\n\t\t\t\t<div class=\"elementor-element elementor-element-cc03e36 elementor-widget__width-inherit elementor-widget elementor-widget-texto\" data-id=\"cc03e36\" data-element_type=\"widget\" data-widget_type=\"texto.default\">\n\t\t\t\t<div class=\"elementor-widget-container\">\n\t\t\t\t\t        <div class=\"texto-widget\">\n            <p>Na \u00eanfase no suporte e acompanhamento personalizado atrav\u00e9s da oferta de ambiente acolhedor e colaborativo, onde os educadores podem compartilhar suas experi\u00eancias, desafios e buscar solu\u00e7\u00f5es inovadoras, contribuindo para o crescimento profissional e o bem-estar de todos os docentes;<\/p>        <\/div>\n        \t\t\t\t<\/div>\n\t\t\t\t<\/div>\n\t\t\t\t<\/div>\n\t\t<div class=\"elementor-element elementor-element-eaa0808 e-con-full e-flex e-con e-child\" data-id=\"eaa0808\" data-element_type=\"container\" data-settings=\"{&quot;background_background&quot;:&quot;classic&quot;}\">\n\t\t\t\t<div class=\"elementor-element elementor-element-9e9c683 elementor-widget elementor-widget-text-editor\" data-id=\"9e9c683\" data-element_type=\"widget\" data-widget_type=\"text-editor.default\">\n\t\t\t\t\t\t\t\t\t<p>3<\/p>\t\t\t\t\t\t\t\t<\/div>\n\t\t\t\t<div class=\"elementor-element elementor-element-869784e elementor-widget__width-inherit elementor-widget elementor-widget-texto\" data-id=\"869784e\" data-element_type=\"widget\" data-widget_type=\"texto.default\">\n\t\t\t\t<div class=\"elementor-widget-container\">\n\t\t\t\t\t        <div class=\"texto-widget\">\n            Na busca de inova\u00e7\u00e3o e tecnologias que apoiem o aprimoramento cont\u00ednuo dos docentes, oferecendo recursos e ferramentas tecnol\u00f3gicas que facilitem o processo de ensino e aprendizagem.        <\/div>\n        \t\t\t\t<\/div>\n\t\t\t\t<\/div>\n\t\t\t\t<\/div>\n\t\t\t\t<div class=\"elementor-element elementor-element-6c2ff33 elementor-widget__width-inherit elementor-widget elementor-widget-texto\" data-id=\"6c2ff33\" data-element_type=\"widget\" data-widget_type=\"texto.default\">\n\t\t\t\t<div class=\"elementor-widget-container\">\n\t\t\t\t\t        <div class=\"texto-widget\">\n            <p>Nosso compromisso \u00e9 oferecer um ambiente de aprendizado cont\u00ednuo, onde os professores possam se sentir valorizados e motivados a alcan\u00e7ar a excel\u00eancia em sua pr\u00e1tica pedag\u00f3gica.<\/p>        <\/div>\n        \t\t\t\t<\/div>\n\t\t\t\t<\/div>\n\t\t<div class=\"elementor-element elementor-element-6697c39 e-flex e-con-boxed e-con e-child\" data-id=\"6697c39\" data-element_type=\"container\">\n\t\t\t\t\t<div class=\"e-con-inner\">\n\t\t\t\t<div class=\"elementor-element elementor-element-68e5661 elementor-absolute elementor-widget elementor-widget-image\" data-id=\"68e5661\" data-element_type=\"widget\" data-settings=\"{&quot;_position&quot;:&quot;absolute&quot;}\" data-widget_type=\"image.default\">\n\t\t\t\t\t\t\t\t\t\t\t\t\t\t\t<img decoding=\"async\" width=\"222\" height=\"74\" src=\"https:\/\/www.rededorsaoluiz.com.br\/instituto\/idor\/wp-content\/uploads\/2025\/11\/Frame-80.svg\" class=\"attachment-large size-large wp-image-537\" alt=\"\" \/>\t\t\t\t\t\t\t\t\t\t\t\t\t\t\t<\/div>\n\t\t\t\t\t<\/div>\n\t\t\t\t<\/div>\n\t\t\t\t\t<\/div>\n\t\t\t\t<\/div>\n\t\t\t\t<\/div>\n\t\t","protected":false},"excerpt":{"rendered":"<p>NAPED IDOR N\u00facleo de Apoio Pedag\u00f3gico e Experi\u00eancia Docente do IDOR O N\u00facleo de Apoio Pedag\u00f3gico e Experi\u00eancia Docente do IDOR (NAPED IDOR), criado em mar\u00e7o de 2023, tem como objetivos principais consolidar a capacita\u00e7\u00e3o docente realizada pelo IDOR desde a sua cria\u00e7\u00e3o, al\u00e9m de planejar, implementar e avaliar a Pol\u00edtica de Desenvolvimento Docente (PDD) [&hellip;]<\/p>\n","protected":false},"author":1,"featured_media":0,"parent":0,"menu_order":0,"comment_status":"closed","ping_status":"closed","template":"","meta":{"_acf_changed":false,"footnotes":""},"class_list":["post-3633","page","type-page","status-publish","hentry"],"acf":[],"yoast_head":"<!-- This site is optimized with the Yoast SEO plugin v27.6 - https:\/\/yoast.com\/product\/yoast-seo-wordpress\/ -->\n<title>NAPED IDOR - IDOR - Instituto D&#039;Or de Pesquisa e Ensino<\/title>\n<link rel=\"canonical\" href=\"https:\/\/www.rededorsaoluiz.com.br\/instituto\/idor\/naped-idor\/\" \/>\n<meta property=\"og:locale\" content=\"pt_BR\" \/>\n<meta property=\"og:type\" content=\"article\" \/>\n<meta property=\"og:title\" content=\"NAPED IDOR - IDOR - Instituto D&#039;Or de Pesquisa e Ensino\" \/>\n<meta property=\"og:description\" content=\"NAPED IDOR N\u00facleo de Apoio Pedag\u00f3gico e Experi\u00eancia Docente do IDOR O N\u00facleo de Apoio Pedag\u00f3gico e Experi\u00eancia Docente do IDOR (NAPED IDOR), criado em mar\u00e7o de 2023, tem como objetivos principais consolidar a capacita\u00e7\u00e3o docente realizada pelo IDOR desde a sua cria\u00e7\u00e3o, al\u00e9m de planejar, implementar e avaliar a Pol\u00edtica de Desenvolvimento Docente (PDD) [&hellip;]\" \/>\n<meta property=\"og:url\" content=\"https:\/\/www.rededorsaoluiz.com.br\/instituto\/idor\/naped-idor\/\" \/>\n<meta property=\"og:site_name\" content=\"IDOR - Instituto D&#039;Or de Pesquisa e Ensino\" \/>\n<meta property=\"article:modified_time\" content=\"2025-12-04T20:22:58+00:00\" \/>\n<meta property=\"og:image\" content=\"https:\/\/ptbr.idor.org\/wp-content\/uploads\/2025\/11\/Frame-75.png\" \/>\n<meta name=\"twitter:card\" content=\"summary_large_image\" \/>\n<meta name=\"twitter:label1\" content=\"Est. tempo de leitura\" \/>\n\t<meta name=\"twitter:data1\" content=\"1 minuto\" \/>\n<script type=\"application\/ld+json\" class=\"yoast-schema-graph\">{\"@context\":\"https:\\\/\\\/schema.org\",\"@graph\":[{\"@type\":\"WebPage\",\"@id\":\"https:\\\/\\\/www.rededorsaoluiz.com.br\\\/instituto\\\/idor\\\/naped-idor\\\/\",\"url\":\"https:\\\/\\\/www.rededorsaoluiz.com.br\\\/instituto\\\/idor\\\/naped-idor\\\/\",\"name\":\"NAPED IDOR - IDOR - Instituto D&#039;Or de Pesquisa e Ensino\",\"isPartOf\":{\"@id\":\"https:\\\/\\\/www.rededorsaoluiz.com.br\\\/instituto\\\/idor\\\/#website\"},\"primaryImageOfPage\":{\"@id\":\"https:\\\/\\\/www.rededorsaoluiz.com.br\\\/instituto\\\/idor\\\/naped-idor\\\/#primaryimage\"},\"image\":{\"@id\":\"https:\\\/\\\/www.rededorsaoluiz.com.br\\\/instituto\\\/idor\\\/naped-idor\\\/#primaryimage\"},\"thumbnailUrl\":\"https:\\\/\\\/ptbr.idor.org\\\/wp-content\\\/uploads\\\/2025\\\/11\\\/Frame-75.png\",\"datePublished\":\"2025-12-04T20:03:17+00:00\",\"dateModified\":\"2025-12-04T20:22:58+00:00\",\"breadcrumb\":{\"@id\":\"https:\\\/\\\/www.rededorsaoluiz.com.br\\\/instituto\\\/idor\\\/naped-idor\\\/#breadcrumb\"},\"inLanguage\":\"pt-BR\",\"potentialAction\":[{\"@type\":\"ReadAction\",\"target\":[\"https:\\\/\\\/www.rededorsaoluiz.com.br\\\/instituto\\\/idor\\\/naped-idor\\\/\"]}]},{\"@type\":\"ImageObject\",\"inLanguage\":\"pt-BR\",\"@id\":\"https:\\\/\\\/www.rededorsaoluiz.com.br\\\/instituto\\\/idor\\\/naped-idor\\\/#primaryimage\",\"url\":\"https:\\\/\\\/ptbr.idor.org\\\/wp-content\\\/uploads\\\/2025\\\/11\\\/Frame-75.png\",\"contentUrl\":\"https:\\\/\\\/ptbr.idor.org\\\/wp-content\\\/uploads\\\/2025\\\/11\\\/Frame-75.png\"},{\"@type\":\"BreadcrumbList\",\"@id\":\"https:\\\/\\\/www.rededorsaoluiz.com.br\\\/instituto\\\/idor\\\/naped-idor\\\/#breadcrumb\",\"itemListElement\":[{\"@type\":\"ListItem\",\"position\":1,\"name\":\"In\u00edcio\",\"item\":\"https:\\\/\\\/ptbr.idor.org\\\/\"},{\"@type\":\"ListItem\",\"position\":2,\"name\":\"NAPED IDOR\"}]},{\"@type\":\"WebSite\",\"@id\":\"https:\\\/\\\/www.rededorsaoluiz.com.br\\\/instituto\\\/idor\\\/#website\",\"url\":\"https:\\\/\\\/www.rededorsaoluiz.com.br\\\/instituto\\\/idor\\\/\",\"name\":\"IDOR - Instituto D&#039;Or de Pesquisa e Ensino\",\"description\":\"\",\"potentialAction\":[{\"@type\":\"SearchAction\",\"target\":{\"@type\":\"EntryPoint\",\"urlTemplate\":\"https:\\\/\\\/www.rededorsaoluiz.com.br\\\/instituto\\\/idor\\\/?s={search_term_string}\"},\"query-input\":{\"@type\":\"PropertyValueSpecification\",\"valueRequired\":true,\"valueName\":\"search_term_string\"}}],\"inLanguage\":\"pt-BR\"}]}<\/script>\n<!-- \/ Yoast SEO plugin. -->","yoast_head_json":{"title":"NAPED IDOR - IDOR - Instituto D&#039;Or de Pesquisa e Ensino","canonical":"https:\/\/www.rededorsaoluiz.com.br\/instituto\/idor\/naped-idor\/","og_locale":"pt_BR","og_type":"article","og_title":"NAPED IDOR - IDOR - Instituto D&#039;Or de Pesquisa e Ensino","og_description":"NAPED IDOR N\u00facleo de Apoio Pedag\u00f3gico e Experi\u00eancia Docente do IDOR O N\u00facleo de Apoio Pedag\u00f3gico e Experi\u00eancia Docente do IDOR (NAPED IDOR), criado em mar\u00e7o de 2023, tem como objetivos principais consolidar a capacita\u00e7\u00e3o docente realizada pelo IDOR desde a sua cria\u00e7\u00e3o, al\u00e9m de planejar, implementar e avaliar a Pol\u00edtica de Desenvolvimento Docente (PDD) [&hellip;]","og_url":"https:\/\/www.rededorsaoluiz.com.br\/instituto\/idor\/naped-idor\/","og_site_name":"IDOR - Instituto D&#039;Or de Pesquisa e Ensino","article_modified_time":"2025-12-04T20:22:58+00:00","og_image":[{"url":"https:\/\/ptbr.idor.org\/wp-content\/uploads\/2025\/11\/Frame-75.png","type":"","width":"","height":""}],"twitter_card":"summary_large_image","twitter_misc":{"Est. tempo de leitura":"1 minuto"},"schema":{"@context":"https:\/\/schema.org","@graph":[{"@type":"WebPage","@id":"https:\/\/www.rededorsaoluiz.com.br\/instituto\/idor\/naped-idor\/","url":"https:\/\/www.rededorsaoluiz.com.br\/instituto\/idor\/naped-idor\/","name":"NAPED IDOR - IDOR - Instituto D&#039;Or de Pesquisa e Ensino","isPartOf":{"@id":"https:\/\/www.rededorsaoluiz.com.br\/instituto\/idor\/#website"},"primaryImageOfPage":{"@id":"https:\/\/www.rededorsaoluiz.com.br\/instituto\/idor\/naped-idor\/#primaryimage"},"image":{"@id":"https:\/\/www.rededorsaoluiz.com.br\/instituto\/idor\/naped-idor\/#primaryimage"},"thumbnailUrl":"https:\/\/ptbr.idor.org\/wp-content\/uploads\/2025\/11\/Frame-75.png","datePublished":"2025-12-04T20:03:17+00:00","dateModified":"2025-12-04T20:22:58+00:00","breadcrumb":{"@id":"https:\/\/www.rededorsaoluiz.com.br\/instituto\/idor\/naped-idor\/#breadcrumb"},"inLanguage":"pt-BR","potentialAction":[{"@type":"ReadAction","target":["https:\/\/www.rededorsaoluiz.com.br\/instituto\/idor\/naped-idor\/"]}]},{"@type":"ImageObject","inLanguage":"pt-BR","@id":"https:\/\/www.rededorsaoluiz.com.br\/instituto\/idor\/naped-idor\/#primaryimage","url":"https:\/\/ptbr.idor.org\/wp-content\/uploads\/2025\/11\/Frame-75.png","contentUrl":"https:\/\/ptbr.idor.org\/wp-content\/uploads\/2025\/11\/Frame-75.png"},{"@type":"BreadcrumbList","@id":"https:\/\/www.rededorsaoluiz.com.br\/instituto\/idor\/naped-idor\/#breadcrumb","itemListElement":[{"@type":"ListItem","position":1,"name":"In\u00edcio","item":"https:\/\/ptbr.idor.org\/"},{"@type":"ListItem","position":2,"name":"NAPED IDOR"}]},{"@type":"WebSite","@id":"https:\/\/www.rededorsaoluiz.com.br\/instituto\/idor\/#website","url":"https:\/\/www.rededorsaoluiz.com.br\/instituto\/idor\/","name":"IDOR - Instituto D&#039;Or de Pesquisa e Ensino","description":"","potentialAction":[{"@type":"SearchAction","target":{"@type":"EntryPoint","urlTemplate":"https:\/\/www.rededorsaoluiz.com.br\/instituto\/idor\/?s={search_term_string}"},"query-input":{"@type":"PropertyValueSpecification","valueRequired":true,"valueName":"search_term_string"}}],"inLanguage":"pt-BR"}]}},"_links":{"self":[{"href":"https:\/\/www.rededorsaoluiz.com.br\/instituto\/idor\/wp-json\/wp\/v2\/pages\/3633","targetHints":{"allow":["GET"]}}],"collection":[{"href":"https:\/\/www.rededorsaoluiz.com.br\/instituto\/idor\/wp-json\/wp\/v2\/pages"}],"about":[{"href":"https:\/\/www.rededorsaoluiz.com.br\/instituto\/idor\/wp-json\/wp\/v2\/types\/page"}],"author":[{"embeddable":true,"href":"https:\/\/www.rededorsaoluiz.com.br\/instituto\/idor\/wp-json\/wp\/v2\/users\/1"}],"replies":[{"embeddable":true,"href":"https:\/\/www.rededorsaoluiz.com.br\/instituto\/idor\/wp-json\/wp\/v2\/comments?post=3633"}],"version-history":[{"count":11,"href":"https:\/\/www.rededorsaoluiz.com.br\/instituto\/idor\/wp-json\/wp\/v2\/pages\/3633\/revisions"}],"predecessor-version":[{"id":13196,"href":"https:\/\/www.rededorsaoluiz.com.br\/instituto\/idor\/wp-json\/wp\/v2\/pages\/3633\/revisions\/13196"}],"wp:attachment":[{"href":"https:\/\/www.rededorsaoluiz.com.br\/instituto\/idor\/wp-json\/wp\/v2\/media?parent=3633"}],"curies":[{"name":"wp","href":"https:\/\/api.w.org\/{rel}","templated":true}]}}