{"id":48679,"date":"2024-10-01T10:59:07","date_gmt":"2024-10-01T13:59:07","guid":{"rendered":"https:\/\/idor.clientes.lojainterativa.com\/?page_id=48679"},"modified":"2025-02-07T14:44:38","modified_gmt":"2025-02-07T17:44:38","slug":"cna-pre-escolar","status":"publish","type":"page","link":"https:\/\/www.rededorsaoluiz.com.br\/instituto\/idor\/servicos\/cna-e-memory-clinic\/cna-pre-escolar\/","title":{"rendered":"Pr\u00e9-Escolar \u2013 De 4 a 6 Anos"},"content":{"rendered":"<div class=\"wpb-content-wrapper\"><p>[vc_row css=&#8221;.vc_custom_1730491353681{margin-bottom: 40px !important;padding-top: 4.5rem !important;}&#8221; el_id=&#8221;submenu&#8221;][vc_column width=&#8221;1\/6&#8243;][vc_column_text el_class=&#8221;menu2&#8243;]<\/p>\n<p style=\"text-align: center;\"><a href=\"https:\/\/www.rededorsaoluiz.com.br\/instituto\/idor\/servicos\/cna-e-memory-clinic\/#atendimentos\">Atendimentos<\/a><\/p>\n<p>[\/vc_column_text][\/vc_column][vc_column width=&#8221;1\/6&#8243;][vc_column_text el_class=&#8221;menu2&#8243;]<\/p>\n<p style=\"text-align: center;\"><a href=\"https:\/\/www.rededorsaoluiz.com.br\/instituto\/idor\/servicos\/cna-e-memory-clinic\/equipe\/#submenu\">Equipe<\/a><\/p>\n<p>[\/vc_column_text][\/vc_column][vc_column width=&#8221;1\/6&#8243;][vc_column_text el_class=&#8221;menu2&#8243;]<\/p>\n<p style=\"text-align: center;\"><a href=\"https:\/\/www.rededorsaoluiz.com.br\/instituto\/idor\/servicos\/cna-e-memory-clinic\/agendamentos\/#submenu\">Agendamentos<\/a><\/p>\n<p>[\/vc_column_text][\/vc_column][vc_column width=&#8221;1\/6&#8243;][vc_column_text el_class=&#8221;menu2&#8243;]<\/p>\n<p style=\"text-align: center;\"><a href=\"https:\/\/www.rededorsaoluiz.com.br\/instituto\/idor\/servicos\/cna-e-memory-clinic\/questionarios\/#submenu\">Questionarios<\/a><\/p>\n<p>[\/vc_column_text][\/vc_column][vc_column width=&#8221;1\/6&#8243;][vc_column_text el_class=&#8221;menu2&#8243;]<\/p>\n<p style=\"text-align: center;\"><a href=\"https:\/\/www.rededorsaoluiz.com.br\/instituto\/idor\/servicos\/cna-e-memory-clinic\/segunda-via-cna-e-memory-clinic\/#submenu\">Segunda Via<\/a><\/p>\n<p>[\/vc_column_text][\/vc_column][vc_column width=&#8221;1\/6&#8243;][vc_column_text el_class=&#8221;menu2&#8243;]<\/p>\n<p style=\"text-align: center;\"><a href=\"https:\/\/www.rededorsaoluiz.com.br\/instituto\/idor\/servicos\/cna-e-memory-clinic\/contato\/#submenu\">Contato<\/a><\/p>\n<p>[\/vc_column_text][\/vc_column][\/vc_row][vc_row equal_height=&#8221;yes&#8221;][vc_column width=&#8221;1\/2&#8243; offset=&#8221;vc_hidden-sm vc_hidden-xs&#8221;][vc_column_text el_class=&#8221;titulo-topicos&#8221;]<\/p>\n<h5>Atendimentos<\/h5>\n<p>[\/vc_column_text][\/vc_column][vc_column width=&#8221;1\/2&#8243; offset=&#8221;vc_hidden-sm vc_hidden-xs&#8221; css=&#8221;.vc_custom_1726678674212{margin-right: 15px !important;margin-left: 15px !important;}&#8221; el_class=&#8221;bgcv&#8221;][\/vc_column][\/vc_row][vc_row el_class=&#8221;imgcov&#8221; css=&#8221;.vc_custom_1727445041165{margin-right: 0px !important;margin-bottom: 50px !important;margin-left: 0px !important;background-color: rgba(125,129,165,0.1) !important;*background-color: rgb(125,129,165) !important;border-radius: 10px !important;}&#8221;][vc_column css=&#8221;.vc_custom_1727443695033{padding-top: 0px !important;}&#8221;][vc_row_inner equal_height=&#8221;yes&#8221; el_class=&#8221;umalinha icones&#8221;][vc_column_inner width=&#8221;1\/2&#8243; css=&#8221;.vc_custom_1727445048570{padding-top: 0px !important;background-color: rgba(87,81,119,0.01) !important;*background-color: rgb(87,81,119) !important;border-radius: 15px !important;}&#8221;][vc_column_text css=&#8221;.vc_custom_1727445191251{padding-top: 30px !important;padding-right: 20px !important;padding-left: 20px !important;}&#8221;]<strong>PR\u00c9-ESCOLAR \u2013 DE 4 A 6 ANOS<\/strong><\/p>\n<p>Investiga\u00e7\u00e3o do desenvolvimento intelectual (pensamento, linguagem, aten\u00e7\u00e3o, etc.) e do controle emocional.<br \/>\nO per\u00edodo pr\u00e9-escolar \u00e9 a etapa onde ocorre o desenvolvimento mais significativo de habilidades importantes para o aprendizado futuro. O exame avalia de modo quantitativo por meio de testes objetivos a aten\u00e7\u00e3o, a linguagem, a coordena\u00e7\u00e3o motora, o controle de impulsos, o planejamento e v\u00e1rias outras fun\u00e7\u00f5es mentais. Aspectos do comportamento tamb\u00e9m s\u00e3o investigados.[\/vc_column_text][vc_column_text css=&#8221;.vc_custom_1727791474170{margin-bottom: 30px !important;padding-right: 20px !important;padding-left: 20px !important;}&#8221;]<a class=\"btn btn-azul\" href=\"https:\/\/api.whatsapp.com\/send?phone=5521993091243\" target=\"_blank\" rel=\"noopener\">AGENDE UMA CONSULTA<\/a>[\/vc_column_text][\/vc_column_inner][vc_column_inner width=&#8221;1\/2&#8243; css=&#8221;.vc_custom_1727445054658{background-image: url(https:\/\/www.rededorsaoluiz.com.br\/instituto\/idor\/wp-content\/uploads\/2024\/09\/Rectangle-56.png?id=48682) !important;background-position: center !important;background-repeat: no-repeat !important;background-size: cover !important;}&#8221; offset=&#8221;vc_hidden-xs&#8221;][\/vc_column_inner][vc_column_inner offset=&#8221;vc_hidden-lg vc_hidden-md vc_hidden-sm&#8221; css=&#8221;.vc_custom_1727794821970{padding-right: 0px !important;padding-left: 0px !important;}&#8221;][vc_single_image image=&#8221;48682&#8243; img_size=&#8221;full&#8221; css=&#8221;.vc_custom_1727794793220{margin-bottom: 0px !important;padding-right: 0px !important;padding-left: 0px !important;}&#8221;][\/vc_column_inner][\/vc_row_inner][\/vc_column][\/vc_row][vc_row full_width=&#8221;stretch_row_content&#8221; equal_height=&#8221;yes&#8221;][vc_column width=&#8221;1\/2&#8243; offset=&#8221;vc_col-xs-2\/5&#8243; css=&#8221;.vc_custom_1727444855925{padding-top: 0px !important;background-color: #1f369a !important;}&#8221;][\/vc_column][vc_column width=&#8221;1\/2&#8243; offset=&#8221;vc_hidden-sm vc_col-xs-3\/5 vc_hidden-xs&#8221; css=&#8221;.vc_custom_1727446867429{padding-top: 0px !important;}&#8221;][vc_single_image image=&#8221;49749&#8243; img_size=&#8221;full&#8221; css=&#8221;.vc_custom_1727444637700{margin-bottom: 0px !important;margin-left: -20px !important;padding-top: 0px !important;padding-right: 0px !important;padding-bottom: 0px !important;padding-left: 0px !important;}&#8221;][\/vc_column][vc_column offset=&#8221;vc_hidden-lg vc_hidden-md vc_col-sm-offset-0 vc_col-xs-3\/5&#8243; css=&#8221;.vc_custom_1727449290927{padding-top: 0px !important;}&#8221;][vc_single_image image=&#8221;49362&#8243; img_size=&#8221;full&#8221; css=&#8221;.vc_custom_1727446658501{margin-bottom: 0px !important;margin-left: -20px !important;padding-top: 0px !important;padding-right: 0px !important;padding-bottom: 0px !important;padding-left: 0px !important;}&#8221;][\/vc_column][\/vc_row][vc_row full_width=&#8221;stretch_row&#8221; equal_height=&#8221;yes&#8221; content_placement=&#8221;middle&#8221; css=&#8221;.vc_custom_1727451617416{border-bottom-width: 45px !important;padding-bottom: 20px !important;background-color: #1f369a !important;}&#8221; el_class=&#8221;over&#8221; el_id=&#8221;desktop&#8221;][vc_column width=&#8221;7\/12&#8243; el_class=&#8221;pesqcol&#8221; css=&#8221;.vc_custom_1727446548792{margin-top: -210px !important;padding-top: 0px !important;}&#8221; offset=&#8221;vc_hidden-sm vc_hidden-xs&#8221;][vc_column_text]<\/p>\n<h5><span style=\"color: #ffffff;\">Agende uma consulta<\/span><\/h5>\n<p>[\/vc_column_text][vc_video link=&#8221;https:\/\/youtu.be\/g4WB9j0lqrU&#8221;][\/vc_column][vc_column width=&#8221;5\/12&#8243; css=&#8221;.vc_custom_1727446554592{padding-top: 0px !important;background-position: center !important;background-repeat: no-repeat !important;background-size: cover !important;}&#8221; offset=&#8221;vc_hidden-sm vc_hidden-xs&#8221;][vc_column_text el_class=&#8221;branco&#8221; css=&#8221;.vc_custom_1727444981797{padding-top: 50px !important;}&#8221;]Crian\u00e7as menores de 12 anos n\u00e3o podem permanecer sozinhas durante o per\u00edodo de avalia\u00e7\u00e3o. Menores com idades entre 12-17 anos podem permanecer sozinhos (ap\u00f3s a primeira consulta) somente com autoriza\u00e7\u00e3o. Crian\u00e7as e adolescentes sempre devem vir com seus respons\u00e1veis.[\/vc_column_text][\/vc_column][\/vc_row][vc_row full_width=&#8221;stretch_row&#8221; equal_height=&#8221;yes&#8221; content_placement=&#8221;middle&#8221; css=&#8221;.vc_custom_1727450803332{margin-bottom: 50px !important;border-bottom-width: 45px !important;background-color: #1f369a !important;}&#8221; el_class=&#8221;over&#8221;][vc_column offset=&#8221;vc_hidden-lg vc_hidden-md&#8221;][vc_column_text css=&#8221;.vc_custom_1727449112795{margin-bottom: 0px !important;}&#8221;]<\/p>\n<h5><span style=\"color: #ffffff;\">Agende uma consulta<\/span><\/h5>\n<p>[\/vc_column_text][\/vc_column][vc_column width=&#8221;7\/12&#8243; el_class=&#8221;pesqcol&#8221; offset=&#8221;vc_hidden-lg vc_hidden-md&#8221;][vc_video link=&#8221;https:\/\/youtu.be\/g4WB9j0lqrU&#8221; css=&#8221;.vc_custom_1738950315403{margin-bottom: 30px !important;}&#8221;][\/vc_column][vc_column width=&#8221;5\/12&#8243; css=&#8221;.vc_custom_1727449035240{background-position: center !important;background-repeat: no-repeat !important;background-size: cover !important;}&#8221; offset=&#8221;vc_hidden-lg vc_hidden-md&#8221;][vc_column_text el_class=&#8221;branco&#8221;]Crian\u00e7as menores de 12 anos n\u00e3o podem permanecer sozinhas durante o per\u00edodo de avalia\u00e7\u00e3o. Menores com idades entre 12-17 anos podem permanecer sozinhos (ap\u00f3s a primeira consulta) somente com autoriza\u00e7\u00e3o. Crian\u00e7as e adolescentes sempre devem vir com seus respons\u00e1veis.[\/vc_column_text][\/vc_column][\/vc_row][vc_row equal_height=&#8221;yes&#8221;][vc_column width=&#8221;1\/2&#8243; css=&#8221;.vc_custom_1727450755444{margin-right: 15px !important;margin-bottom: 30px !important;margin-left: 15px !important;padding-top: 0px !important;padding-right: 0px !important;padding-left: 0px !important;background-color: #f5f5f7 !important;border-radius: 10px !important;}&#8221; el_class=&#8221;card-cont&#8221;][vc_single_image image=&#8221;49795&#8243; img_size=&#8221;full&#8221;][vc_column_text css=&#8221;.vc_custom_1727449962654{padding-right: 20px !important;padding-left: 20px !important;}&#8221;]<strong>A primeira etapa da avalia\u00e7\u00e3o \u00e9 uma&nbsp;consulta m\u00e9dica especializada.<\/strong>[\/vc_column_text][\/vc_column][vc_column width=&#8221;1\/2&#8243; el_class=&#8221;card-cont&#8221; css=&#8221;.vc_custom_1727450759883{margin-right: 15px !important;margin-bottom: 30px !important;margin-left: 15px !important;padding-top: 0px !important;padding-right: 0px !important;padding-left: 0px !important;background-color: #f5f5f7 !important;border-radius: 10px !important;}&#8221;][vc_single_image image=&#8221;49801&#8243; img_size=&#8221;full&#8221;][vc_column_text css=&#8221;.vc_custom_1727449984622{padding-right: 20px !important;padding-left: 20px !important;}&#8221;]<strong>Para cada caso em particular s\u00e3o selecionados diferentes&nbsp;testes&nbsp;que investigam diversas \u00e1reas: aten\u00e7\u00e3o, mem\u00f3ria, percep\u00e7\u00e3o visual, c\u00e1lculo, leitura, habilidades de planejamento, flexibilidade, dentre v\u00e1rias outras.&nbsp;<\/strong>[\/vc_column_text][\/vc_column][\/vc_row][vc_row equal_height=&#8221;yes&#8221;][vc_column width=&#8221;1\/2&#8243; css=&#8221;.vc_custom_1727450764052{margin-right: 15px !important;margin-bottom: 30px !important;margin-left: 15px !important;padding-top: 0px !important;padding-right: 0px !important;padding-left: 0px !important;background-color: #f5f5f7 !important;border-radius: 10px !important;}&#8221; el_class=&#8221;card-cont&#8221;][vc_single_image image=&#8221;49808&#8243; img_size=&#8221;full&#8221;][vc_column_text css=&#8221;.vc_custom_1727450661989{padding-right: 20px !important;padding-left: 20px !important;}&#8221;]<strong>S\u00e3o fornecidos diferentes tipos de&nbsp;question\u00e1rios online,&nbsp;dependendo de cada caso em particular. Existem question\u00e1rios para o pr\u00f3prio paciente, para&nbsp; pais,&nbsp;para professores, para familiares etc.<\/strong>[\/vc_column_text][\/vc_column][vc_column width=&#8221;1\/2&#8243; el_class=&#8221;card-cont&#8221; css=&#8221;.vc_custom_1727450768123{margin-right: 15px !important;margin-bottom: 30px !important;margin-left: 15px !important;padding-top: 0px !important;padding-right: 0px !important;padding-left: 0px !important;background-color: #f5f5f7 !important;border-radius: 10px !important;}&#8221;][vc_single_image image=&#8221;49809&#8243; img_size=&#8221;full&#8221;][vc_column_text css=&#8221;.vc_custom_1727450670304{padding-right: 20px !important;padding-left: 20px !important;}&#8221;]<strong>Um de nossos diferenciais \u00e9 a&nbsp;discuss\u00e3o em equipe&nbsp;composta de m\u00e9dicos, neuropsic\u00f3logos e fonoaudi\u00f3logos de cada paciente. <\/strong>[\/vc_column_text][\/vc_column][\/vc_row][vc_row equal_height=&#8221;yes&#8221;][vc_column width=&#8221;1\/2&#8243; css=&#8221;.vc_custom_1727450764052{margin-right: 15px !important;margin-bottom: 30px !important;margin-left: 15px !important;padding-top: 0px !important;padding-right: 0px !important;padding-left: 0px !important;background-color: #f5f5f7 !important;border-radius: 10px !important;}&#8221; el_class=&#8221;card-cont&#8221;][vc_single_image image=&#8221;49810&#8243; img_size=&#8221;full&#8221;][vc_column_text css=&#8221;.vc_custom_1727450856303{padding-right: 20px !important;padding-left: 20px !important;}&#8221;]<strong>O laudo \u00e9 enviado ao profissional que solicitou o exame. \u00c9 realizada uma&nbsp;consulta online&nbsp;para orienta\u00e7\u00e3o quanto aos resultados.<\/strong>[\/vc_column_text][\/vc_column][vc_column width=&#8221;1\/2&#8243; el_class=&#8221;card-cont&#8221; css=&#8221;.vc_custom_1727450768123{margin-right: 15px !important;margin-bottom: 30px !important;margin-left: 15px !important;padding-top: 0px !important;padding-right: 0px !important;padding-left: 0px !important;background-color: #f5f5f7 !important;border-radius: 10px !important;}&#8221;][vc_single_image image=&#8221;49811&#8243; img_size=&#8221;full&#8221;][vc_column_text css=&#8221;.vc_custom_1727450866508{padding-right: 20px !important;padding-left: 20px !important;}&#8221;]<strong>OBS: se voc\u00ea precisa um laudo para acomoda\u00e7\u00e3o em&nbsp;institui\u00e7\u00f5es de ensino no exterior,&nbsp;veja informa\u00e7\u00f5es na se\u00e7\u00e3o D\u00daVIDAS abaixo. Acomoda\u00e7\u00f5es s\u00e3o procedimentos em sala de aula ou durante provas e concursos, para portadores de Transtornos do Aprendizado, TDAH, etc.<\/strong>[\/vc_column_text][\/vc_column][\/vc_row]<\/p>\n<\/div>","protected":false},"excerpt":{"rendered":"<p>[vc_row css=&#8221;.vc_custom_1730491353681{margin-bottom: 40px !important;padding-top: 4.5rem !important;}&#8221; el_id=&#8221;submenu&#8221;][vc_column width=&#8221;1\/6&#8243;][vc_column_text el_class=&#8221;menu2&#8243;] Atendimentos [\/vc_column_text][\/vc_column][vc_column width=&#8221;1\/6&#8243;][vc_column_text el_class=&#8221;menu2&#8243;] Equipe [&hellip;]<\/p>\n","protected":false},"author":1,"featured_media":0,"parent":48745,"menu_order":0,"comment_status":"closed","ping_status":"closed","template":"","meta":{"ngg_post_thumbnail":0,"_joinchat":[],"footnotes":""},"class_list":["post-48679","page","type-page","status-publish","hentry"],"acf":[],"_links":{"self":[{"href":"https:\/\/www.rededorsaoluiz.com.br\/instituto\/idor\/wp-json\/wp\/v2\/pages\/48679","targetHints":{"allow":["GET"]}}],"collection":[{"href":"https:\/\/www.rededorsaoluiz.com.br\/instituto\/idor\/wp-json\/wp\/v2\/pages"}],"about":[{"href":"https:\/\/www.rededorsaoluiz.com.br\/instituto\/idor\/wp-json\/wp\/v2\/types\/page"}],"author":[{"embeddable":true,"href":"https:\/\/www.rededorsaoluiz.com.br\/instituto\/idor\/wp-json\/wp\/v2\/users\/1"}],"replies":[{"embeddable":true,"href":"https:\/\/www.rededorsaoluiz.com.br\/instituto\/idor\/wp-json\/wp\/v2\/comments?post=48679"}],"version-history":[{"count":129,"href":"https:\/\/www.rededorsaoluiz.com.br\/instituto\/idor\/wp-json\/wp\/v2\/pages\/48679\/revisions"}],"predecessor-version":[{"id":58643,"href":"https:\/\/www.rededorsaoluiz.com.br\/instituto\/idor\/wp-json\/wp\/v2\/pages\/48679\/revisions\/58643"}],"up":[{"embeddable":true,"href":"https:\/\/www.rededorsaoluiz.com.br\/instituto\/idor\/wp-json\/wp\/v2\/pages\/48745"}],"wp:attachment":[{"href":"https:\/\/www.rededorsaoluiz.com.br\/instituto\/idor\/wp-json\/wp\/v2\/media?parent=48679"}],"curies":[{"name":"wp","href":"https:\/\/api.w.org\/{rel}","templated":true}]}}