{"id":5237,"date":"2025-12-05T12:31:54","date_gmt":"2025-12-05T15:31:54","guid":{"rendered":"https:\/\/ptbr.idor.org\/?page_id=5237"},"modified":"2026-04-22T09:55:48","modified_gmt":"2026-04-22T12:55:48","slug":"inovacao","status":"publish","type":"page","link":"https:\/\/www.rededorsaoluiz.com.br\/instituto\/idor\/inovacao\/","title":{"rendered":"Inova\u00e7\u00e3o"},"content":{"rendered":"\t\t<div data-elementor-type=\"wp-page\" data-elementor-id=\"5237\" class=\"elementor elementor-5237\" data-elementor-post-type=\"page\">\n\t\t\t\t<div class=\"elementor-element elementor-element-74ba6bb e-con-full e-flex e-con e-parent\" data-id=\"74ba6bb\" data-element_type=\"container\" data-settings=\"{&quot;background_background&quot;:&quot;classic&quot;}\">\n\t\t<div class=\"elementor-element elementor-element-6258f96 e-flex e-con-boxed e-con e-child\" data-id=\"6258f96\" data-element_type=\"container\">\n\t\t\t\t\t<div class=\"e-con-inner\">\n\t\t\t\t<div class=\"elementor-element elementor-element-86e97e7 elementor-widget elementor-widget-title-idor\" data-id=\"86e97e7\" data-element_type=\"widget\" data-widget_type=\"title-idor.default\">\n\t\t\t\t<div class=\"elementor-widget-container\">\n\t\t\t\t\t        <div class=\"title-idor-widget\">\n            <h2 class=\"title\">Inova\u00e7\u00e3o<\/h2>\n        <\/div>\n        \t\t\t\t<\/div>\n\t\t\t\t<\/div>\n\t\t\t\t<div class=\"elementor-element elementor-element-3c19c4f elementor-widget elementor-widget-texto\" data-id=\"3c19c4f\" data-element_type=\"widget\" data-widget_type=\"texto.default\">\n\t\t\t\t<div class=\"elementor-widget-container\">\n\t\t\t\t\t        <div class=\"texto-widget\">\n            <p><strong style=\"font-weight: 500; font-size: .875rem;\">Home<\/strong><\/p>        <\/div>\n        \t\t\t\t<\/div>\n\t\t\t\t<\/div>\n\t\t\t\t\t<\/div>\n\t\t\t\t<\/div>\n\t\t\t\t<\/div>\n\t\t<div class=\"elementor-element elementor-element-abb08ad e-flex e-con-boxed e-con e-parent\" data-id=\"abb08ad\" data-element_type=\"container\">\n\t\t\t\t\t<div class=\"e-con-inner\">\n\t\t\t\t<div class=\"elementor-element elementor-element-0e513df elementor-absolute elementor-widget elementor-widget-image\" data-id=\"0e513df\" data-element_type=\"widget\" data-settings=\"{&quot;_position&quot;:&quot;absolute&quot;}\" data-widget_type=\"image.default\">\n\t\t\t\t\t\t\t\t\t\t\t\t\t\t\t<img decoding=\"async\" width=\"246\" height=\"124\" src=\"https:\/\/www.rededorsaoluiz.com.br\/instituto\/idor\/wp-content\/uploads\/2025\/11\/Frame-75.png\" class=\"attachment-large size-large wp-image-578\" alt=\"\" \/>\t\t\t\t\t\t\t\t\t\t\t\t\t\t\t<\/div>\n\t\t<div class=\"elementor-element elementor-element-962d771 e-flex e-con-boxed e-con e-child\" data-id=\"962d771\" data-element_type=\"container\">\n\t\t\t\t\t<div class=\"e-con-inner\">\n\t\t\t\t<div class=\"elementor-element elementor-element-dac7a3e elementor-widget elementor-widget-texto\" data-id=\"dac7a3e\" data-element_type=\"widget\" data-widget_type=\"texto.default\">\n\t\t\t\t<div class=\"elementor-widget-container\">\n\t\t\t\t\t        <div class=\"texto-widget\">\n            <p data-renderer-start-pos=\"352\">A inova\u00e7\u00e3o \u00e9 um dos principais compromissos do Instituto D\u2019Or de Pesquisa e Ensino (IDOR). A institui\u00e7\u00e3o tem um hist\u00f3rico de investimento em pesquisa e desenvolvimento de novas tecnologias, terapias e abordagens para a sa\u00fade.\u00a0<\/p><p data-renderer-start-pos=\"580\">A partir de 2018, com a cria\u00e7\u00e3o de sua ag\u00eancia de inova\u00e7\u00e3o, o\u00a0<strong data-renderer-mark=\"true\">Open D\u00b4Or<\/strong>, o IDOR sistematizou esses esfor\u00e7os, criando um caminho para que oportunidades de inova\u00e7\u00e3o fossem identificadas e fomentadas dentro do Instituto e da Rede D\u00b4Or.\u00a0<\/p><p data-renderer-start-pos=\"815\">Em reconhecimento \u00e0 sua expertise em Biotecnologia M\u00e9dica, o IDOR foi credenciado como\u00a0<strong data-renderer-mark=\"true\">Unidade EMBRAPII de Biotecnologia M\u00e9dica<\/strong>\u00a0que, atrav\u00e9s de parceria com empresas e startups de base tecnol\u00f3gica, promove a inova\u00e7\u00e3o em sa\u00fade.\u00a0<\/p>        <\/div>\n        \t\t\t\t<\/div>\n\t\t\t\t<\/div>\n\t\t\t\t\t<\/div>\n\t\t\t\t<\/div>\n\t\t\t\t\t<\/div>\n\t\t\t\t<\/div>\n\t\t<div class=\"elementor-element elementor-element-7e78a1b e-flex e-con-boxed e-con e-parent\" data-id=\"7e78a1b\" data-element_type=\"container\">\n\t\t\t\t\t<div class=\"e-con-inner\">\n\t\t\t\t<div class=\"elementor-element elementor-element-a021365 elementor-widget elementor-widget-heading\" data-id=\"a021365\" data-element_type=\"widget\" data-widget_type=\"heading.default\">\n\t\t\t\t\t<h1 class=\"elementor-heading-title elementor-size-default\">Se\u00e7\u00f5es<\/h1>\t\t\t\t<\/div>\n\t\t\t\t\t<\/div>\n\t\t\t\t<\/div>\n\t\t<div class=\"elementor-element elementor-element-a7c8925 e-flex e-con-boxed e-con e-parent\" data-id=\"a7c8925\" data-element_type=\"container\">\n\t\t\t\t\t<div class=\"e-con-inner\">\n\t\t\t\t<div class=\"elementor-element elementor-element-5f04869 elementor-widget__width-inherit elementor-widget elementor-widget-card-item\" data-id=\"5f04869\" data-element_type=\"widget\" data-widget_type=\"card-item.default\">\n\t\t\t\t<div class=\"elementor-widget-container\">\n\t\t\t\t\t        <a class=\"card-item-widget\" href=\"https:\/\/www.rededorsaoluiz.com.br\/instituto\/idor\/inovacao\/open-dor\/\" target=\"_blank\" rel=\"nofollow\">\n            <div class=\"card-thumb\">\n                <img decoding=\"async\" src=\"https:\/\/www.rededorsaoluiz.com.br\/instituto\/idor\/wp-content\/uploads\/2025\/12\/thumb-open-dor-final-2.png\" alt=\"imagem de Open D\u2019Or\">\n            <\/div>\n\n            <div class=\"card-content\">\n                <div class=\"d-flex flex-wrap align-items-center gap-3\">\n                    <span class=\"categoria\">\n                        Inova\u00e7\u00e3o                    <\/span>\n                    <span class=\"data-post\">\n                                            <\/span>\n                <\/div>\n\n                <h3>Open D\u2019Or<\/h3>\n\n                <p class=\"card-text\">Desde 2011, o IDOR investe no desenvolvimento de inova\u00e7\u00f5es a partir de resultados obtidos nas pesquisa<\/p>\n\n                <div class=\"card-footer\">\n                    <span>Leia mais<\/span>\n                    <i class=\"bi bi-chevron-right\"><\/i>\n                <\/div>\n            <\/div>\n        <\/a>\n        \t\t\t\t<\/div>\n\t\t\t\t<\/div>\n\t\t\t\t<div class=\"elementor-element elementor-element-7d2c1f2 elementor-widget__width-inherit elementor-widget elementor-widget-card-item\" data-id=\"7d2c1f2\" data-element_type=\"widget\" data-widget_type=\"card-item.default\">\n\t\t\t\t<div class=\"elementor-widget-container\">\n\t\t\t\t\t        <a class=\"card-item-widget\" href=\"https:\/\/www.rededorsaoluiz.com.br\/instituto\/idor\/inovacao\/embrapii\" target=\"_blank\" rel=\"nofollow\">\n            <div class=\"card-thumb\">\n                <img decoding=\"async\" src=\"https:\/\/www.rededorsaoluiz.com.br\/instituto\/idor\/wp-content\/uploads\/2025\/12\/thumb-unidade-embrap.jpg\" alt=\"imagem de Unidade EMBRAPII de Biotecnologia M\u00e9dica\">\n            <\/div>\n\n            <div class=\"card-content\">\n                <div class=\"d-flex flex-wrap align-items-center gap-3\">\n                    <span class=\"categoria\">\n                        Inova\u00e7\u00e3o                    <\/span>\n                    <span class=\"data-post\">\n                                            <\/span>\n                <\/div>\n\n                <h3>Unidade EMBRAPII de Biotecnologia M\u00e9dica<\/h3>\n\n                <p class=\"card-text\">O Instituto D\u2019Or de Pesquisa e Ensino (IDOR) \u00e9 credenciado pela EMBRAPII na \u00c1rea de Compet\u00eancia de Biotecnologia M\u00e9dica.<\/p>\n\n                <div class=\"card-footer\">\n                    <span>Leia mais<\/span>\n                    <i class=\"bi bi-chevron-right\"><\/i>\n                <\/div>\n            <\/div>\n        <\/a>\n        \t\t\t\t<\/div>\n\t\t\t\t<\/div>\n\t\t<div class=\"elementor-element elementor-element-c30915c e-con-full e-flex e-con e-child\" data-id=\"c30915c\" data-element_type=\"container\">\n\t\t\t\t<\/div>\n\t\t<div class=\"elementor-element elementor-element-b452c51 e-con-full e-flex e-con e-child\" data-id=\"b452c51\" data-element_type=\"container\">\n\t\t\t\t<\/div>\n\t\t\t\t\t<\/div>\n\t\t\t\t<\/div>\n\t\t<div class=\"elementor-element elementor-element-cdb8c2a e-flex e-con-boxed e-con e-parent\" data-id=\"cdb8c2a\" data-element_type=\"container\">\n\t\t\t\t\t<div class=\"e-con-inner\">\n\t\t\t\t<div class=\"elementor-element elementor-element-c6f55fc elementor-widget elementor-widget-spacer\" data-id=\"c6f55fc\" data-element_type=\"widget\" data-widget_type=\"spacer.default\">\n\t\t\t\t\t\t\t<div class=\"elementor-spacer\">\n\t\t\t<div class=\"elementor-spacer-inner\"><\/div>\n\t\t<\/div>\n\t\t\t\t\t\t<\/div>\n\t\t\t\t\t<\/div>\n\t\t\t\t<\/div>\n\t\t\t\t<\/div>\n\t\t","protected":false},"excerpt":{"rendered":"<p>Inova\u00e7\u00e3o Home A inova\u00e7\u00e3o \u00e9 um dos principais compromissos do Instituto D\u2019Or de Pesquisa e Ensino (IDOR). A institui\u00e7\u00e3o tem um hist\u00f3rico de investimento em pesquisa e desenvolvimento de novas tecnologias, terapias e abordagens para a sa\u00fade.\u00a0 A partir de 2018, com a cria\u00e7\u00e3o de sua ag\u00eancia de inova\u00e7\u00e3o, o\u00a0Open D\u00b4Or, o IDOR sistematizou esses [&hellip;]<\/p>\n","protected":false},"author":1,"featured_media":0,"parent":0,"menu_order":0,"comment_status":"closed","ping_status":"closed","template":"","meta":{"_acf_changed":false,"footnotes":""},"class_list":["post-5237","page","type-page","status-publish","hentry"],"acf":[],"yoast_head":"<!-- This site is optimized with the Yoast SEO plugin v27.3 - https:\/\/yoast.com\/product\/yoast-seo-wordpress\/ -->\n<title>Inova\u00e7\u00e3o - IDOR - Instituto D&#039;Or de Pesquisa e Ensino<\/title>\n<link rel=\"canonical\" href=\"https:\/\/ptbr.idor.org\/inovacao\/\" \/>\n<meta property=\"og:locale\" content=\"pt_BR\" \/>\n<meta property=\"og:type\" content=\"article\" \/>\n<meta property=\"og:title\" content=\"Inova\u00e7\u00e3o - IDOR - Instituto D&#039;Or de Pesquisa e Ensino\" \/>\n<meta property=\"og:description\" content=\"Inova\u00e7\u00e3o Home A inova\u00e7\u00e3o \u00e9 um dos principais compromissos do Instituto D\u2019Or de Pesquisa e Ensino (IDOR). A institui\u00e7\u00e3o tem um hist\u00f3rico de investimento em pesquisa e desenvolvimento de novas tecnologias, terapias e abordagens para a sa\u00fade.\u00a0 A partir de 2018, com a cria\u00e7\u00e3o de sua ag\u00eancia de inova\u00e7\u00e3o, o\u00a0Open D\u00b4Or, o IDOR sistematizou esses [&hellip;]\" \/>\n<meta property=\"og:url\" content=\"https:\/\/ptbr.idor.org\/inovacao\/\" \/>\n<meta property=\"og:site_name\" content=\"IDOR - Instituto D&#039;Or de Pesquisa e Ensino\" \/>\n<meta property=\"article:modified_time\" content=\"2026-04-22T12:55:48+00:00\" \/>\n<meta property=\"og:image\" content=\"https:\/\/ptbr.idor.org\/wp-content\/uploads\/2025\/11\/Frame-75.png\" \/>\n<meta name=\"twitter:card\" content=\"summary_large_image\" \/>\n<meta name=\"twitter:label1\" content=\"Est. tempo de leitura\" \/>\n\t<meta name=\"twitter:data1\" content=\"2 minutos\" \/>\n<script type=\"application\/ld+json\" class=\"yoast-schema-graph\">{\"@context\":\"https:\\\/\\\/schema.org\",\"@graph\":[{\"@type\":\"WebPage\",\"@id\":\"https:\\\/\\\/ptbr.idor.org\\\/inovacao\\\/\",\"url\":\"https:\\\/\\\/ptbr.idor.org\\\/inovacao\\\/\",\"name\":\"Inova\u00e7\u00e3o - IDOR - Instituto D&#039;Or de Pesquisa e Ensino\",\"isPartOf\":{\"@id\":\"https:\\\/\\\/ptbr.idor.org\\\/#website\"},\"primaryImageOfPage\":{\"@id\":\"https:\\\/\\\/ptbr.idor.org\\\/inovacao\\\/#primaryimage\"},\"image\":{\"@id\":\"https:\\\/\\\/ptbr.idor.org\\\/inovacao\\\/#primaryimage\"},\"thumbnailUrl\":\"https:\\\/\\\/ptbr.idor.org\\\/wp-content\\\/uploads\\\/2025\\\/11\\\/Frame-75.png\",\"datePublished\":\"2025-12-05T15:31:54+00:00\",\"dateModified\":\"2026-04-22T12:55:48+00:00\",\"breadcrumb\":{\"@id\":\"https:\\\/\\\/ptbr.idor.org\\\/inovacao\\\/#breadcrumb\"},\"inLanguage\":\"pt-BR\",\"potentialAction\":[{\"@type\":\"ReadAction\",\"target\":[\"https:\\\/\\\/ptbr.idor.org\\\/inovacao\\\/\"]}]},{\"@type\":\"ImageObject\",\"inLanguage\":\"pt-BR\",\"@id\":\"https:\\\/\\\/ptbr.idor.org\\\/inovacao\\\/#primaryimage\",\"url\":\"https:\\\/\\\/ptbr.idor.org\\\/wp-content\\\/uploads\\\/2025\\\/11\\\/Frame-75.png\",\"contentUrl\":\"https:\\\/\\\/ptbr.idor.org\\\/wp-content\\\/uploads\\\/2025\\\/11\\\/Frame-75.png\"},{\"@type\":\"BreadcrumbList\",\"@id\":\"https:\\\/\\\/ptbr.idor.org\\\/inovacao\\\/#breadcrumb\",\"itemListElement\":[{\"@type\":\"ListItem\",\"position\":1,\"name\":\"In\u00edcio\",\"item\":\"https:\\\/\\\/ptbr.idor.org\\\/\"},{\"@type\":\"ListItem\",\"position\":2,\"name\":\"Inova\u00e7\u00e3o\"}]},{\"@type\":\"WebSite\",\"@id\":\"https:\\\/\\\/ptbr.idor.org\\\/#website\",\"url\":\"https:\\\/\\\/ptbr.idor.org\\\/\",\"name\":\"IDOR - Instituto D&#039;Or de Pesquisa e Ensino\",\"description\":\"\",\"potentialAction\":[{\"@type\":\"SearchAction\",\"target\":{\"@type\":\"EntryPoint\",\"urlTemplate\":\"https:\\\/\\\/ptbr.idor.org\\\/?s={search_term_string}\"},\"query-input\":{\"@type\":\"PropertyValueSpecification\",\"valueRequired\":true,\"valueName\":\"search_term_string\"}}],\"inLanguage\":\"pt-BR\"}]}<\/script>\n<!-- \/ Yoast SEO plugin. -->","yoast_head_json":{"title":"Inova\u00e7\u00e3o - IDOR - Instituto D&#039;Or de Pesquisa e Ensino","canonical":"https:\/\/ptbr.idor.org\/inovacao\/","og_locale":"pt_BR","og_type":"article","og_title":"Inova\u00e7\u00e3o - IDOR - Instituto D&#039;Or de Pesquisa e Ensino","og_description":"Inova\u00e7\u00e3o Home A inova\u00e7\u00e3o \u00e9 um dos principais compromissos do Instituto D\u2019Or de Pesquisa e Ensino (IDOR). A institui\u00e7\u00e3o tem um hist\u00f3rico de investimento em pesquisa e desenvolvimento de novas tecnologias, terapias e abordagens para a sa\u00fade.\u00a0 A partir de 2018, com a cria\u00e7\u00e3o de sua ag\u00eancia de inova\u00e7\u00e3o, o\u00a0Open D\u00b4Or, o IDOR sistematizou esses [&hellip;]","og_url":"https:\/\/ptbr.idor.org\/inovacao\/","og_site_name":"IDOR - Instituto D&#039;Or de Pesquisa e Ensino","article_modified_time":"2026-04-22T12:55:48+00:00","og_image":[{"url":"https:\/\/ptbr.idor.org\/wp-content\/uploads\/2025\/11\/Frame-75.png","type":"","width":"","height":""}],"twitter_card":"summary_large_image","twitter_misc":{"Est. tempo de leitura":"2 minutos"},"schema":{"@context":"https:\/\/schema.org","@graph":[{"@type":"WebPage","@id":"https:\/\/ptbr.idor.org\/inovacao\/","url":"https:\/\/ptbr.idor.org\/inovacao\/","name":"Inova\u00e7\u00e3o - IDOR - Instituto D&#039;Or de Pesquisa e Ensino","isPartOf":{"@id":"https:\/\/ptbr.idor.org\/#website"},"primaryImageOfPage":{"@id":"https:\/\/ptbr.idor.org\/inovacao\/#primaryimage"},"image":{"@id":"https:\/\/ptbr.idor.org\/inovacao\/#primaryimage"},"thumbnailUrl":"https:\/\/ptbr.idor.org\/wp-content\/uploads\/2025\/11\/Frame-75.png","datePublished":"2025-12-05T15:31:54+00:00","dateModified":"2026-04-22T12:55:48+00:00","breadcrumb":{"@id":"https:\/\/ptbr.idor.org\/inovacao\/#breadcrumb"},"inLanguage":"pt-BR","potentialAction":[{"@type":"ReadAction","target":["https:\/\/ptbr.idor.org\/inovacao\/"]}]},{"@type":"ImageObject","inLanguage":"pt-BR","@id":"https:\/\/ptbr.idor.org\/inovacao\/#primaryimage","url":"https:\/\/ptbr.idor.org\/wp-content\/uploads\/2025\/11\/Frame-75.png","contentUrl":"https:\/\/ptbr.idor.org\/wp-content\/uploads\/2025\/11\/Frame-75.png"},{"@type":"BreadcrumbList","@id":"https:\/\/ptbr.idor.org\/inovacao\/#breadcrumb","itemListElement":[{"@type":"ListItem","position":1,"name":"In\u00edcio","item":"https:\/\/ptbr.idor.org\/"},{"@type":"ListItem","position":2,"name":"Inova\u00e7\u00e3o"}]},{"@type":"WebSite","@id":"https:\/\/ptbr.idor.org\/#website","url":"https:\/\/ptbr.idor.org\/","name":"IDOR - Instituto D&#039;Or de Pesquisa e Ensino","description":"","potentialAction":[{"@type":"SearchAction","target":{"@type":"EntryPoint","urlTemplate":"https:\/\/ptbr.idor.org\/?s={search_term_string}"},"query-input":{"@type":"PropertyValueSpecification","valueRequired":true,"valueName":"search_term_string"}}],"inLanguage":"pt-BR"}]}},"_links":{"self":[{"href":"https:\/\/www.rededorsaoluiz.com.br\/instituto\/idor\/wp-json\/wp\/v2\/pages\/5237","targetHints":{"allow":["GET"]}}],"collection":[{"href":"https:\/\/www.rededorsaoluiz.com.br\/instituto\/idor\/wp-json\/wp\/v2\/pages"}],"about":[{"href":"https:\/\/www.rededorsaoluiz.com.br\/instituto\/idor\/wp-json\/wp\/v2\/types\/page"}],"author":[{"embeddable":true,"href":"https:\/\/www.rededorsaoluiz.com.br\/instituto\/idor\/wp-json\/wp\/v2\/users\/1"}],"replies":[{"embeddable":true,"href":"https:\/\/www.rededorsaoluiz.com.br\/instituto\/idor\/wp-json\/wp\/v2\/comments?post=5237"}],"version-history":[{"count":27,"href":"https:\/\/www.rededorsaoluiz.com.br\/instituto\/idor\/wp-json\/wp\/v2\/pages\/5237\/revisions"}],"predecessor-version":[{"id":20717,"href":"https:\/\/www.rededorsaoluiz.com.br\/instituto\/idor\/wp-json\/wp\/v2\/pages\/5237\/revisions\/20717"}],"wp:attachment":[{"href":"https:\/\/www.rededorsaoluiz.com.br\/instituto\/idor\/wp-json\/wp\/v2\/media?parent=5237"}],"curies":[{"name":"wp","href":"https:\/\/api.w.org\/{rel}","templated":true}]}}