{"id":76977,"date":"2025-11-10T17:16:30","date_gmt":"2025-11-10T20:16:30","guid":{"rendered":"https:\/\/idor.clientes.lojainterativa.com\/?page_id=76977"},"modified":"2025-12-23T17:14:16","modified_gmt":"2025-12-23T20:14:16","slug":"programa-de-iniciacao-cientifica-do-idor-e-estudantes-do-ensino-medio-jovens-talentos","status":"publish","type":"page","link":"https:\/\/www.rededorsaoluiz.com.br\/instituto\/idor\/programa-de-iniciacao-cientifica-do-idor-e-estudantes-do-ensino-medio-jovens-talentos\/","title":{"rendered":"Programa de Inicia\u00e7\u00e3o Cient\u00edfica do IDOR (PIC\/IDOR) e Estudantes do Ensino M\u00e9dio (Jovens Talentos)"},"content":{"rendered":"<div class=\"wpb-content-wrapper\"><p>[vc_row][vc_column][vc_column_text]O Programa de Inicia\u00e7\u00e3o Cient\u00edfica do IDOR visa oferecer aos alunos participantes a oportunidade de aprendizagem de t\u00e9cnicas e m\u00e9todos de pesquisa, suas etapas, bem como estimular o pensar cient\u00edfico e da criatividade, decorrentes das condi\u00e7\u00f5es criadas pelo desenvolvimento da pesquisa.[\/vc_column_text][vc_column_text css=&#8221;&#8221;]<strong>O edital deve ser lido atentamente, pois cont\u00eam informa\u00e7\u00f5es importantes quanto ao procedimento para submiss\u00e3o da proposta e \u00e0s etapas de sele\u00e7\u00e3o e divulga\u00e7\u00e3o do(s) contemplado(s).<\/strong>[\/vc_column_text][\/vc_column][\/vc_row][vc_row][vc_column width=&#8221;1\/2&#8243;][vc_column_text css=&#8221;&#8221;]<\/p>\n<h6 class=\"text-azul\">Principais Objetivos<\/h6>\n<ul>\n<li>Oferecer aos alunos participantes a oportunidade de aprendizagem de t\u00e9cnicas e m\u00e9todos de pesquisa, suas etapas, bem como estimular o desenvolvimento do pensar cient\u00edfico e da criatividade, decorrentes das condi\u00e7\u00f5es criadas pelo desenvolvimento da pesquisa;<\/li>\n<li>Estimular pesquisadores produtivos a envolverem alunos de gradua\u00e7\u00e3o nas atividades cient\u00edficas de pesquisas b\u00e1sicas, cl\u00ednicas e translacionais, e dessa forma despertar voca\u00e7\u00e3o cient\u00edfica e incentivar novos talentos entre os estudantes;<\/li>\n<li>Contribuir para despertar o interesse em carreiras cient\u00edficas e no ingresso futuro em programas de p\u00f3s-gradua\u00e7\u00e3o;<\/li>\n<li>Estimular a reflex\u00e3o sobre os aspectos \u00e9ticos em pesquisa.<\/li>\n<\/ul>\n<p>[\/vc_column_text][vc_empty_space][\/vc_column][vc_column width=&#8221;1\/2&#8243;][vc_single_image image=&#8221;77091&#8243; img_size=&#8221;full&#8221; css=&#8221;&#8221;][\/vc_column][\/vc_row][vc_row][vc_column width=&#8221;1\/2&#8243;][vc_text_separator title=&#8221;Principais Informa\u00e7\u00f5es&#8221; css=&#8221;&#8221;][vc_column_text css=&#8221;&#8221;]<strong>Per\u00edodo de Inscri\u00e7\u00e3o:<\/strong> 01 a 15\/12<\/p>\n<p style=\"text-align: left;\"><strong><a href=\"https:\/\/www.rededorsaoluiz.com.br\/instituto\/idor\/wp-content\/uploads\/2025\/11\/vFINAL-Edital-02-2025_Iniciacao_Cientifica_IDOR.docx\">ACESSE AQUI O EDITAL<\/a><\/strong><\/p>\n<p><a href=\"https:\/\/www.rededorsaoluiz.com.br\/instituto\/idor\/wp-content\/uploads\/2025\/11\/Anexo-II-Formulario-do-Candidato.pdf\">Acesse o Anexo II &#8211; Formul\u00e1rio do Candidato<\/a><\/p>\n<p><a href=\"https:\/\/www.rededorsaoluiz.com.br\/instituto\/idor\/wp-content\/uploads\/2025\/11\/Relacao-dos-Projetos-Disponiveis_Iniciacao-Cientifica-1.docx\">Projetos dispon\u00edveis<\/a><\/p>\n<p><a href=\"https:\/\/www.rededorsaoluiz.com.br\/instituto\/idor\/wp-content\/uploads\/2025\/12\/EDITAL-02_2025-Iniciacao-Cientifica-Classificados-Etapa-1-x-Selecionados-Etapa-2.pdf\">CONSULTE AQUI A RELA\u00c7\u00c3O DE CANDIDATOS SELECIONADOS<\/a><\/p>\n<p><strong>Em breve os classificados e selecionados, receber\u00e3o e-mail do PPGCM-IDOR.<\/strong>[\/vc_column_text][vc_empty_space][\/vc_column][vc_column width=&#8221;1\/2&#8243;][vc_empty_space][\/vc_column][\/vc_row][vc_row][vc_column][vc_text_separator title=&#8221;Como se inscrever&#8221; css=&#8221;&#8221;][vc_column_text css=&#8221;&#8221;]Preencher o formul\u00e1rio de Inscri\u00e7\u00e3o para Inicia\u00e7\u00e3o Cient\u00edfica (Anexo II do edital);<\/p>\n<p>Al\u00e9m disso, deve ser enviado:<\/p>\n<ul>\n<li>CARTA DE MOTIVA\u00c7\u00c3O (m\u00e1ximo uma p\u00e1gina), na qual deve descrever o motivo pelo qual est\u00e1 se candidatando a inicia\u00e7\u00e3o cient\u00edfica, como pode contribuir para a atividade, destacando suas qualidades e pontos de desenvolvimento.<\/li>\n<li>CV Lattes.<\/li>\n<li>Hist\u00f3rico escolar atualizado, com CR \u2265 7, ou equivalente, conforme a institui\u00e7\u00e3o.<\/li>\n<li>Comprovante de matr\u00edcula na Institui\u00e7\u00e3o de ensino superior (Inicia\u00e7\u00e3o Cient\u00edfica).<\/li>\n<li>Declara\u00e7\u00e3o que n\u00e3o recebe bolsa de inicia\u00e7\u00e3o cient\u00edfica ou de Jovem Talento de outras institui\u00e7\u00f5es e\/ou ag\u00eancias de fomento.<\/li>\n<\/ul>\n<p>[\/vc_column_text][vc_column_text css=&#8221;&#8221;]A documenta\u00e7\u00e3o deve ser enviada por email para: ppgcm@idor.org com o assunto &#8220;EDITAL DE INICIA\u00c7\u00c3O CIENT\u00cdFICA &#8211; JOVENS TALENTOS&#8221;[\/vc_column_text][\/vc_column][\/vc_row][vc_row full_width=&#8221;stretch_row&#8221;][vc_column css=&#8221;.vc_custom_1635178644185{padding-top: 0px !important;}&#8221;][vc_btn title=&#8221;Visite o Portal e saiba mais sobre o Programa&#8221; color=&#8221;blue&#8221; align=&#8221;left&#8221; link=&#8221;url:https%3A%2F%2Fw1.solucaoatrio.net.br%2Fsomos%2Fidor-ppgcm%2Findex.php%2Fpt%2F&#8221;][vc_row_inner css=&#8221;.vc_custom_1635178575181{margin-top: 0px !important;padding-top: 0px !important;}&#8221;][vc_column_inner css=&#8221;.vc_custom_1635178595693{padding-top: 0px !important;}&#8221;][vc_column_text css=&#8221;.vc_custom_1761335105713{margin-top: 40px !important;}&#8221;]<\/p>\n<h5><span style=\"color: #1f369a;\">Precisando de ajuda?<\/span><\/h5>\n<p>Entre em contato com a Secretaria de P\u00f3s-Gradua\u00e7\u00e3o <em>Stricto Sensu<\/em>: <a href=\"mailto:ppgcm@idor.org\">ppgcm@idor.org<\/a>[\/vc_column_text][\/vc_column_inner][\/vc_row_inner][\/vc_column][\/vc_row]<\/p>\n<\/div>","protected":false},"excerpt":{"rendered":"<p>[vc_row][vc_column][vc_column_text]O Programa de Inicia\u00e7\u00e3o Cient\u00edfica do IDOR visa oferecer aos alunos participantes a oportunidade [&hellip;]<\/p>\n","protected":false},"author":4,"featured_media":77091,"parent":0,"menu_order":0,"comment_status":"closed","ping_status":"closed","template":"","meta":{"ngg_post_thumbnail":0,"_joinchat":[],"footnotes":""},"class_list":["post-76977","page","type-page","status-publish","has-post-thumbnail","hentry"],"acf":[],"_links":{"self":[{"href":"https:\/\/www.rededorsaoluiz.com.br\/instituto\/idor\/wp-json\/wp\/v2\/pages\/76977","targetHints":{"allow":["GET"]}}],"collection":[{"href":"https:\/\/www.rededorsaoluiz.com.br\/instituto\/idor\/wp-json\/wp\/v2\/pages"}],"about":[{"href":"https:\/\/www.rededorsaoluiz.com.br\/instituto\/idor\/wp-json\/wp\/v2\/types\/page"}],"author":[{"embeddable":true,"href":"https:\/\/www.rededorsaoluiz.com.br\/instituto\/idor\/wp-json\/wp\/v2\/users\/4"}],"replies":[{"embeddable":true,"href":"https:\/\/www.rededorsaoluiz.com.br\/instituto\/idor\/wp-json\/wp\/v2\/comments?post=76977"}],"version-history":[{"count":16,"href":"https:\/\/www.rededorsaoluiz.com.br\/instituto\/idor\/wp-json\/wp\/v2\/pages\/76977\/revisions"}],"predecessor-version":[{"id":79591,"href":"https:\/\/www.rededorsaoluiz.com.br\/instituto\/idor\/wp-json\/wp\/v2\/pages\/76977\/revisions\/79591"}],"wp:featuredmedia":[{"embeddable":true,"href":"https:\/\/www.rededorsaoluiz.com.br\/instituto\/idor\/wp-json\/wp\/v2\/media\/77091"}],"wp:attachment":[{"href":"https:\/\/www.rededorsaoluiz.com.br\/instituto\/idor\/wp-json\/wp\/v2\/media?parent=76977"}],"curies":[{"name":"wp","href":"https:\/\/api.w.org\/{rel}","templated":true}]}}