{"id":8693,"date":"2022-03-08T19:20:58","date_gmt":"2022-03-08T22:20:58","guid":{"rendered":"https:\/\/idor.clientes.lojainterativa.com\/?page_id=8693"},"modified":"2026-01-05T14:32:01","modified_gmt":"2026-01-05T17:32:01","slug":"comite-de-etica-em-pesquisa-do-hospital-sao-rafael","status":"publish","type":"page","link":"https:\/\/www.rededorsaoluiz.com.br\/instituto\/idor\/pesquisa\/comite-de-etica-em-pesquisa-cep\/comite-de-etica-em-pesquisa-do-hospital-sao-rafael\/","title":{"rendered":"Comit\u00ea de \u00c9tica em Pesquisa do Hospital S\u00e3o Rafael"},"content":{"rendered":"<div class=\"wpb-content-wrapper\"><p>[vc_row full_width=&#8221;stretch_row&#8221; css=&#8221;.vc_custom_1646834257390{margin-bottom: 50px !important;}&#8221;][vc_column][vc_row_inner][vc_column_inner width=&#8221;2\/3&#8243;][vc_column_text el_class=&#8221;sumario&#8221;]<\/p>\n<h5><strong>Sobre o CEP<\/strong><\/h5>\n<p>[\/vc_column_text][vc_column_text]O Comit\u00ea de \u00c9tica em Pesquisa do Hospital S\u00e3o Rafael \u00e9 um \u00f3rg\u00e3o colegiado independente de natureza t\u00e9cnico-cient\u00edfica constitu\u00eddo nos termos da Resolu\u00e7\u00e3o n\u00ba 466\/2012 do Conselho Nacional de Sa\u00fade (CNS) e Norma Operacional n\u00ba 001\/2013 (CNS) que apoia as atividades de pesquisa no \u00e2mbito da <strong>REGIONAL SALVADOR<\/strong>, atrav\u00e9s do v\u00ednculo com o CNPJ <strong>12.433.137\/0004-61.<\/strong>[\/vc_column_text][\/vc_column_inner][vc_column_inner width=&#8221;1\/3&#8243;][vc_single_image image=&#8221;8800&#8243; img_size=&#8221;full&#8221;][\/vc_column_inner][\/vc_row_inner][\/vc_column][\/vc_row][vc_row full_width=&#8221;stretch_row&#8221; css=&#8221;.vc_custom_1646834263857{margin-bottom: 50px !important;}&#8221;][vc_column][vc_row_inner][vc_column_inner][vc_column_text el_class=&#8221;sumario&#8221;]<\/p>\n<h5><strong>Contato<\/strong><\/h5>\n<p>[\/vc_column_text][vc_column_text]<strong>Endere\u00e7o:<\/strong> Av. S\u00e3o Rafael, 2152, 4\u00ba andar, Ala B \u2013 S\u00e3o Marcos, Salvador \u2013 BA, CEP 41253-190<br \/>\n<strong>E-mail:<\/strong>&nbsp;cep@hsr.com.br<br \/>\n<strong>Telefone:<\/strong> +55 (71) 3281-6484<br \/>\n<strong>Hor\u00e1rio de atendimento<\/strong>: Segunda \u00e0 quinta-feira das 07hs \u00e0s 12hs e das 13hs \u00e0s 17hs e sexta-feira das 07hs \u00e0s 12hs e das 13hs \u00e0s 16hs[\/vc_column_text][\/vc_column_inner][\/vc_row_inner][\/vc_column][\/vc_row][vc_row full_width=&#8221;stretch_row&#8221; css=&#8221;.vc_custom_1646834286967{margin-bottom: 50px !important;}&#8221;][vc_column][vc_row_inner][vc_column_inner][vc_column_text el_class=&#8221;sumario&#8221;]<\/p>\n<h5><strong>Prazos e calend\u00e1rio de reuni\u00f5es<\/strong><\/h5>\n<p>[\/vc_column_text][vc_column_text]O CEP tem o prazo de 30 dias corridos para liberar o parecer. Este prazo deve ser contado a partir da data em que o projeto entrou em aprecia\u00e7\u00e3o \u00e9tica (ou seja, ap\u00f3s passar pela valida\u00e7\u00e3o dos documentos que leva em torno de 10 dias e onde \u00e9 gerado tamb\u00e9m n\u00famero do CAAE &#8211; Certificado de Apresenta\u00e7\u00e3o para a Aprecia\u00e7\u00e3o \u00c9tica).<\/p>\n<p>Se o projeto necessitar de aprecia\u00e7\u00e3o da CONEP o prazo para valida\u00e7\u00e3o dos documentos \u00e9 de 15 dias e para aprecia\u00e7\u00e3o \u00e9tica \u00e9 de 45 dias.<\/p>\n<p>As reuni\u00f5es do CEP acontecem mensalmente.[\/vc_column_text][vc_column_text css=&#8221;&#8221;]<a href=\"https:\/\/www.rededorsaoluiz.com.br\/instituto\/idor\/wp-content\/uploads\/2026\/01\/Calendario-CEP-HSR-2026.pdf\">Calend\u00e1rio de reuni\u00f5es de 2026 e as data limites para submiss\u00e3o<\/a>[\/vc_column_text][\/vc_column_inner][\/vc_row_inner][\/vc_column][\/vc_row][vc_row full_width=&#8221;stretch_row&#8221; css=&#8221;.vc_custom_1646834292381{margin-bottom: 50px !important;}&#8221;][vc_column][vc_row_inner][vc_column_inner][vc_column_text el_class=&#8221;sumario&#8221;]<\/p>\n<h5><strong>Regimento<\/strong><\/h5>\n<p>[\/vc_column_text][vc_column_text css=&#8221;&#8221;]Documento que estabelece a constitui\u00e7\u00e3o, a compet\u00eancia e o funcionamento do Comit\u00ea de \u00c9tica em Pesquisa do Hospital S\u00e3o Rafael.<\/p>\n<p><a href=\"https:\/\/www.rededorsaoluiz.com.br\/instituto\/idor\/wp-content\/uploads\/2025\/10\/29.10.2025-Regimento-Interno-do-Comite-de-Etica-em-Pesquisa-do-HSR-revisao-2.pdf\">Acessar o regimento<\/a>[\/vc_column_text][\/vc_column_inner][\/vc_row_inner][\/vc_column][\/vc_row][vc_row full_width=&#8221;stretch_row&#8221; css=&#8221;.vc_custom_1646834298387{margin-bottom: 50px !important;}&#8221;][vc_column][vc_row_inner][vc_column_inner][vc_column_text el_class=&#8221;sumario&#8221;]<\/p>\n<h5><strong>Renova\u00e7\u00e3o de registro <\/strong><\/h5>\n<p>[\/vc_column_text][vc_column_text]A delibera\u00e7\u00e3o da CONEP referente ao pedido de renova\u00e7\u00e3o do registro deste Comit\u00ea de \u00c9tica foi emitida em 16\/08\/2019 com parecer favor\u00e1vel. A renova\u00e7\u00e3o \u00e9 v\u00e1lida por tr\u00eas anos a partir desta data.[\/vc_column_text][vc_column_text]<a class=\"btn btn-azul\" href=\"https:\/\/www.rededorsaoluiz.com.br\/instituto\/idor\/wp-content\/uploads\/2023\/10\/APROVACAO-CEP-HSR-CONEP-2022.pdf\">Acessar a carta de renova\u00e7\u00e3o<br \/>\n<\/a>[\/vc_column_text][\/vc_column_inner][\/vc_row_inner][\/vc_column][\/vc_row][vc_row full_width=&#8221;stretch_row&#8221; css=&#8221;.vc_custom_1646834305174{margin-bottom: 50px !important;}&#8221;][vc_column][vc_row_inner][vc_column_inner][vc_column_text el_class=&#8221;sumario&#8221;]<\/p>\n<h5><strong>Lista de membros<\/strong><\/h5>\n<p>[\/vc_column_text][vc_column_text css=&#8221;&#8221;]<a class=\"btn btn-azul\" href=\"https:\/\/www.rededorsaoluiz.com.br\/instituto\/idor\/wp-content\/uploads\/2026\/01\/Lista-de-Membros-do-CEP-HSR.pdf\">Acessar a lista de membros<\/a>[\/vc_column_text][\/vc_column_inner][\/vc_row_inner][\/vc_column][\/vc_row]<\/p>\n<\/div>","protected":false},"excerpt":{"rendered":"<p>[vc_row full_width=&#8221;stretch_row&#8221; css=&#8221;.vc_custom_1646834257390{margin-bottom: 50px !important;}&#8221;][vc_column][vc_row_inner][vc_column_inner width=&#8221;2\/3&#8243;][vc_column_text el_class=&#8221;sumario&#8221;] Sobre o CEP [\/vc_column_text][vc_column_text]O Comit\u00ea de \u00c9tica [&hellip;]<\/p>\n","protected":false},"author":1,"featured_media":8801,"parent":8648,"menu_order":0,"comment_status":"closed","ping_status":"closed","template":"","meta":{"ngg_post_thumbnail":0,"_joinchat":[],"footnotes":""},"class_list":["post-8693","page","type-page","status-publish","has-post-thumbnail","hentry"],"acf":[],"_links":{"self":[{"href":"https:\/\/www.rededorsaoluiz.com.br\/instituto\/idor\/wp-json\/wp\/v2\/pages\/8693","targetHints":{"allow":["GET"]}}],"collection":[{"href":"https:\/\/www.rededorsaoluiz.com.br\/instituto\/idor\/wp-json\/wp\/v2\/pages"}],"about":[{"href":"https:\/\/www.rededorsaoluiz.com.br\/instituto\/idor\/wp-json\/wp\/v2\/types\/page"}],"author":[{"embeddable":true,"href":"https:\/\/www.rededorsaoluiz.com.br\/instituto\/idor\/wp-json\/wp\/v2\/users\/1"}],"replies":[{"embeddable":true,"href":"https:\/\/www.rededorsaoluiz.com.br\/instituto\/idor\/wp-json\/wp\/v2\/comments?post=8693"}],"version-history":[{"count":16,"href":"https:\/\/www.rededorsaoluiz.com.br\/instituto\/idor\/wp-json\/wp\/v2\/pages\/8693\/revisions"}],"predecessor-version":[{"id":80043,"href":"https:\/\/www.rededorsaoluiz.com.br\/instituto\/idor\/wp-json\/wp\/v2\/pages\/8693\/revisions\/80043"}],"up":[{"embeddable":true,"href":"https:\/\/www.rededorsaoluiz.com.br\/instituto\/idor\/wp-json\/wp\/v2\/pages\/8648"}],"wp:featuredmedia":[{"embeddable":true,"href":"https:\/\/www.rededorsaoluiz.com.br\/instituto\/idor\/wp-json\/wp\/v2\/media\/8801"}],"wp:attachment":[{"href":"https:\/\/www.rededorsaoluiz.com.br\/instituto\/idor\/wp-json\/wp\/v2\/media?parent=8693"}],"curies":[{"name":"wp","href":"https:\/\/api.w.org\/{rel}","templated":true}]}}