{"id":9257,"date":"2025-12-05T17:19:47","date_gmt":"2025-12-05T20:19:47","guid":{"rendered":"https:\/\/ptbr.idor.org\/?page_id=9257"},"modified":"2025-12-11T11:51:07","modified_gmt":"2025-12-11T14:51:07","slug":"servicos","status":"publish","type":"page","link":"https:\/\/www.rededorsaoluiz.com.br\/instituto\/idor\/servicos\/","title":{"rendered":"Servi\u00e7os"},"content":{"rendered":"\t\t<div data-elementor-type=\"wp-page\" data-elementor-id=\"9257\" class=\"elementor elementor-9257\" data-elementor-post-type=\"page\">\n\t\t\t\t<div class=\"elementor-element elementor-element-8e0ed40 e-flex e-con-boxed e-con e-parent\" data-id=\"8e0ed40\" data-element_type=\"container\" data-settings=\"{&quot;background_background&quot;:&quot;slideshow&quot;,&quot;background_slideshow_gallery&quot;:[{&quot;id&quot;:14563,&quot;url&quot;:&quot;https:\\\/\\\/www.rededorsaoluiz.com.br\/instituto\/idor\\\/wp-content\\\/uploads\\\/2025\\\/12\\\/closeup-on-a-doctor-woman-sitting-at-his-office-de-2025-02-03-09-31-07-utc-scaled.png&quot;}],&quot;background_slideshow_loop&quot;:&quot;yes&quot;,&quot;background_slideshow_slide_duration&quot;:5000,&quot;background_slideshow_slide_transition&quot;:&quot;fade&quot;,&quot;background_slideshow_transition_duration&quot;:500}\">\n\t\t\t\t\t<div class=\"e-con-inner\">\n\t\t\t\t<div class=\"elementor-element elementor-element-0fdb9ae elementor-widget elementor-widget-title-idor\" data-id=\"0fdb9ae\" data-element_type=\"widget\" data-widget_type=\"title-idor.default\">\n\t\t\t\t<div class=\"elementor-widget-container\">\n\t\t\t\t\t        <div class=\"title-idor-widget\">\n            <h2 class=\"title\">Servi\u00e7os<\/h2>\n        <\/div>\n        \t\t\t\t<\/div>\n\t\t\t\t<\/div>\n\t\t\t\t<div class=\"elementor-element elementor-element-f6bb214 elementor-widget elementor-widget-breadcrumb-idor\" data-id=\"f6bb214\" data-element_type=\"widget\" data-widget_type=\"breadcrumb-idor.default\">\n\t\t\t\t<div class=\"elementor-widget-container\">\n\t\t\t\t\t        <div class=\"breadcrumb-widget\">\n                                                <a href=\"https:\/\/www.rededorsaoluiz.com.br\/instituto\/idor\/\">Home<\/a>\n                                \n                                    <\/div>\n        \t\t\t\t<\/div>\n\t\t\t\t<\/div>\n\t\t\t\t\t<\/div>\n\t\t\t\t<\/div>\n\t\t<div class=\"elementor-element elementor-element-b3f1422 e-flex e-con-boxed e-con e-parent\" data-id=\"b3f1422\" data-element_type=\"container\">\n\t\t\t\t\t<div class=\"e-con-inner\">\n\t\t\t\t<div class=\"elementor-element elementor-element-3a2f5d5 elementor-widget elementor-widget-spacer\" data-id=\"3a2f5d5\" data-element_type=\"widget\" data-widget_type=\"spacer.default\">\n\t\t\t\t\t\t\t<div class=\"elementor-spacer\">\n\t\t\t<div class=\"elementor-spacer-inner\"><\/div>\n\t\t<\/div>\n\t\t\t\t\t\t<\/div>\n\t\t\t\t<div class=\"elementor-element elementor-element-40db032 elementor-widget elementor-widget-text-editor\" data-id=\"40db032\" data-element_type=\"widget\" data-widget_type=\"text-editor.default\">\n\t\t\t\t\t\t\t\t\t<p>Os servi\u00e7os representam uma parte fundamental da economia, caracterizando-se por atividades que envolvem a presta\u00e7\u00e3o de solu\u00e7\u00f5es, atendimentos ou fun\u00e7\u00f5es que n\u00e3o resultam em um produto f\u00edsico, mas entregam valor ao cliente. Diferentes setores, como sa\u00fade, educa\u00e7\u00e3o, transporte, tecnologia e entretenimento, dependem diretamente de servi\u00e7os para funcionar. Eles podem ser prestados por profissionais aut\u00f4nomos, empresas especializadas ou institui\u00e7\u00f5es p\u00fablicas, sempre com o objetivo de atender necessidades espec\u00edficas, melhorar processos ou facilitar a vida das pessoas. Um bom servi\u00e7o costuma envolver qualidade, efici\u00eancia, cordialidade e foco na satisfa\u00e7\u00e3o do cliente, tornando-se um diferencial competitivo no mercado atual.<\/p>\t\t\t\t\t\t\t\t<\/div>\n\t\t\t\t<div class=\"elementor-element elementor-element-c3cf8da elementor-widget elementor-widget-title-idor\" data-id=\"c3cf8da\" data-element_type=\"widget\" data-widget_type=\"title-idor.default\">\n\t\t\t\t<div class=\"elementor-widget-container\">\n\t\t\t\t\t        <div class=\"title-idor-widget\">\n            <h2 class=\"title\">Se\u00e7\u00f5es<\/h2>\n        <\/div>\n        \t\t\t\t<\/div>\n\t\t\t\t<\/div>\n\t\t\t\t\t<\/div>\n\t\t\t\t<\/div>\n\t\t<div class=\"elementor-element elementor-element-314593f e-flex e-con-boxed e-con e-parent\" data-id=\"314593f\" data-element_type=\"container\">\n\t\t\t\t\t<div class=\"e-con-inner\">\n\t\t\t\t<div class=\"elementor-element elementor-element-cd4d280 elementor-widget__width-inherit elementor-widget elementor-widget-card-item\" data-id=\"cd4d280\" data-element_type=\"widget\" data-widget_type=\"card-item.default\">\n\t\t\t\t<div class=\"elementor-widget-container\">\n\t\t\t\t\t        <a class=\"card-item-widget\" href=\"https:\/\/www.rededorsaoluiz.com.br\/instituto\/idor\/cna-e-memory-clinic\/\" target=\"_blank\" rel=\"nofollow\">\n            <div class=\"card-thumb\">\n                <img decoding=\"async\" src=\"https:\/\/www.rededorsaoluiz.com.br\/instituto\/idor\/wp-content\/uploads\/2025\/12\/scientist.png\" alt=\"imagem de CNA e Memory Clinic\">\n            <\/div>\n\n            <div class=\"card-content\">\n                <div class=\"d-flex flex-wrap align-items-center gap-3\">\n                    <span class=\"categoria\">\n                        Pesquisa                    <\/span>\n                    <span class=\"data-post\">\n                                            <\/span>\n                <\/div>\n\n                <h3>CNA e Memory Clinic<\/h3>\n\n                <p class=\"card-text\">O Centro de Neuropsicologia Aplicada (CNA) e a Memory Clinic s\u00e3o servi\u00e7os do Instituto D\u2019Or de Pesquisa e Ensino dedicado a avalia\u00e7\u00e3o neuropsicol\u00f3gica de crian\u00e7as, adolescentes e adultos.<\/p>\n\n                <div class=\"card-footer\">\n                    <span>Leia mais<\/span>\n                    <i class=\"bi bi-chevron-right\"><\/i>\n                <\/div>\n            <\/div>\n        <\/a>\n        \t\t\t\t<\/div>\n\t\t\t\t<\/div>\n\t\t\t\t<div class=\"elementor-element elementor-element-f1edb98 elementor-widget__width-inherit elementor-widget elementor-widget-card-item\" data-id=\"f1edb98\" data-element_type=\"widget\" data-widget_type=\"card-item.default\">\n\t\t\t\t<div class=\"elementor-widget-container\">\n\t\t\t\t\t        <a class=\"card-item-widget\" href=\"https:\/\/saudemental.idor.org\/\" target=\"_blank\" rel=\"nofollow\">\n            <div class=\"card-thumb\">\n                <img decoding=\"async\" src=\"https:\/\/www.rededorsaoluiz.com.br\/instituto\/idor\/wp-content\/uploads\/2025\/12\/psychological-therapy-2021-08-30-02-22-26-utc-395x200-1.jpg\" alt=\"imagem de Portal de Sa\u00fade Mental\">\n            <\/div>\n\n            <div class=\"card-content\">\n                <div class=\"d-flex flex-wrap align-items-center gap-3\">\n                    <span class=\"categoria\">\n                        Neuroc\u00eancia                    <\/span>\n                    <span class=\"data-post\">\n                                            <\/span>\n                <\/div>\n\n                <h3>Portal de Sa\u00fade Mental<\/h3>\n\n                <p class=\"card-text\">Fa\u00e7a testes psicol\u00f3gicos online, saiba mais sobre a sua personalidade, seus valores, relacionamentos e muito mais. Receba ainda resultados personalizados que v\u00e3o te ajudar a cuidar cada vez melhor da sua sa\u00fade mental<\/p>\n\n                <div class=\"card-footer\">\n                    <span>Leia mais<\/span>\n                    <i class=\"bi bi-chevron-right\"><\/i>\n                <\/div>\n            <\/div>\n        <\/a>\n        \t\t\t\t<\/div>\n\t\t\t\t<\/div>\n\t\t<div class=\"elementor-element elementor-element-c5a1d7f e-con-full e-flex e-con e-child\" data-id=\"c5a1d7f\" data-element_type=\"container\">\n\t\t\t\t<\/div>\n\t\t<div class=\"elementor-element elementor-element-fae5e35 e-con-full e-flex e-con e-child\" data-id=\"fae5e35\" data-element_type=\"container\">\n\t\t\t\t<\/div>\n\t\t\t\t\t<\/div>\n\t\t\t\t<\/div>\n\t\t\t\t<\/div>\n\t\t","protected":false},"excerpt":{"rendered":"<p>Servi\u00e7os Home Os servi\u00e7os representam uma parte fundamental da economia, caracterizando-se por atividades que envolvem a presta\u00e7\u00e3o de solu\u00e7\u00f5es, atendimentos ou fun\u00e7\u00f5es que n\u00e3o resultam em um produto f\u00edsico, mas entregam valor ao cliente. Diferentes setores, como sa\u00fade, educa\u00e7\u00e3o, transporte, tecnologia e entretenimento, dependem diretamente de servi\u00e7os para funcionar. Eles podem ser prestados por profissionais [&hellip;]<\/p>\n","protected":false},"author":1,"featured_media":0,"parent":0,"menu_order":0,"comment_status":"closed","ping_status":"closed","template":"","meta":{"_acf_changed":false,"footnotes":""},"class_list":["post-9257","page","type-page","status-publish","hentry"],"acf":[],"yoast_head":"<!-- This site is optimized with the Yoast SEO plugin v27.3 - https:\/\/yoast.com\/product\/yoast-seo-wordpress\/ -->\n<title>Servi\u00e7os - IDOR - Instituto D&#039;Or de Pesquisa e Ensino<\/title>\n<link rel=\"canonical\" href=\"https:\/\/www.rededorsaoluiz.com.br\/instituto\/idor\/servicos\/\" \/>\n<meta property=\"og:locale\" content=\"pt_BR\" \/>\n<meta property=\"og:type\" content=\"article\" \/>\n<meta property=\"og:title\" content=\"Servi\u00e7os - IDOR - Instituto D&#039;Or de Pesquisa e Ensino\" \/>\n<meta property=\"og:description\" content=\"Servi\u00e7os Home Os servi\u00e7os representam uma parte fundamental da economia, caracterizando-se por atividades que envolvem a presta\u00e7\u00e3o de solu\u00e7\u00f5es, atendimentos ou fun\u00e7\u00f5es que n\u00e3o resultam em um produto f\u00edsico, mas entregam valor ao cliente. Diferentes setores, como sa\u00fade, educa\u00e7\u00e3o, transporte, tecnologia e entretenimento, dependem diretamente de servi\u00e7os para funcionar. Eles podem ser prestados por profissionais [&hellip;]\" \/>\n<meta property=\"og:url\" content=\"https:\/\/www.rededorsaoluiz.com.br\/instituto\/idor\/servicos\/\" \/>\n<meta property=\"og:site_name\" content=\"IDOR - Instituto D&#039;Or de Pesquisa e Ensino\" \/>\n<meta property=\"article:modified_time\" content=\"2025-12-11T14:51:07+00:00\" \/>\n<meta property=\"og:image\" content=\"https:\/\/ptbr.idor.org\/wp-content\/uploads\/2025\/12\/scientist.png\" \/>\n<meta name=\"twitter:card\" content=\"summary_large_image\" \/>\n<meta name=\"twitter:label1\" content=\"Est. tempo de leitura\" \/>\n\t<meta name=\"twitter:data1\" content=\"1 minuto\" \/>\n<script type=\"application\/ld+json\" class=\"yoast-schema-graph\">{\"@context\":\"https:\\\/\\\/schema.org\",\"@graph\":[{\"@type\":\"WebPage\",\"@id\":\"https:\\\/\\\/www.rededorsaoluiz.com.br\\\/instituto\\\/idor\\\/servicos\\\/\",\"url\":\"https:\\\/\\\/www.rededorsaoluiz.com.br\\\/instituto\\\/idor\\\/servicos\\\/\",\"name\":\"Servi\u00e7os - IDOR - Instituto D&#039;Or de Pesquisa e Ensino\",\"isPartOf\":{\"@id\":\"https:\\\/\\\/www.rededorsaoluiz.com.br\\\/instituto\\\/idor\\\/#website\"},\"primaryImageOfPage\":{\"@id\":\"https:\\\/\\\/www.rededorsaoluiz.com.br\\\/instituto\\\/idor\\\/servicos\\\/#primaryimage\"},\"image\":{\"@id\":\"https:\\\/\\\/www.rededorsaoluiz.com.br\\\/instituto\\\/idor\\\/servicos\\\/#primaryimage\"},\"thumbnailUrl\":\"https:\\\/\\\/ptbr.idor.org\\\/wp-content\\\/uploads\\\/2025\\\/12\\\/scientist.png\",\"datePublished\":\"2025-12-05T20:19:47+00:00\",\"dateModified\":\"2025-12-11T14:51:07+00:00\",\"breadcrumb\":{\"@id\":\"https:\\\/\\\/www.rededorsaoluiz.com.br\\\/instituto\\\/idor\\\/servicos\\\/#breadcrumb\"},\"inLanguage\":\"pt-BR\",\"potentialAction\":[{\"@type\":\"ReadAction\",\"target\":[\"https:\\\/\\\/www.rededorsaoluiz.com.br\\\/instituto\\\/idor\\\/servicos\\\/\"]}]},{\"@type\":\"ImageObject\",\"inLanguage\":\"pt-BR\",\"@id\":\"https:\\\/\\\/www.rededorsaoluiz.com.br\\\/instituto\\\/idor\\\/servicos\\\/#primaryimage\",\"url\":\"https:\\\/\\\/ptbr.idor.org\\\/wp-content\\\/uploads\\\/2025\\\/12\\\/scientist.png\",\"contentUrl\":\"https:\\\/\\\/ptbr.idor.org\\\/wp-content\\\/uploads\\\/2025\\\/12\\\/scientist.png\"},{\"@type\":\"BreadcrumbList\",\"@id\":\"https:\\\/\\\/www.rededorsaoluiz.com.br\\\/instituto\\\/idor\\\/servicos\\\/#breadcrumb\",\"itemListElement\":[{\"@type\":\"ListItem\",\"position\":1,\"name\":\"In\u00edcio\",\"item\":\"https:\\\/\\\/www.rededorsaoluiz.com.br\\\/instituto\\\/idor\\\/\"},{\"@type\":\"ListItem\",\"position\":2,\"name\":\"Servi\u00e7os\"}]},{\"@type\":\"WebSite\",\"@id\":\"https:\\\/\\\/www.rededorsaoluiz.com.br\\\/instituto\\\/idor\\\/#website\",\"url\":\"https:\\\/\\\/www.rededorsaoluiz.com.br\\\/instituto\\\/idor\\\/\",\"name\":\"IDOR - Instituto D&#039;Or de Pesquisa e Ensino\",\"description\":\"\",\"potentialAction\":[{\"@type\":\"SearchAction\",\"target\":{\"@type\":\"EntryPoint\",\"urlTemplate\":\"https:\\\/\\\/www.rededorsaoluiz.com.br\\\/instituto\\\/idor\\\/?s={search_term_string}\"},\"query-input\":{\"@type\":\"PropertyValueSpecification\",\"valueRequired\":true,\"valueName\":\"search_term_string\"}}],\"inLanguage\":\"pt-BR\"}]}<\/script>\n<!-- \/ Yoast SEO plugin. -->","yoast_head_json":{"title":"Servi\u00e7os - IDOR - Instituto D&#039;Or de Pesquisa e Ensino","canonical":"https:\/\/www.rededorsaoluiz.com.br\/instituto\/idor\/servicos\/","og_locale":"pt_BR","og_type":"article","og_title":"Servi\u00e7os - IDOR - Instituto D&#039;Or de Pesquisa e Ensino","og_description":"Servi\u00e7os Home Os servi\u00e7os representam uma parte fundamental da economia, caracterizando-se por atividades que envolvem a presta\u00e7\u00e3o de solu\u00e7\u00f5es, atendimentos ou fun\u00e7\u00f5es que n\u00e3o resultam em um produto f\u00edsico, mas entregam valor ao cliente. Diferentes setores, como sa\u00fade, educa\u00e7\u00e3o, transporte, tecnologia e entretenimento, dependem diretamente de servi\u00e7os para funcionar. Eles podem ser prestados por profissionais [&hellip;]","og_url":"https:\/\/www.rededorsaoluiz.com.br\/instituto\/idor\/servicos\/","og_site_name":"IDOR - Instituto D&#039;Or de Pesquisa e Ensino","article_modified_time":"2025-12-11T14:51:07+00:00","og_image":[{"url":"https:\/\/ptbr.idor.org\/wp-content\/uploads\/2025\/12\/scientist.png","type":"","width":"","height":""}],"twitter_card":"summary_large_image","twitter_misc":{"Est. tempo de leitura":"1 minuto"},"schema":{"@context":"https:\/\/schema.org","@graph":[{"@type":"WebPage","@id":"https:\/\/www.rededorsaoluiz.com.br\/instituto\/idor\/servicos\/","url":"https:\/\/www.rededorsaoluiz.com.br\/instituto\/idor\/servicos\/","name":"Servi\u00e7os - IDOR - Instituto D&#039;Or de Pesquisa e Ensino","isPartOf":{"@id":"https:\/\/www.rededorsaoluiz.com.br\/instituto\/idor\/#website"},"primaryImageOfPage":{"@id":"https:\/\/www.rededorsaoluiz.com.br\/instituto\/idor\/servicos\/#primaryimage"},"image":{"@id":"https:\/\/www.rededorsaoluiz.com.br\/instituto\/idor\/servicos\/#primaryimage"},"thumbnailUrl":"https:\/\/ptbr.idor.org\/wp-content\/uploads\/2025\/12\/scientist.png","datePublished":"2025-12-05T20:19:47+00:00","dateModified":"2025-12-11T14:51:07+00:00","breadcrumb":{"@id":"https:\/\/www.rededorsaoluiz.com.br\/instituto\/idor\/servicos\/#breadcrumb"},"inLanguage":"pt-BR","potentialAction":[{"@type":"ReadAction","target":["https:\/\/www.rededorsaoluiz.com.br\/instituto\/idor\/servicos\/"]}]},{"@type":"ImageObject","inLanguage":"pt-BR","@id":"https:\/\/www.rededorsaoluiz.com.br\/instituto\/idor\/servicos\/#primaryimage","url":"https:\/\/ptbr.idor.org\/wp-content\/uploads\/2025\/12\/scientist.png","contentUrl":"https:\/\/ptbr.idor.org\/wp-content\/uploads\/2025\/12\/scientist.png"},{"@type":"BreadcrumbList","@id":"https:\/\/www.rededorsaoluiz.com.br\/instituto\/idor\/servicos\/#breadcrumb","itemListElement":[{"@type":"ListItem","position":1,"name":"In\u00edcio","item":"https:\/\/www.rededorsaoluiz.com.br\/instituto\/idor\/"},{"@type":"ListItem","position":2,"name":"Servi\u00e7os"}]},{"@type":"WebSite","@id":"https:\/\/www.rededorsaoluiz.com.br\/instituto\/idor\/#website","url":"https:\/\/www.rededorsaoluiz.com.br\/instituto\/idor\/","name":"IDOR - Instituto D&#039;Or de Pesquisa e Ensino","description":"","potentialAction":[{"@type":"SearchAction","target":{"@type":"EntryPoint","urlTemplate":"https:\/\/www.rededorsaoluiz.com.br\/instituto\/idor\/?s={search_term_string}"},"query-input":{"@type":"PropertyValueSpecification","valueRequired":true,"valueName":"search_term_string"}}],"inLanguage":"pt-BR"}]}},"_links":{"self":[{"href":"https:\/\/www.rededorsaoluiz.com.br\/instituto\/idor\/wp-json\/wp\/v2\/pages\/9257","targetHints":{"allow":["GET"]}}],"collection":[{"href":"https:\/\/www.rededorsaoluiz.com.br\/instituto\/idor\/wp-json\/wp\/v2\/pages"}],"about":[{"href":"https:\/\/www.rededorsaoluiz.com.br\/instituto\/idor\/wp-json\/wp\/v2\/types\/page"}],"author":[{"embeddable":true,"href":"https:\/\/www.rededorsaoluiz.com.br\/instituto\/idor\/wp-json\/wp\/v2\/users\/1"}],"replies":[{"embeddable":true,"href":"https:\/\/www.rededorsaoluiz.com.br\/instituto\/idor\/wp-json\/wp\/v2\/comments?post=9257"}],"version-history":[{"count":20,"href":"https:\/\/www.rededorsaoluiz.com.br\/instituto\/idor\/wp-json\/wp\/v2\/pages\/9257\/revisions"}],"predecessor-version":[{"id":16332,"href":"https:\/\/www.rededorsaoluiz.com.br\/instituto\/idor\/wp-json\/wp\/v2\/pages\/9257\/revisions\/16332"}],"wp:attachment":[{"href":"https:\/\/www.rededorsaoluiz.com.br\/instituto\/idor\/wp-json\/wp\/v2\/media?parent=9257"}],"curies":[{"name":"wp","href":"https:\/\/api.w.org\/{rel}","templated":true}]}}