{"id":9464,"date":"2025-12-05T17:29:32","date_gmt":"2025-12-05T20:29:32","guid":{"rendered":"https:\/\/ptbr.idor.org\/?page_id=9464"},"modified":"2026-04-08T17:29:43","modified_gmt":"2026-04-08T20:29:43","slug":"projetos","status":"publish","type":"page","link":"https:\/\/www.rededorsaoluiz.com.br\/instituto\/idor\/pesquisa\/projetos\/","title":{"rendered":"Projetos"},"content":{"rendered":"\t\t<div data-elementor-type=\"wp-page\" data-elementor-id=\"9464\" class=\"elementor elementor-9464\" data-elementor-post-type=\"page\">\n\t\t\t\t<div class=\"elementor-element elementor-element-4ba1ae3 e-flex e-con-boxed e-con e-parent\" data-id=\"4ba1ae3\" data-element_type=\"container\" data-settings=\"{&quot;background_background&quot;:&quot;slideshow&quot;,&quot;background_slideshow_gallery&quot;:[{&quot;id&quot;:16238,&quot;url&quot;:&quot;https:\\\/\\\/www.rededorsaoluiz.com.br\/instituto\/idor\\\/wp-content\\\/uploads\\\/2026\\\/01\\\/bannner01novonovo-1.png&quot;}],&quot;background_slideshow_loop&quot;:&quot;yes&quot;,&quot;background_slideshow_slide_duration&quot;:5000,&quot;background_slideshow_slide_transition&quot;:&quot;fade&quot;,&quot;background_slideshow_transition_duration&quot;:500}\">\n\t\t\t\t\t<div class=\"e-con-inner\">\n\t\t\t\t<div class=\"elementor-element elementor-element-e8636ee elementor-widget elementor-widget-title-idor\" data-id=\"e8636ee\" data-element_type=\"widget\" data-widget_type=\"title-idor.default\">\n\t\t\t\t<div class=\"elementor-widget-container\">\n\t\t\t\t\t        <div class=\"title-idor-widget\">\n            <h2 class=\"title\">Projetos<\/h2>\n        <\/div>\n        \t\t\t\t<\/div>\n\t\t\t\t<\/div>\n\t\t\t\t<div class=\"elementor-element elementor-element-710603a elementor-widget elementor-widget-breadcrumb-idor\" data-id=\"710603a\" data-element_type=\"widget\" data-widget_type=\"breadcrumb-idor.default\">\n\t\t\t\t<div class=\"elementor-widget-container\">\n\t\t\t\t\t        <div class=\"breadcrumb-widget\">\n                                                <a href=\"https:\/\/www.rededorsaoluiz.com.br\/instituto\/idor\/\">Home<\/a>\n                                \n                                    <img decoding=\"async\" src=\"https:\/\/www.rededorsaoluiz.com.br\/instituto\/idor\/wp-content\/themes\/idor-novo-wp\/assets\/svg\/avancar.svg\" alt=\"Seta de separador\">\n                                                                <a href=\"https:\/\/www.rededorsaoluiz.com.br\/instituto\/idor\/pesquisa\/\">Pesquisa<\/a>\n                                \n                                    <\/div>\n        \t\t\t\t<\/div>\n\t\t\t\t<\/div>\n\t\t\t\t\t<\/div>\n\t\t\t\t<\/div>\n\t\t<div class=\"elementor-element elementor-element-6ccb0b2 e-flex e-con-boxed e-con e-parent\" data-id=\"6ccb0b2\" data-element_type=\"container\">\n\t\t\t\t\t<div class=\"e-con-inner\">\n\t\t<div class=\"elementor-element elementor-element-563daaa e-con-full e-flex e-con e-child\" data-id=\"563daaa\" data-element_type=\"container\">\n\t\t<a class=\"elementor-element elementor-element-0a45742 e-con-full e-flex e-con e-child\" data-id=\"0a45742\" data-element_type=\"container\" href=\"https:\/\/www.rededorsaoluiz.com.br\/instituto\/idor\/pesquisa\/projetos\/submissao-de-projetos-nape\/\">\n\t\t\t\t<div class=\"elementor-element elementor-element-1bb61c8 elementor-widget elementor-widget-image\" data-id=\"1bb61c8\" data-element_type=\"widget\" data-widget_type=\"image.default\">\n\t\t\t\t\t\t\t\t\t\t\t\t\t\t\t<img fetchpriority=\"high\" decoding=\"async\" width=\"413\" height=\"260\" src=\"https:\/\/www.rededorsaoluiz.com.br\/instituto\/idor\/wp-content\/uploads\/2025\/12\/Placeholder-Image-7.jpg\" class=\"attachment-large size-large wp-image-15190\" alt=\"\" srcset=\"https:\/\/www.rededorsaoluiz.com.br\/instituto\/idor\/wp-content\/uploads\/2025\/12\/Placeholder-Image-7.jpg 413w, https:\/\/www.rededorsaoluiz.com.br\/instituto\/idor\/wp-content\/uploads\/2025\/12\/Placeholder-Image-7-300x189.jpg 300w\" sizes=\"(max-width: 413px) 100vw, 413px\" \/>\t\t\t\t\t\t\t\t\t\t\t\t\t\t\t<\/div>\n\t\t\t\t<div class=\"elementor-element elementor-element-fc51b7d elementor-widget elementor-widget-title-idor\" data-id=\"fc51b7d\" data-element_type=\"widget\" data-widget_type=\"title-idor.default\">\n\t\t\t\t<div class=\"elementor-widget-container\">\n\t\t\t\t\t        <div class=\"title-idor-widget\">\n            <h3 class=\"title\">Submiss\u00e3o de Projetos (NAPE)<\/h3>\n        <\/div>\n        \t\t\t\t<\/div>\n\t\t\t\t<\/div>\n\t\t\t\t<div class=\"elementor-element elementor-element-087273d elementor-widget elementor-widget-texto\" data-id=\"087273d\" data-element_type=\"widget\" data-widget_type=\"texto.default\">\n\t\t\t\t<div class=\"elementor-widget-container\">\n\t\t\t\t\t        <div class=\"texto-widget\">\n            <p>Criado em 2019, o N\u00facleo de Apoio \u00e0 Pesquisa e Ensino (NAPE) do Instituto D\u2019Or de Pesquisa e Ensino (IDOR)\u00a0<\/p>        <\/div>\n        \t\t\t\t<\/div>\n\t\t\t\t<\/div>\n\t\t\t\t<\/a>\n\t\t<a class=\"elementor-element elementor-element-57cf894 e-con-full e-flex e-con e-child\" data-id=\"57cf894\" data-element_type=\"container\" href=\"https:\/\/www.rededorsaoluiz.com.br\/instituto\/idor\/pesquisa\/projetos\/comite-de-etica-em-pesquisa-cep\/\">\n\t\t\t\t<div class=\"elementor-element elementor-element-14c42c9 elementor-widget elementor-widget-image\" data-id=\"14c42c9\" data-element_type=\"widget\" data-widget_type=\"image.default\">\n\t\t\t\t\t\t\t\t\t\t\t\t\t\t\t<img decoding=\"async\" width=\"413\" height=\"260\" src=\"https:\/\/www.rededorsaoluiz.com.br\/instituto\/idor\/wp-content\/uploads\/2025\/12\/Placeholder-Image-8.jpg\" class=\"attachment-large size-large wp-image-15191\" alt=\"\" srcset=\"https:\/\/www.rededorsaoluiz.com.br\/instituto\/idor\/wp-content\/uploads\/2025\/12\/Placeholder-Image-8.jpg 413w, https:\/\/www.rededorsaoluiz.com.br\/instituto\/idor\/wp-content\/uploads\/2025\/12\/Placeholder-Image-8-300x189.jpg 300w\" sizes=\"(max-width: 413px) 100vw, 413px\" \/>\t\t\t\t\t\t\t\t\t\t\t\t\t\t\t<\/div>\n\t\t\t\t<div class=\"elementor-element elementor-element-d3295b2 elementor-widget elementor-widget-title-idor\" data-id=\"d3295b2\" data-element_type=\"widget\" data-widget_type=\"title-idor.default\">\n\t\t\t\t<div class=\"elementor-widget-container\">\n\t\t\t\t\t        <div class=\"title-idor-widget\">\n            <h3 class=\"title\">Comit\u00ea de \u00c9tica em Pesquisa (CEP)<\/h3>\n        <\/div>\n        \t\t\t\t<\/div>\n\t\t\t\t<\/div>\n\t\t\t\t<div class=\"elementor-element elementor-element-8b14049 elementor-widget elementor-widget-texto\" data-id=\"8b14049\" data-element_type=\"widget\" data-widget_type=\"texto.default\">\n\t\t\t\t<div class=\"elementor-widget-container\">\n\t\t\t\t\t        <div class=\"texto-widget\">\n            <p>Os Comit\u00eas de \u00c9tica em Pesquisa (CEP) s\u00e3o colegiados interdisciplinares e independentes, obrigat\u00f3rios nas institui\u00e7\u00f5es que realizam pesquisas.<\/p>        <\/div>\n        \t\t\t\t<\/div>\n\t\t\t\t<\/div>\n\t\t\t\t<\/a>\n\t\t<a class=\"elementor-element elementor-element-a460ddf e-con-full e-flex e-con e-child\" data-id=\"a460ddf\" data-element_type=\"container\" href=\"https:\/\/www.rededorsaoluiz.com.br\/instituto\/idor\/pesquisa\/projetos\/api\/\">\n\t\t\t\t<div class=\"elementor-element elementor-element-8718175 elementor-widget elementor-widget-image\" data-id=\"8718175\" data-element_type=\"widget\" data-widget_type=\"image.default\">\n\t\t\t\t\t\t\t\t\t\t\t\t\t\t\t<img decoding=\"async\" width=\"413\" height=\"260\" src=\"https:\/\/www.rededorsaoluiz.com.br\/instituto\/idor\/wp-content\/uploads\/2025\/12\/Placeholder-Image-9.jpg\" class=\"attachment-large size-large wp-image-15192\" alt=\"\" srcset=\"https:\/\/www.rededorsaoluiz.com.br\/instituto\/idor\/wp-content\/uploads\/2025\/12\/Placeholder-Image-9.jpg 413w, https:\/\/www.rededorsaoluiz.com.br\/instituto\/idor\/wp-content\/uploads\/2025\/12\/Placeholder-Image-9-300x189.jpg 300w\" sizes=\"(max-width: 413px) 100vw, 413px\" \/>\t\t\t\t\t\t\t\t\t\t\t\t\t\t\t<\/div>\n\t\t\t\t<div class=\"elementor-element elementor-element-9a70237 elementor-widget elementor-widget-title-idor\" data-id=\"9a70237\" data-element_type=\"widget\" data-widget_type=\"title-idor.default\">\n\t\t\t\t<div class=\"elementor-widget-container\">\n\t\t\t\t\t        <div class=\"title-idor-widget\">\n            <h3 class=\"title\">API<\/h3>\n        <\/div>\n        \t\t\t\t<\/div>\n\t\t\t\t<\/div>\n\t\t\t\t<div class=\"elementor-element elementor-element-89d4732 elementor-widget elementor-widget-texto\" data-id=\"89d4732\" data-element_type=\"widget\" data-widget_type=\"texto.default\">\n\t\t\t\t<div class=\"elementor-widget-container\">\n\t\t\t\t\t        <div class=\"texto-widget\">\n            <p>A Plataforma API (Assist\u00eancia &amp; Pesquisa Integradas) \u00e9 uma iniciativa inovadora de\u00a0IDOR e Oncologia D\u2019Or\u00a0<\/p>        <\/div>\n        \t\t\t\t<\/div>\n\t\t\t\t<\/div>\n\t\t\t\t<\/a>\n\t\t\t\t<\/div>\n\t\t<div class=\"elementor-element elementor-element-c1039a9 e-con-full e-flex e-con e-child\" data-id=\"c1039a9\" data-element_type=\"container\">\n\t\t<a class=\"elementor-element elementor-element-5aafb3a e-con-full e-flex e-con e-child\" data-id=\"5aafb3a\" data-element_type=\"container\" href=\"https:\/\/www.rededorsaoluiz.com.br\/instituto\/idor\/pesquisa\/projetos\/projeto-bridge\/\">\n\t\t\t\t<div class=\"elementor-element elementor-element-39d5d94 elementor-widget elementor-widget-image\" data-id=\"39d5d94\" data-element_type=\"widget\" data-widget_type=\"image.default\">\n\t\t\t\t\t\t\t\t\t\t\t\t\t\t\t<img loading=\"lazy\" decoding=\"async\" width=\"1024\" height=\"683\" src=\"https:\/\/www.rededorsaoluiz.com.br\/instituto\/idor\/wp-content\/uploads\/2025\/12\/descrio_geral-_gere_uma_imagem_realista_clean_e_cinematogrfica_com_estilo_institucional_e_elegante__s3gu5fzwm8c1yuujwacs_1-1.jpg\" class=\"attachment-large size-large wp-image-13060\" alt=\"\" srcset=\"https:\/\/www.rededorsaoluiz.com.br\/instituto\/idor\/wp-content\/uploads\/2025\/12\/descrio_geral-_gere_uma_imagem_realista_clean_e_cinematogrfica_com_estilo_institucional_e_elegante__s3gu5fzwm8c1yuujwacs_1-1.jpg 1024w, https:\/\/www.rededorsaoluiz.com.br\/instituto\/idor\/wp-content\/uploads\/2025\/12\/descrio_geral-_gere_uma_imagem_realista_clean_e_cinematogrfica_com_estilo_institucional_e_elegante__s3gu5fzwm8c1yuujwacs_1-1-300x200.jpg 300w, https:\/\/www.rededorsaoluiz.com.br\/instituto\/idor\/wp-content\/uploads\/2025\/12\/descrio_geral-_gere_uma_imagem_realista_clean_e_cinematogrfica_com_estilo_institucional_e_elegante__s3gu5fzwm8c1yuujwacs_1-1-768x512.jpg 768w\" sizes=\"(max-width: 1024px) 100vw, 1024px\" \/>\t\t\t\t\t\t\t\t\t\t\t\t\t\t\t<\/div>\n\t\t\t\t<div class=\"elementor-element elementor-element-98e99bf elementor-widget elementor-widget-title-idor\" data-id=\"98e99bf\" data-element_type=\"widget\" data-widget_type=\"title-idor.default\">\n\t\t\t\t<div class=\"elementor-widget-container\">\n\t\t\t\t\t        <div class=\"title-idor-widget\">\n            <h3 class=\"title\">Projeto BRIDGE<\/h3>\n        <\/div>\n        \t\t\t\t<\/div>\n\t\t\t\t<\/div>\n\t\t\t\t<div class=\"elementor-element elementor-element-ef0d9e9 elementor-widget elementor-widget-texto\" data-id=\"ef0d9e9\" data-element_type=\"widget\" data-widget_type=\"texto.default\">\n\t\t\t\t<div class=\"elementor-widget-container\">\n\t\t\t\t\t        <div class=\"texto-widget\">\n            <p>Promovendo a Governan\u00e7a e Inova\u00e7\u00e3o no Compartilhamento de Dados de Neuroimagem e Sa\u00fade Mental<\/p>        <\/div>\n        \t\t\t\t<\/div>\n\t\t\t\t<\/div>\n\t\t\t\t<\/a>\n\t\t<a class=\"elementor-element elementor-element-810b29e e-con-full e-flex e-con e-child\" data-id=\"810b29e\" data-element_type=\"container\" href=\"https:\/\/www.rededorsaoluiz.com.br\/instituto\/idor\/pesquisa\/ferias-com-ciencia\/\">\n\t\t\t\t<div class=\"elementor-element elementor-element-621f2a1 elementor-widget elementor-widget-image\" data-id=\"621f2a1\" data-element_type=\"widget\" data-widget_type=\"image.default\">\n\t\t\t\t\t\t\t\t\t\t\t\t\t\t\t<img loading=\"lazy\" decoding=\"async\" width=\"1024\" height=\"683\" src=\"https:\/\/www.rededorsaoluiz.com.br\/instituto\/idor\/wp-content\/uploads\/2025\/12\/nbbvvc-1024x683.png\" class=\"attachment-large size-large wp-image-6079\" alt=\"\" srcset=\"https:\/\/www.rededorsaoluiz.com.br\/instituto\/idor\/wp-content\/uploads\/2025\/12\/nbbvvc-1024x683.png 1024w, https:\/\/www.rededorsaoluiz.com.br\/instituto\/idor\/wp-content\/uploads\/2025\/12\/nbbvvc-300x200.png 300w, https:\/\/www.rededorsaoluiz.com.br\/instituto\/idor\/wp-content\/uploads\/2025\/12\/nbbvvc-768x512.png 768w, https:\/\/www.rededorsaoluiz.com.br\/instituto\/idor\/wp-content\/uploads\/2025\/12\/nbbvvc-1536x1024.png 1536w, https:\/\/www.rededorsaoluiz.com.br\/instituto\/idor\/wp-content\/uploads\/2025\/12\/nbbvvc-2048x1365.png 2048w\" sizes=\"(max-width: 1024px) 100vw, 1024px\" \/>\t\t\t\t\t\t\t\t\t\t\t\t\t\t\t<\/div>\n\t\t\t\t<div class=\"elementor-element elementor-element-19abf3f elementor-widget elementor-widget-title-idor\" data-id=\"19abf3f\" data-element_type=\"widget\" data-widget_type=\"title-idor.default\">\n\t\t\t\t<div class=\"elementor-widget-container\">\n\t\t\t\t\t        <div class=\"title-idor-widget\">\n            <h3 class=\"title\">F\u00e9rias com Ci\u00eancia<\/h3>\n        <\/div>\n        \t\t\t\t<\/div>\n\t\t\t\t<\/div>\n\t\t\t\t<div class=\"elementor-element elementor-element-9a8f3dc elementor-widget elementor-widget-texto\" data-id=\"9a8f3dc\" data-element_type=\"widget\" data-widget_type=\"texto.default\">\n\t\t\t\t<div class=\"elementor-widget-container\">\n\t\t\t\t\t        <div class=\"texto-widget\">\n            <p>Durante 5 dias, voc\u00ea ter\u00e1 a oportunidade de explorar os bastidores da ci\u00eancia, descobrindo segredos por tr\u00e1s da concep\u00e7\u00e3o, execu\u00e7\u00e3o e publica\u00e7\u00e3o de resultados de uma pesquisa cient\u00edfica.<\/p>        <\/div>\n        \t\t\t\t<\/div>\n\t\t\t\t<\/div>\n\t\t\t\t<\/a>\n\t\t<a class=\"elementor-element elementor-element-d3e590a e-con-full e-flex e-con e-child\" data-id=\"d3e590a\" data-element_type=\"container\" href=\"https:\/\/www.rededorsaoluiz.com.br\/instituto\/idor\/pesquisa\/projetos\/summer-research-program\/\">\n\t\t\t\t<div class=\"elementor-element elementor-element-93f345b elementor-widget elementor-widget-image\" data-id=\"93f345b\" data-element_type=\"widget\" data-widget_type=\"image.default\">\n\t\t\t\t\t\t\t\t\t\t\t\t\t\t\t<img loading=\"lazy\" decoding=\"async\" width=\"1024\" height=\"683\" src=\"https:\/\/www.rededorsaoluiz.com.br\/instituto\/idor\/wp-content\/uploads\/2025\/12\/scientists-wearing-lab-coats-and-protective-eyewea-2025-08-26-11-06-50-utc-1024x683.jpg\" class=\"attachment-large size-large wp-image-6045\" alt=\"\" srcset=\"https:\/\/www.rededorsaoluiz.com.br\/instituto\/idor\/wp-content\/uploads\/2025\/12\/scientists-wearing-lab-coats-and-protective-eyewea-2025-08-26-11-06-50-utc-1024x683.jpg 1024w, https:\/\/www.rededorsaoluiz.com.br\/instituto\/idor\/wp-content\/uploads\/2025\/12\/scientists-wearing-lab-coats-and-protective-eyewea-2025-08-26-11-06-50-utc-300x200.jpg 300w, https:\/\/www.rededorsaoluiz.com.br\/instituto\/idor\/wp-content\/uploads\/2025\/12\/scientists-wearing-lab-coats-and-protective-eyewea-2025-08-26-11-06-50-utc-768x512.jpg 768w, https:\/\/www.rededorsaoluiz.com.br\/instituto\/idor\/wp-content\/uploads\/2025\/12\/scientists-wearing-lab-coats-and-protective-eyewea-2025-08-26-11-06-50-utc-1536x1024.jpg 1536w, https:\/\/www.rededorsaoluiz.com.br\/instituto\/idor\/wp-content\/uploads\/2025\/12\/scientists-wearing-lab-coats-and-protective-eyewea-2025-08-26-11-06-50-utc-2048x1365.jpg 2048w\" sizes=\"(max-width: 1024px) 100vw, 1024px\" \/>\t\t\t\t\t\t\t\t\t\t\t\t\t\t\t<\/div>\n\t\t\t\t<div class=\"elementor-element elementor-element-5aa9c03 elementor-widget elementor-widget-title-idor\" data-id=\"5aa9c03\" data-element_type=\"widget\" data-widget_type=\"title-idor.default\">\n\t\t\t\t<div class=\"elementor-widget-container\">\n\t\t\t\t\t        <div class=\"title-idor-widget\">\n            <h3 class=\"title\">Summer Research Program<\/h3>\n        <\/div>\n        \t\t\t\t<\/div>\n\t\t\t\t<\/div>\n\t\t\t\t<div class=\"elementor-element elementor-element-89bc6e8 elementor-widget elementor-widget-texto\" data-id=\"89bc6e8\" data-element_type=\"widget\" data-widget_type=\"texto.default\">\n\t\t\t\t<div class=\"elementor-widget-container\">\n\t\t\t\t\t        <div class=\"texto-widget\">\n            <p>Passe de 2 a 4 semanas no Instituto D\u2019Or de Pesquisa e Educa\u00e7\u00e3o (IDOR), trabalhando com pesquisadores e adquirindo experi\u00eancia pr\u00e1tica sobre como funciona o processo de pesquisa cient\u00edfica.<\/p>        <\/div>\n        \t\t\t\t<\/div>\n\t\t\t\t<\/div>\n\t\t\t\t<\/a>\n\t\t\t\t<\/div>\n\t\t\t\t\t<\/div>\n\t\t\t\t<\/div>\n\t\t\t\t<\/div>\n\t\t","protected":false},"excerpt":{"rendered":"<p>Projetos Home Pesquisa Submiss\u00e3o de Projetos (NAPE) Criado em 2019, o N\u00facleo de Apoio \u00e0 Pesquisa e Ensino (NAPE) do Instituto D\u2019Or de Pesquisa e Ensino (IDOR)\u00a0 Comit\u00ea de \u00c9tica em Pesquisa (CEP) Os Comit\u00eas de \u00c9tica em Pesquisa (CEP) s\u00e3o colegiados interdisciplinares e independentes, obrigat\u00f3rios nas institui\u00e7\u00f5es que realizam pesquisas. API A Plataforma API [&hellip;]<\/p>\n","protected":false},"author":1,"featured_media":0,"parent":58,"menu_order":0,"comment_status":"closed","ping_status":"closed","template":"","meta":{"_acf_changed":false,"footnotes":""},"class_list":["post-9464","page","type-page","status-publish","hentry"],"acf":[],"yoast_head":"<!-- This site is optimized with the Yoast SEO plugin v27.3 - https:\/\/yoast.com\/product\/yoast-seo-wordpress\/ -->\n<title>Projetos - IDOR - Instituto D&#039;Or de Pesquisa e Ensino<\/title>\n<link rel=\"canonical\" href=\"https:\/\/ptbr.idor.org\/pesquisa\/projetos\/\" \/>\n<meta property=\"og:locale\" content=\"pt_BR\" \/>\n<meta property=\"og:type\" content=\"article\" \/>\n<meta property=\"og:title\" content=\"Projetos - IDOR - Instituto D&#039;Or de Pesquisa e Ensino\" \/>\n<meta property=\"og:description\" content=\"Projetos Home Pesquisa Submiss\u00e3o de Projetos (NAPE) Criado em 2019, o N\u00facleo de Apoio \u00e0 Pesquisa e Ensino (NAPE) do Instituto D\u2019Or de Pesquisa e Ensino (IDOR)\u00a0 Comit\u00ea de \u00c9tica em Pesquisa (CEP) Os Comit\u00eas de \u00c9tica em Pesquisa (CEP) s\u00e3o colegiados interdisciplinares e independentes, obrigat\u00f3rios nas institui\u00e7\u00f5es que realizam pesquisas. API A Plataforma API [&hellip;]\" \/>\n<meta property=\"og:url\" content=\"https:\/\/ptbr.idor.org\/pesquisa\/projetos\/\" \/>\n<meta property=\"og:site_name\" content=\"IDOR - Instituto D&#039;Or de Pesquisa e Ensino\" \/>\n<meta property=\"article:modified_time\" content=\"2026-04-08T20:29:43+00:00\" \/>\n<meta property=\"og:image\" content=\"https:\/\/ptbr.idor.org\/wp-content\/themes\/idor-novo-wp\/assets\/svg\/avancar.svg\" \/>\n<meta name=\"twitter:card\" content=\"summary_large_image\" \/>\n<meta name=\"twitter:label1\" content=\"Est. tempo de leitura\" \/>\n\t<meta name=\"twitter:data1\" content=\"2 minutos\" \/>\n<script type=\"application\/ld+json\" class=\"yoast-schema-graph\">{\"@context\":\"https:\\\/\\\/schema.org\",\"@graph\":[{\"@type\":\"WebPage\",\"@id\":\"https:\\\/\\\/ptbr.idor.org\\\/pesquisa\\\/projetos\\\/\",\"url\":\"https:\\\/\\\/ptbr.idor.org\\\/pesquisa\\\/projetos\\\/\",\"name\":\"Projetos - IDOR - Instituto D&#039;Or de Pesquisa e Ensino\",\"isPartOf\":{\"@id\":\"https:\\\/\\\/ptbr.idor.org\\\/#website\"},\"primaryImageOfPage\":{\"@id\":\"https:\\\/\\\/ptbr.idor.org\\\/pesquisa\\\/projetos\\\/#primaryimage\"},\"image\":{\"@id\":\"https:\\\/\\\/ptbr.idor.org\\\/pesquisa\\\/projetos\\\/#primaryimage\"},\"thumbnailUrl\":\"https:\\\/\\\/ptbr.idor.org\\\/wp-content\\\/themes\\\/idor-novo-wp\\\/assets\\\/svg\\\/avancar.svg\",\"datePublished\":\"2025-12-05T20:29:32+00:00\",\"dateModified\":\"2026-04-08T20:29:43+00:00\",\"breadcrumb\":{\"@id\":\"https:\\\/\\\/ptbr.idor.org\\\/pesquisa\\\/projetos\\\/#breadcrumb\"},\"inLanguage\":\"pt-BR\",\"potentialAction\":[{\"@type\":\"ReadAction\",\"target\":[\"https:\\\/\\\/ptbr.idor.org\\\/pesquisa\\\/projetos\\\/\"]}]},{\"@type\":\"ImageObject\",\"inLanguage\":\"pt-BR\",\"@id\":\"https:\\\/\\\/ptbr.idor.org\\\/pesquisa\\\/projetos\\\/#primaryimage\",\"url\":\"https:\\\/\\\/ptbr.idor.org\\\/wp-content\\\/themes\\\/idor-novo-wp\\\/assets\\\/svg\\\/avancar.svg\",\"contentUrl\":\"https:\\\/\\\/ptbr.idor.org\\\/wp-content\\\/themes\\\/idor-novo-wp\\\/assets\\\/svg\\\/avancar.svg\"},{\"@type\":\"BreadcrumbList\",\"@id\":\"https:\\\/\\\/ptbr.idor.org\\\/pesquisa\\\/projetos\\\/#breadcrumb\",\"itemListElement\":[{\"@type\":\"ListItem\",\"position\":1,\"name\":\"In\u00edcio\",\"item\":\"https:\\\/\\\/ptbr.idor.org\\\/\"},{\"@type\":\"ListItem\",\"position\":2,\"name\":\"Pesquisa\",\"item\":\"https:\\\/\\\/ptbr.idor.org\\\/pesquisa\\\/\"},{\"@type\":\"ListItem\",\"position\":3,\"name\":\"Projetos\"}]},{\"@type\":\"WebSite\",\"@id\":\"https:\\\/\\\/ptbr.idor.org\\\/#website\",\"url\":\"https:\\\/\\\/ptbr.idor.org\\\/\",\"name\":\"IDOR - Instituto D&#039;Or de Pesquisa e Ensino\",\"description\":\"\",\"potentialAction\":[{\"@type\":\"SearchAction\",\"target\":{\"@type\":\"EntryPoint\",\"urlTemplate\":\"https:\\\/\\\/ptbr.idor.org\\\/?s={search_term_string}\"},\"query-input\":{\"@type\":\"PropertyValueSpecification\",\"valueRequired\":true,\"valueName\":\"search_term_string\"}}],\"inLanguage\":\"pt-BR\"}]}<\/script>\n<!-- \/ Yoast SEO plugin. -->","yoast_head_json":{"title":"Projetos - IDOR - Instituto D&#039;Or de Pesquisa e Ensino","canonical":"https:\/\/ptbr.idor.org\/pesquisa\/projetos\/","og_locale":"pt_BR","og_type":"article","og_title":"Projetos - IDOR - Instituto D&#039;Or de Pesquisa e Ensino","og_description":"Projetos Home Pesquisa Submiss\u00e3o de Projetos (NAPE) Criado em 2019, o N\u00facleo de Apoio \u00e0 Pesquisa e Ensino (NAPE) do Instituto D\u2019Or de Pesquisa e Ensino (IDOR)\u00a0 Comit\u00ea de \u00c9tica em Pesquisa (CEP) Os Comit\u00eas de \u00c9tica em Pesquisa (CEP) s\u00e3o colegiados interdisciplinares e independentes, obrigat\u00f3rios nas institui\u00e7\u00f5es que realizam pesquisas. API A Plataforma API [&hellip;]","og_url":"https:\/\/ptbr.idor.org\/pesquisa\/projetos\/","og_site_name":"IDOR - Instituto D&#039;Or de Pesquisa e Ensino","article_modified_time":"2026-04-08T20:29:43+00:00","og_image":[{"url":"https:\/\/ptbr.idor.org\/wp-content\/themes\/idor-novo-wp\/assets\/svg\/avancar.svg","type":"","width":"","height":""}],"twitter_card":"summary_large_image","twitter_misc":{"Est. tempo de leitura":"2 minutos"},"schema":{"@context":"https:\/\/schema.org","@graph":[{"@type":"WebPage","@id":"https:\/\/ptbr.idor.org\/pesquisa\/projetos\/","url":"https:\/\/ptbr.idor.org\/pesquisa\/projetos\/","name":"Projetos - IDOR - Instituto D&#039;Or de Pesquisa e Ensino","isPartOf":{"@id":"https:\/\/ptbr.idor.org\/#website"},"primaryImageOfPage":{"@id":"https:\/\/ptbr.idor.org\/pesquisa\/projetos\/#primaryimage"},"image":{"@id":"https:\/\/ptbr.idor.org\/pesquisa\/projetos\/#primaryimage"},"thumbnailUrl":"https:\/\/ptbr.idor.org\/wp-content\/themes\/idor-novo-wp\/assets\/svg\/avancar.svg","datePublished":"2025-12-05T20:29:32+00:00","dateModified":"2026-04-08T20:29:43+00:00","breadcrumb":{"@id":"https:\/\/ptbr.idor.org\/pesquisa\/projetos\/#breadcrumb"},"inLanguage":"pt-BR","potentialAction":[{"@type":"ReadAction","target":["https:\/\/ptbr.idor.org\/pesquisa\/projetos\/"]}]},{"@type":"ImageObject","inLanguage":"pt-BR","@id":"https:\/\/ptbr.idor.org\/pesquisa\/projetos\/#primaryimage","url":"https:\/\/ptbr.idor.org\/wp-content\/themes\/idor-novo-wp\/assets\/svg\/avancar.svg","contentUrl":"https:\/\/ptbr.idor.org\/wp-content\/themes\/idor-novo-wp\/assets\/svg\/avancar.svg"},{"@type":"BreadcrumbList","@id":"https:\/\/ptbr.idor.org\/pesquisa\/projetos\/#breadcrumb","itemListElement":[{"@type":"ListItem","position":1,"name":"In\u00edcio","item":"https:\/\/ptbr.idor.org\/"},{"@type":"ListItem","position":2,"name":"Pesquisa","item":"https:\/\/ptbr.idor.org\/pesquisa\/"},{"@type":"ListItem","position":3,"name":"Projetos"}]},{"@type":"WebSite","@id":"https:\/\/ptbr.idor.org\/#website","url":"https:\/\/ptbr.idor.org\/","name":"IDOR - Instituto D&#039;Or de Pesquisa e Ensino","description":"","potentialAction":[{"@type":"SearchAction","target":{"@type":"EntryPoint","urlTemplate":"https:\/\/ptbr.idor.org\/?s={search_term_string}"},"query-input":{"@type":"PropertyValueSpecification","valueRequired":true,"valueName":"search_term_string"}}],"inLanguage":"pt-BR"}]}},"_links":{"self":[{"href":"https:\/\/www.rededorsaoluiz.com.br\/instituto\/idor\/wp-json\/wp\/v2\/pages\/9464","targetHints":{"allow":["GET"]}}],"collection":[{"href":"https:\/\/www.rededorsaoluiz.com.br\/instituto\/idor\/wp-json\/wp\/v2\/pages"}],"about":[{"href":"https:\/\/www.rededorsaoluiz.com.br\/instituto\/idor\/wp-json\/wp\/v2\/types\/page"}],"author":[{"embeddable":true,"href":"https:\/\/www.rededorsaoluiz.com.br\/instituto\/idor\/wp-json\/wp\/v2\/users\/1"}],"replies":[{"embeddable":true,"href":"https:\/\/www.rededorsaoluiz.com.br\/instituto\/idor\/wp-json\/wp\/v2\/comments?post=9464"}],"version-history":[{"count":35,"href":"https:\/\/www.rededorsaoluiz.com.br\/instituto\/idor\/wp-json\/wp\/v2\/pages\/9464\/revisions"}],"predecessor-version":[{"id":19441,"href":"https:\/\/www.rededorsaoluiz.com.br\/instituto\/idor\/wp-json\/wp\/v2\/pages\/9464\/revisions\/19441"}],"up":[{"embeddable":true,"href":"https:\/\/www.rededorsaoluiz.com.br\/instituto\/idor\/wp-json\/wp\/v2\/pages\/58"}],"wp:attachment":[{"href":"https:\/\/www.rededorsaoluiz.com.br\/instituto\/idor\/wp-json\/wp\/v2\/media?parent=9464"}],"curies":[{"name":"wp","href":"https:\/\/api.w.org\/{rel}","templated":true}]}}